{"id":785,"date":"2023-01-26T23:07:44","date_gmt":"2023-01-26T22:07:44","guid":{"rendered":"https:\/\/gevaliapolska.pl\/?post_type=product&#038;p=785"},"modified":"2026-02-24T20:41:09","modified_gmt":"2026-02-24T19:41:09","slug":"anthon-berg-dark-sea-salt-80g","status":"publish","type":"product","link":"https:\/\/gevaliapolska.pl\/home\/produkt\/anthon-berg-dark-sea-salt-80g\/","title":{"rendered":"Czekolada Anthon Berg Dark Sea Salt 80g"},"content":{"rendered":"<p>Anton Berg&#8217;s Fine Chocolate Tablet Dark Sea Salt to wykwintna gorzka czekolada z sol\u0105 morsk\u0105. Idealny jako przek\u0105ska lub do delektowania si\u0119 dobr\u0105 fili\u017cank\u0105 kawywa), naturalna wanilia. Mo\u017ce zawiera\u0107 \u015bladowe ilo\u015bci mleka i orzech\u00f3w.<\/p>\n<h2>Warto\u015bci od\u017cywcze (na 100 g)<\/h2>\n<table border=\"1\" cellspacing=\"0\" cellpadding=\"6\">\n<thead>\n<tr>\n<th>Sk\u0142adnik<\/th>\n<th>Warto\u015b\u0107<\/th>\n<\/tr>\n<\/thead>\n<tbody>\n<tr>\n<td>Warto\u015b\u0107 energetyczna<\/td>\n<td>2264 kJ \/ 544 kcal<\/td>\n<\/tr>\n<tr>\n<td>T\u0142uszcz<\/td>\n<td>35 g<\/td>\n<\/tr>\n<tr>\n<td>\u2013 w tym kwasy t\u0142uszczowe nasycone<\/td>\n<td>21 g<\/td>\n<\/tr>\n<tr>\n<td>W\u0119glowodany<\/td>\n<td>48 g<\/td>\n<\/tr>\n<tr>\n<td>\u2013 w tym cukry<\/td>\n<td>46 g<\/td>\n<\/tr>\n<tr>\n<td>Bia\u0142ko<\/td>\n<td>4,7 g<\/td>\n<\/tr>\n<tr>\n<td>S\u00f3l<\/td>\n<td>0,26 g<\/td>\n<\/tr>\n<\/tbody>\n<\/table>\n<p>&nbsp;<\/p>\n","protected":false},"excerpt":{"rendered":"<p>Anton Berg&#8217;s Fine Chocolate Tablet Dark Sea Salt to wykwintna gorzka czekolada z sol\u0105 morsk\u0105. Idealny jako przek\u0105ska lub do delektowania si\u0119 dobr\u0105 fili\u017cank\u0105 kawywa), naturalna wanilia. Mo\u017ce zawiera\u0107 \u015bladowe ilo\u015bci mleka i orzech\u00f3w.<\/p>\n","protected":false},"featured_media":2430,"comment_status":"open","ping_status":"closed","template":"","meta":[],"product_brand":[],"product_cat":[176,50,112],"product_tag":[17],"class_list":{"0":"post-785","1":"product","2":"type-product","3":"status-publish","4":"has-post-thumbnail","6":"product_cat-anthon-berg-marki","7":"product_cat-czekolada","8":"product_cat-anthon-berg-czekolady","9":"product_tag-anthon-berg","11":"first","12":"instock","13":"shipping-taxable","14":"purchasable","15":"product-type-simple"},"yoast_head":"<!-- This site is optimized with the Yoast SEO plugin v25.1 - https:\/\/yoast.com\/wordpress\/plugins\/seo\/ -->\n<title>Czekolada Anthon Berg Dark Sea Salt 80g - gevaliapolska<\/title>\n<meta name=\"description\" content=\"Anthon Berg A Matter of Taste 55% Kakao 80g \u2013 delikatna ciemna czekolada z nut\u0105 s\u0142odyczy. Doskona\u0142a do kawy, wypiek\u00f3w i codziennych przyjemno\u015bci.\" \/>\n<meta name=\"robots\" content=\"index, follow, max-snippet:-1, max-image-preview:large, max-video-preview:-1\" \/>\n<link rel=\"canonical\" href=\"https:\/\/gevaliapolska.pl\/home\/produkt\/anthon-berg-dark-sea-salt-80g\/\" \/>\n<meta property=\"og:locale\" content=\"pl_PL\" \/>\n<meta property=\"og:type\" content=\"article\" \/>\n<meta property=\"og:title\" content=\"Czekolada Anthon Berg Dark Sea Salt 80g - gevaliapolska\" \/>\n<meta property=\"og:description\" content=\"Anthon Berg A Matter of Taste 55% Kakao 80g \u2013 delikatna ciemna czekolada z nut\u0105 s\u0142odyczy. Doskona\u0142a do kawy, wypiek\u00f3w i codziennych przyjemno\u015bci.\" \/>\n<meta property=\"og:url\" content=\"https:\/\/gevaliapolska.pl\/home\/produkt\/anthon-berg-dark-sea-salt-80g\/\" \/>\n<meta property=\"og:site_name\" content=\"gevaliapolska\" \/>\n<meta property=\"article:publisher\" content=\"https:\/\/www.facebook.com\/konsultimpex.anthonberg\/\" \/>\n<meta property=\"article:modified_time\" content=\"2026-02-24T19:41:09+00:00\" \/>\n<meta property=\"og:image\" content=\"https:\/\/gevaliapolska.pl\/wp-content\/uploads\/2023\/01\/5774540138008.600x600.png\" \/>\n\t<meta property=\"og:image:width\" content=\"291\" \/>\n\t<meta property=\"og:image:height\" content=\"600\" \/>\n\t<meta property=\"og:image:type\" content=\"image\/png\" \/>\n<meta name=\"twitter:card\" content=\"summary_large_image\" \/>\n<meta name=\"twitter:label1\" content=\"Szacowany czas czytania\" \/>\n\t<meta name=\"twitter:data1\" content=\"1 minuta\" \/>\n<script type=\"application\/ld+json\" class=\"yoast-schema-graph\">{\"@context\":\"https:\/\/schema.org\",\"@graph\":[{\"@type\":\"WebPage\",\"@id\":\"https:\/\/gevaliapolska.pl\/home\/produkt\/anthon-berg-dark-sea-salt-80g\/\",\"url\":\"https:\/\/gevaliapolska.pl\/home\/produkt\/anthon-berg-dark-sea-salt-80g\/\",\"name\":\"Czekolada Anthon Berg Dark Sea Salt 80g - gevaliapolska\",\"isPartOf\":{\"@id\":\"https:\/\/gevaliapolska.pl\/home\/#website\"},\"primaryImageOfPage\":{\"@id\":\"https:\/\/gevaliapolska.pl\/home\/produkt\/anthon-berg-dark-sea-salt-80g\/#primaryimage\"},\"image\":{\"@id\":\"https:\/\/gevaliapolska.pl\/home\/produkt\/anthon-berg-dark-sea-salt-80g\/#primaryimage\"},\"thumbnailUrl\":\"https:\/\/gevaliapolska.pl\/wp-content\/uploads\/2023\/01\/5774540138008.600x600.png\",\"datePublished\":\"2023-01-26T22:07:44+00:00\",\"dateModified\":\"2026-02-24T19:41:09+00:00\",\"description\":\"Anthon Berg A Matter of Taste 55% Kakao 80g \u2013 delikatna ciemna czekolada z nut\u0105 s\u0142odyczy. Doskona\u0142a do kawy, wypiek\u00f3w i codziennych przyjemno\u015bci.\",\"breadcrumb\":{\"@id\":\"https:\/\/gevaliapolska.pl\/home\/produkt\/anthon-berg-dark-sea-salt-80g\/#breadcrumb\"},\"inLanguage\":\"pl-PL\",\"potentialAction\":[{\"@type\":\"ReadAction\",\"target\":[\"https:\/\/gevaliapolska.pl\/home\/produkt\/anthon-berg-dark-sea-salt-80g\/\"]}]},{\"@type\":\"ImageObject\",\"inLanguage\":\"pl-PL\",\"@id\":\"https:\/\/gevaliapolska.pl\/home\/produkt\/anthon-berg-dark-sea-salt-80g\/#primaryimage\",\"url\":\"https:\/\/gevaliapolska.pl\/wp-content\/uploads\/2023\/01\/5774540138008.600x600.png\",\"contentUrl\":\"https:\/\/gevaliapolska.pl\/wp-content\/uploads\/2023\/01\/5774540138008.600x600.png\",\"width\":291,\"height\":600},{\"@type\":\"BreadcrumbList\",\"@id\":\"https:\/\/gevaliapolska.pl\/home\/produkt\/anthon-berg-dark-sea-salt-80g\/#breadcrumb\",\"itemListElement\":[{\"@type\":\"ListItem\",\"position\":1,\"name\":\"Strona g\u0142\u00f3wna\",\"item\":\"https:\/\/gevaliapolska.pl\/home\/\"},{\"@type\":\"ListItem\",\"position\":2,\"name\":\"Sklep\",\"item\":\"https:\/\/gevaliapolska.pl\/home\/home\/sklep\/\"},{\"@type\":\"ListItem\",\"position\":3,\"name\":\"Czekolada Anthon Berg Dark Sea Salt 80g\"}]},{\"@type\":\"WebSite\",\"@id\":\"https:\/\/gevaliapolska.pl\/home\/#website\",\"url\":\"https:\/\/gevaliapolska.pl\/home\/\",\"name\":\"gevaliapolska\",\"description\":\"Sklep ze s\u0142odyczami i kaw\u0105 Anthon Berg, Marabou, Toms, Daim, Gevalia, Tchibo\",\"publisher\":{\"@id\":\"https:\/\/gevaliapolska.pl\/home\/#organization\"},\"potentialAction\":[{\"@type\":\"SearchAction\",\"target\":{\"@type\":\"EntryPoint\",\"urlTemplate\":\"https:\/\/gevaliapolska.pl\/home\/?s={search_term_string}\"},\"query-input\":{\"@type\":\"PropertyValueSpecification\",\"valueRequired\":true,\"valueName\":\"search_term_string\"}}],\"inLanguage\":\"pl-PL\"},{\"@type\":\"Organization\",\"@id\":\"https:\/\/gevaliapolska.pl\/home\/#organization\",\"name\":\"Konsult Impex Sp. z o.o.\",\"url\":\"https:\/\/gevaliapolska.pl\/home\/\",\"logo\":{\"@type\":\"ImageObject\",\"inLanguage\":\"pl-PL\",\"@id\":\"https:\/\/gevaliapolska.pl\/home\/#\/schema\/logo\/image\/\",\"url\":\"https:\/\/gevaliapolska.pl\/wp-content\/uploads\/2021\/02\/konsulimpex-3.svg\",\"contentUrl\":\"https:\/\/gevaliapolska.pl\/wp-content\/uploads\/2021\/02\/konsulimpex-3.svg\",\"caption\":\"Konsult Impex Sp. z o.o.\"},\"image\":{\"@id\":\"https:\/\/gevaliapolska.pl\/home\/#\/schema\/logo\/image\/\"},\"sameAs\":[\"https:\/\/www.facebook.com\/konsultimpex.anthonberg\/\"]}]}<\/script>\n<!-- \/ Yoast SEO plugin. -->","yoast_head_json":{"title":"Czekolada Anthon Berg Dark Sea Salt 80g - gevaliapolska","description":"Anthon Berg A Matter of Taste 55% Kakao 80g \u2013 delikatna ciemna czekolada z nut\u0105 s\u0142odyczy. Doskona\u0142a do kawy, wypiek\u00f3w i codziennych przyjemno\u015bci.","robots":{"index":"index","follow":"follow","max-snippet":"max-snippet:-1","max-image-preview":"max-image-preview:large","max-video-preview":"max-video-preview:-1"},"canonical":"https:\/\/gevaliapolska.pl\/home\/produkt\/anthon-berg-dark-sea-salt-80g\/","og_locale":"pl_PL","og_type":"article","og_title":"Czekolada Anthon Berg Dark Sea Salt 80g - gevaliapolska","og_description":"Anthon Berg A Matter of Taste 55% Kakao 80g \u2013 delikatna ciemna czekolada z nut\u0105 s\u0142odyczy. Doskona\u0142a do kawy, wypiek\u00f3w i codziennych przyjemno\u015bci.","og_url":"https:\/\/gevaliapolska.pl\/home\/produkt\/anthon-berg-dark-sea-salt-80g\/","og_site_name":"gevaliapolska","article_publisher":"https:\/\/www.facebook.com\/konsultimpex.anthonberg\/","article_modified_time":"2026-02-24T19:41:09+00:00","og_image":[{"width":291,"height":600,"url":"https:\/\/gevaliapolska.pl\/wp-content\/uploads\/2023\/01\/5774540138008.600x600.png","type":"image\/png"}],"twitter_card":"summary_large_image","twitter_misc":{"Szacowany czas czytania":"1 minuta"},"schema":{"@context":"https:\/\/schema.org","@graph":[{"@type":"WebPage","@id":"https:\/\/gevaliapolska.pl\/home\/produkt\/anthon-berg-dark-sea-salt-80g\/","url":"https:\/\/gevaliapolska.pl\/home\/produkt\/anthon-berg-dark-sea-salt-80g\/","name":"Czekolada Anthon Berg Dark Sea Salt 80g - gevaliapolska","isPartOf":{"@id":"https:\/\/gevaliapolska.pl\/home\/#website"},"primaryImageOfPage":{"@id":"https:\/\/gevaliapolska.pl\/home\/produkt\/anthon-berg-dark-sea-salt-80g\/#primaryimage"},"image":{"@id":"https:\/\/gevaliapolska.pl\/home\/produkt\/anthon-berg-dark-sea-salt-80g\/#primaryimage"},"thumbnailUrl":"https:\/\/gevaliapolska.pl\/wp-content\/uploads\/2023\/01\/5774540138008.600x600.png","datePublished":"2023-01-26T22:07:44+00:00","dateModified":"2026-02-24T19:41:09+00:00","description":"Anthon Berg A Matter of Taste 55% Kakao 80g \u2013 delikatna ciemna czekolada z nut\u0105 s\u0142odyczy. Doskona\u0142a do kawy, wypiek\u00f3w i codziennych przyjemno\u015bci.","breadcrumb":{"@id":"https:\/\/gevaliapolska.pl\/home\/produkt\/anthon-berg-dark-sea-salt-80g\/#breadcrumb"},"inLanguage":"pl-PL","potentialAction":[{"@type":"ReadAction","target":["https:\/\/gevaliapolska.pl\/home\/produkt\/anthon-berg-dark-sea-salt-80g\/"]}]},{"@type":"ImageObject","inLanguage":"pl-PL","@id":"https:\/\/gevaliapolska.pl\/home\/produkt\/anthon-berg-dark-sea-salt-80g\/#primaryimage","url":"https:\/\/gevaliapolska.pl\/wp-content\/uploads\/2023\/01\/5774540138008.600x600.png","contentUrl":"https:\/\/gevaliapolska.pl\/wp-content\/uploads\/2023\/01\/5774540138008.600x600.png","width":291,"height":600},{"@type":"BreadcrumbList","@id":"https:\/\/gevaliapolska.pl\/home\/produkt\/anthon-berg-dark-sea-salt-80g\/#breadcrumb","itemListElement":[{"@type":"ListItem","position":1,"name":"Strona g\u0142\u00f3wna","item":"https:\/\/gevaliapolska.pl\/home\/"},{"@type":"ListItem","position":2,"name":"Sklep","item":"https:\/\/gevaliapolska.pl\/home\/home\/sklep\/"},{"@type":"ListItem","position":3,"name":"Czekolada Anthon Berg Dark Sea Salt 80g"}]},{"@type":"WebSite","@id":"https:\/\/gevaliapolska.pl\/home\/#website","url":"https:\/\/gevaliapolska.pl\/home\/","name":"gevaliapolska","description":"Sklep ze s\u0142odyczami i kaw\u0105 Anthon Berg, Marabou, Toms, Daim, Gevalia, Tchibo","publisher":{"@id":"https:\/\/gevaliapolska.pl\/home\/#organization"},"potentialAction":[{"@type":"SearchAction","target":{"@type":"EntryPoint","urlTemplate":"https:\/\/gevaliapolska.pl\/home\/?s={search_term_string}"},"query-input":{"@type":"PropertyValueSpecification","valueRequired":true,"valueName":"search_term_string"}}],"inLanguage":"pl-PL"},{"@type":"Organization","@id":"https:\/\/gevaliapolska.pl\/home\/#organization","name":"Konsult Impex Sp. z o.o.","url":"https:\/\/gevaliapolska.pl\/home\/","logo":{"@type":"ImageObject","inLanguage":"pl-PL","@id":"https:\/\/gevaliapolska.pl\/home\/#\/schema\/logo\/image\/","url":"https:\/\/gevaliapolska.pl\/wp-content\/uploads\/2021\/02\/konsulimpex-3.svg","contentUrl":"https:\/\/gevaliapolska.pl\/wp-content\/uploads\/2021\/02\/konsulimpex-3.svg","caption":"Konsult Impex Sp. z o.o."},"image":{"@id":"https:\/\/gevaliapolska.pl\/home\/#\/schema\/logo\/image\/"},"sameAs":["https:\/\/www.facebook.com\/konsultimpex.anthonberg\/"]}]}},"jetpack_sharing_enabled":true,"_links":{"self":[{"href":"https:\/\/gevaliapolska.pl\/home\/wp-json\/wp\/v2\/product\/785","targetHints":{"allow":["GET"]}}],"collection":[{"href":"https:\/\/gevaliapolska.pl\/home\/wp-json\/wp\/v2\/product"}],"about":[{"href":"https:\/\/gevaliapolska.pl\/home\/wp-json\/wp\/v2\/types\/product"}],"replies":[{"embeddable":true,"href":"https:\/\/gevaliapolska.pl\/home\/wp-json\/wp\/v2\/comments?post=785"}],"wp:featuredmedia":[{"embeddable":true,"href":"https:\/\/gevaliapolska.pl\/home\/wp-json\/wp\/v2\/media\/2430"}],"wp:attachment":[{"href":"https:\/\/gevaliapolska.pl\/home\/wp-json\/wp\/v2\/media?parent=785"}],"wp:term":[{"taxonomy":"product_brand","embeddable":true,"href":"https:\/\/gevaliapolska.pl\/home\/wp-json\/wp\/v2\/product_brand?post=785"},{"taxonomy":"product_cat","embeddable":true,"href":"https:\/\/gevaliapolska.pl\/home\/wp-json\/wp\/v2\/product_cat?post=785"},{"taxonomy":"product_tag","embeddable":true,"href":"https:\/\/gevaliapolska.pl\/home\/wp-json\/wp\/v2\/product_tag?post=785"}],"curies":[{"name":"wp","href":"https:\/\/api.w.org\/{rel}","templated":true}]}}