{"id":534,"date":"2021-04-25T16:57:09","date_gmt":"2021-04-25T14:57:09","guid":{"rendered":"https:\/\/gevaliapolska.pl\/?post_type=product&#038;p=534"},"modified":"2025-04-24T21:19:17","modified_gmt":"2025-04-24T19:19:17","slug":"rigoni-di-asiago-fiordifruta-bio-gruszka-250g","status":"publish","type":"product","link":"https:\/\/gevaliapolska.pl\/home\/produkt\/rigoni-di-asiago-fiordifruta-bio-gruszka-250g\/","title":{"rendered":"Rigoni di Asiago Fiordifruta Bio Gruszka 250g"},"content":{"rendered":"<p>Pyszna pasta owocowa o wyj\u0105tkowym aromacie dojrza\u0142ej gruszki<\/p>\n<p>Jesie\u0144 to czas gruszki! Dzi\u0119ki organicznym owocom gruszki firmy Rigoni di Asiago mo\u017cesz cieszy\u0107 si\u0119 pysznymi owocami przez ca\u0142y rok. Wyselekcjonowane dojrza\u0142e owoce pochodz\u0105ce z certyfikowanych upraw ekologicznych zapewniaj\u0105 wyj\u0105tkowy aromat d\u017cemu. W smaku szczeg\u00f3lnie podoba nam si\u0119 cudownie \u0142agodna s\u0142odycz, charakterystyczna dla gruszek.<\/p>\n<p>G\u0142\u00f3wn\u0105 rol\u0119 odgrywa gruszka<\/p>\n<p>Gruszki zawieraj\u0105 ma\u0142o kwasu owocowego. To sprawia, \u017ce \u200b\u200bs\u0105 \u0142agodne w smaku. S\u0105 bogate w b\u0142onnik, a jednocze\u015bnie lekkostrawne. Owoc zawiera r\u00f3wnie\u017c wiele witamin i minera\u0142\u00f3w. Wi\u0119c gruszki s\u0105 zdecydowanie zdrowe. Do kremu gruszkowego Rigoni di Asiago nie dodaje si\u0119 cukru. S\u0142odki smak zawdzi\u0119czaj\u0105 samej gruszce i zawartemu w nich sokowi jab\u0142kowemu. \u017belatyna r\u00f3wnie\u017c nie jest u\u017cywana. Alternatywnie u\u017cywa si\u0119 tutaj pektyny ro\u015blinnej. Wi\u0119c d\u017cem jest te\u017c czym\u015b dla wegan.<\/p>\n<p>O owocowym smaku<\/p>\n<p>Dzi\u0119ki organicznym owocom gruszki firmy Rigoni di Asiago mo\u017cesz uszlachetni\u0107 czekoladowe desery i lody. D\u017cem dobrze komponuje si\u0119 r\u00f3wnie\u017c z owsiank\u0105 z kaszy manny i nale\u015bnikami. Doskonale komponuje si\u0119 r\u00f3wnie\u017c z serem. Kieliszek organicznych owoc\u00f3w gruszki firmy Rigoni di Asiago to r\u00f3wnie\u017c zawsze mi\u0142y pomys\u0142 na prezent dla przyjaci\u00f3\u0142 o dobrym gu\u015bcie.<\/p>\n<p>Ten produkt nie zawiera \u017cadnych sk\u0142adnik\u00f3w, kt\u00f3re s\u0105 prawnie wymagane do oznakowania i kt\u00f3re mog\u0142yby wywo\u0142a\u0107 reakcje alergiczne lub inne reakcje nietolerancji<\/p>\n<p>* = Sk\u0142adniki pochodz\u0105ce z upraw ekologicznych<\/p>\n<p>Ten produkt nie zawiera \u017cadnych sk\u0142adnik\u00f3w, kt\u00f3re s\u0105 prawnie wymagane do oznakowania i kt\u00f3re mog\u0142yby wywo\u0142a\u0107 reakcje alergiczne lub inne reakcje nietolerancji.<\/p>\n<p>* Sk\u0142adniki pochodz\u0105ce z upraw ekologicznych<\/p>\n<p>Ten produkt nie zawiera \u017cadnych sk\u0142adnik\u00f3w, kt\u00f3re s\u0105 prawnie wymagane do oznakowania i kt\u00f3re mog\u0142yby wywo\u0142a\u0107 reakcje alergiczne lub inne reakcje nietolerancji.<\/p>\n","protected":false},"excerpt":{"rendered":"<p>Pyszna pasta owocowa o wyj\u0105tkowym aromacie dojrza\u0142ej gruszki<\/p>\n<p>Jesie\u0144 to czas gruszki! Dzi\u0119ki organicznym owocom gruszki firmy Rigoni di Asiago mo\u017cesz cieszy\u0107 si\u0119 pysznymi owocami przez ca\u0142y rok. Wyselekcjonowane dojrza\u0142e owoce pochodz\u0105ce z certyfikowanych upraw ekologicznych zapewniaj\u0105 wyj\u0105tkowy aromat d\u017cemu. W smaku szczeg\u00f3lnie podoba nam si\u0119 cudownie \u0142agodna s\u0142odycz, charakterystyczna dla gruszek.<\/p>\n","protected":false},"featured_media":535,"comment_status":"open","ping_status":"closed","template":"","meta":[],"product_brand":[],"product_cat":[23,24,180],"product_tag":[25],"class_list":{"0":"post-534","1":"product","2":"type-product","3":"status-publish","4":"has-post-thumbnail","6":"product_cat-artykuly-spozywcze","7":"product_cat-bio-konfitury","8":"product_cat-rigoni-di-asiago-fiordifruta","9":"product_tag-rigoni-di-asiago","11":"first","12":"outofstock","13":"shipping-taxable","14":"purchasable","15":"product-type-simple"},"yoast_head":"<!-- This site is optimized with the Yoast SEO plugin v25.1 - https:\/\/yoast.com\/wordpress\/plugins\/seo\/ -->\n<title>Rigoni di Asiago Fiordifruta Bio Gruszka 250g - gevaliapolska %<\/title>\n<meta name=\"description\" content=\"%\" \/>\n<meta name=\"robots\" content=\"index, follow, max-snippet:-1, max-image-preview:large, max-video-preview:-1\" \/>\n<link rel=\"canonical\" href=\"https:\/\/gevaliapolska.pl\/home\/produkt\/rigoni-di-asiago-fiordifruta-bio-gruszka-250g\/\" \/>\n<meta property=\"og:locale\" content=\"pl_PL\" \/>\n<meta property=\"og:type\" content=\"article\" \/>\n<meta property=\"og:title\" content=\"Rigoni di Asiago Fiordifruta Bio Gruszka 250g - gevaliapolska %\" \/>\n<meta property=\"og:description\" content=\"%\" \/>\n<meta property=\"og:url\" content=\"https:\/\/gevaliapolska.pl\/home\/produkt\/rigoni-di-asiago-fiordifruta-bio-gruszka-250g\/\" \/>\n<meta property=\"og:site_name\" content=\"gevaliapolska\" \/>\n<meta property=\"article:publisher\" content=\"https:\/\/www.facebook.com\/konsultimpex.anthonberg\/\" \/>\n<meta property=\"article:modified_time\" content=\"2025-04-24T19:19:17+00:00\" \/>\n<meta property=\"og:image\" content=\"https:\/\/gevaliapolska.pl\/wp-content\/uploads\/2021\/04\/Birne.jpg\" \/>\n\t<meta property=\"og:image:width\" content=\"440\" \/>\n\t<meta property=\"og:image:height\" content=\"600\" \/>\n\t<meta property=\"og:image:type\" content=\"image\/jpeg\" \/>\n<meta name=\"twitter:card\" content=\"summary_large_image\" \/>\n<meta name=\"twitter:label1\" content=\"Szacowany czas czytania\" \/>\n\t<meta name=\"twitter:data1\" content=\"2 minuty\" \/>\n<script type=\"application\/ld+json\" class=\"yoast-schema-graph\">{\"@context\":\"https:\/\/schema.org\",\"@graph\":[{\"@type\":\"WebPage\",\"@id\":\"https:\/\/gevaliapolska.pl\/home\/produkt\/rigoni-di-asiago-fiordifruta-bio-gruszka-250g\/\",\"url\":\"https:\/\/gevaliapolska.pl\/home\/produkt\/rigoni-di-asiago-fiordifruta-bio-gruszka-250g\/\",\"name\":\"Rigoni di Asiago Fiordifruta Bio Gruszka 250g - gevaliapolska %\",\"isPartOf\":{\"@id\":\"https:\/\/gevaliapolska.pl\/home\/#website\"},\"primaryImageOfPage\":{\"@id\":\"https:\/\/gevaliapolska.pl\/home\/produkt\/rigoni-di-asiago-fiordifruta-bio-gruszka-250g\/#primaryimage\"},\"image\":{\"@id\":\"https:\/\/gevaliapolska.pl\/home\/produkt\/rigoni-di-asiago-fiordifruta-bio-gruszka-250g\/#primaryimage\"},\"thumbnailUrl\":\"https:\/\/gevaliapolska.pl\/wp-content\/uploads\/2021\/04\/Birne.jpg\",\"datePublished\":\"2021-04-25T14:57:09+00:00\",\"dateModified\":\"2025-04-24T19:19:17+00:00\",\"description\":\"%\",\"breadcrumb\":{\"@id\":\"https:\/\/gevaliapolska.pl\/home\/produkt\/rigoni-di-asiago-fiordifruta-bio-gruszka-250g\/#breadcrumb\"},\"inLanguage\":\"pl-PL\",\"potentialAction\":[{\"@type\":\"ReadAction\",\"target\":[\"https:\/\/gevaliapolska.pl\/home\/produkt\/rigoni-di-asiago-fiordifruta-bio-gruszka-250g\/\"]}]},{\"@type\":\"ImageObject\",\"inLanguage\":\"pl-PL\",\"@id\":\"https:\/\/gevaliapolska.pl\/home\/produkt\/rigoni-di-asiago-fiordifruta-bio-gruszka-250g\/#primaryimage\",\"url\":\"https:\/\/gevaliapolska.pl\/wp-content\/uploads\/2021\/04\/Birne.jpg\",\"contentUrl\":\"https:\/\/gevaliapolska.pl\/wp-content\/uploads\/2021\/04\/Birne.jpg\",\"width\":440,\"height\":600},{\"@type\":\"BreadcrumbList\",\"@id\":\"https:\/\/gevaliapolska.pl\/home\/produkt\/rigoni-di-asiago-fiordifruta-bio-gruszka-250g\/#breadcrumb\",\"itemListElement\":[{\"@type\":\"ListItem\",\"position\":1,\"name\":\"Strona g\u0142\u00f3wna\",\"item\":\"https:\/\/gevaliapolska.pl\/home\/\"},{\"@type\":\"ListItem\",\"position\":2,\"name\":\"Sklep\",\"item\":\"https:\/\/gevaliapolska.pl\/home\/home\/sklep\/\"},{\"@type\":\"ListItem\",\"position\":3,\"name\":\"Rigoni di Asiago Fiordifruta Bio Gruszka 250g\"}]},{\"@type\":\"WebSite\",\"@id\":\"https:\/\/gevaliapolska.pl\/home\/#website\",\"url\":\"https:\/\/gevaliapolska.pl\/home\/\",\"name\":\"gevaliapolska\",\"description\":\"Sklep ze s\u0142odyczami i kaw\u0105 Anthon Berg, Marabou, Toms, Daim, Gevalia, Tchibo\",\"publisher\":{\"@id\":\"https:\/\/gevaliapolska.pl\/home\/#organization\"},\"potentialAction\":[{\"@type\":\"SearchAction\",\"target\":{\"@type\":\"EntryPoint\",\"urlTemplate\":\"https:\/\/gevaliapolska.pl\/home\/?s={search_term_string}\"},\"query-input\":{\"@type\":\"PropertyValueSpecification\",\"valueRequired\":true,\"valueName\":\"search_term_string\"}}],\"inLanguage\":\"pl-PL\"},{\"@type\":\"Organization\",\"@id\":\"https:\/\/gevaliapolska.pl\/home\/#organization\",\"name\":\"Konsult Impex Sp. z o.o.\",\"url\":\"https:\/\/gevaliapolska.pl\/home\/\",\"logo\":{\"@type\":\"ImageObject\",\"inLanguage\":\"pl-PL\",\"@id\":\"https:\/\/gevaliapolska.pl\/home\/#\/schema\/logo\/image\/\",\"url\":\"https:\/\/gevaliapolska.pl\/wp-content\/uploads\/2021\/02\/konsulimpex-3.svg\",\"contentUrl\":\"https:\/\/gevaliapolska.pl\/wp-content\/uploads\/2021\/02\/konsulimpex-3.svg\",\"caption\":\"Konsult Impex Sp. z o.o.\"},\"image\":{\"@id\":\"https:\/\/gevaliapolska.pl\/home\/#\/schema\/logo\/image\/\"},\"sameAs\":[\"https:\/\/www.facebook.com\/konsultimpex.anthonberg\/\"]}]}<\/script>\n<!-- \/ Yoast SEO plugin. -->","yoast_head_json":{"title":"Rigoni di Asiago Fiordifruta Bio Gruszka 250g - gevaliapolska %","description":"%","robots":{"index":"index","follow":"follow","max-snippet":"max-snippet:-1","max-image-preview":"max-image-preview:large","max-video-preview":"max-video-preview:-1"},"canonical":"https:\/\/gevaliapolska.pl\/home\/produkt\/rigoni-di-asiago-fiordifruta-bio-gruszka-250g\/","og_locale":"pl_PL","og_type":"article","og_title":"Rigoni di Asiago Fiordifruta Bio Gruszka 250g - gevaliapolska %","og_description":"%","og_url":"https:\/\/gevaliapolska.pl\/home\/produkt\/rigoni-di-asiago-fiordifruta-bio-gruszka-250g\/","og_site_name":"gevaliapolska","article_publisher":"https:\/\/www.facebook.com\/konsultimpex.anthonberg\/","article_modified_time":"2025-04-24T19:19:17+00:00","og_image":[{"width":440,"height":600,"url":"https:\/\/gevaliapolska.pl\/wp-content\/uploads\/2021\/04\/Birne.jpg","type":"image\/jpeg"}],"twitter_card":"summary_large_image","twitter_misc":{"Szacowany czas czytania":"2 minuty"},"schema":{"@context":"https:\/\/schema.org","@graph":[{"@type":"WebPage","@id":"https:\/\/gevaliapolska.pl\/home\/produkt\/rigoni-di-asiago-fiordifruta-bio-gruszka-250g\/","url":"https:\/\/gevaliapolska.pl\/home\/produkt\/rigoni-di-asiago-fiordifruta-bio-gruszka-250g\/","name":"Rigoni di Asiago Fiordifruta Bio Gruszka 250g - gevaliapolska %","isPartOf":{"@id":"https:\/\/gevaliapolska.pl\/home\/#website"},"primaryImageOfPage":{"@id":"https:\/\/gevaliapolska.pl\/home\/produkt\/rigoni-di-asiago-fiordifruta-bio-gruszka-250g\/#primaryimage"},"image":{"@id":"https:\/\/gevaliapolska.pl\/home\/produkt\/rigoni-di-asiago-fiordifruta-bio-gruszka-250g\/#primaryimage"},"thumbnailUrl":"https:\/\/gevaliapolska.pl\/wp-content\/uploads\/2021\/04\/Birne.jpg","datePublished":"2021-04-25T14:57:09+00:00","dateModified":"2025-04-24T19:19:17+00:00","description":"%","breadcrumb":{"@id":"https:\/\/gevaliapolska.pl\/home\/produkt\/rigoni-di-asiago-fiordifruta-bio-gruszka-250g\/#breadcrumb"},"inLanguage":"pl-PL","potentialAction":[{"@type":"ReadAction","target":["https:\/\/gevaliapolska.pl\/home\/produkt\/rigoni-di-asiago-fiordifruta-bio-gruszka-250g\/"]}]},{"@type":"ImageObject","inLanguage":"pl-PL","@id":"https:\/\/gevaliapolska.pl\/home\/produkt\/rigoni-di-asiago-fiordifruta-bio-gruszka-250g\/#primaryimage","url":"https:\/\/gevaliapolska.pl\/wp-content\/uploads\/2021\/04\/Birne.jpg","contentUrl":"https:\/\/gevaliapolska.pl\/wp-content\/uploads\/2021\/04\/Birne.jpg","width":440,"height":600},{"@type":"BreadcrumbList","@id":"https:\/\/gevaliapolska.pl\/home\/produkt\/rigoni-di-asiago-fiordifruta-bio-gruszka-250g\/#breadcrumb","itemListElement":[{"@type":"ListItem","position":1,"name":"Strona g\u0142\u00f3wna","item":"https:\/\/gevaliapolska.pl\/home\/"},{"@type":"ListItem","position":2,"name":"Sklep","item":"https:\/\/gevaliapolska.pl\/home\/home\/sklep\/"},{"@type":"ListItem","position":3,"name":"Rigoni di Asiago Fiordifruta Bio Gruszka 250g"}]},{"@type":"WebSite","@id":"https:\/\/gevaliapolska.pl\/home\/#website","url":"https:\/\/gevaliapolska.pl\/home\/","name":"gevaliapolska","description":"Sklep ze s\u0142odyczami i kaw\u0105 Anthon Berg, Marabou, Toms, Daim, Gevalia, Tchibo","publisher":{"@id":"https:\/\/gevaliapolska.pl\/home\/#organization"},"potentialAction":[{"@type":"SearchAction","target":{"@type":"EntryPoint","urlTemplate":"https:\/\/gevaliapolska.pl\/home\/?s={search_term_string}"},"query-input":{"@type":"PropertyValueSpecification","valueRequired":true,"valueName":"search_term_string"}}],"inLanguage":"pl-PL"},{"@type":"Organization","@id":"https:\/\/gevaliapolska.pl\/home\/#organization","name":"Konsult Impex Sp. z o.o.","url":"https:\/\/gevaliapolska.pl\/home\/","logo":{"@type":"ImageObject","inLanguage":"pl-PL","@id":"https:\/\/gevaliapolska.pl\/home\/#\/schema\/logo\/image\/","url":"https:\/\/gevaliapolska.pl\/wp-content\/uploads\/2021\/02\/konsulimpex-3.svg","contentUrl":"https:\/\/gevaliapolska.pl\/wp-content\/uploads\/2021\/02\/konsulimpex-3.svg","caption":"Konsult Impex Sp. z o.o."},"image":{"@id":"https:\/\/gevaliapolska.pl\/home\/#\/schema\/logo\/image\/"},"sameAs":["https:\/\/www.facebook.com\/konsultimpex.anthonberg\/"]}]}},"jetpack_sharing_enabled":true,"_links":{"self":[{"href":"https:\/\/gevaliapolska.pl\/home\/wp-json\/wp\/v2\/product\/534","targetHints":{"allow":["GET"]}}],"collection":[{"href":"https:\/\/gevaliapolska.pl\/home\/wp-json\/wp\/v2\/product"}],"about":[{"href":"https:\/\/gevaliapolska.pl\/home\/wp-json\/wp\/v2\/types\/product"}],"replies":[{"embeddable":true,"href":"https:\/\/gevaliapolska.pl\/home\/wp-json\/wp\/v2\/comments?post=534"}],"wp:featuredmedia":[{"embeddable":true,"href":"https:\/\/gevaliapolska.pl\/home\/wp-json\/wp\/v2\/media\/535"}],"wp:attachment":[{"href":"https:\/\/gevaliapolska.pl\/home\/wp-json\/wp\/v2\/media?parent=534"}],"wp:term":[{"taxonomy":"product_brand","embeddable":true,"href":"https:\/\/gevaliapolska.pl\/home\/wp-json\/wp\/v2\/product_brand?post=534"},{"taxonomy":"product_cat","embeddable":true,"href":"https:\/\/gevaliapolska.pl\/home\/wp-json\/wp\/v2\/product_cat?post=534"},{"taxonomy":"product_tag","embeddable":true,"href":"https:\/\/gevaliapolska.pl\/home\/wp-json\/wp\/v2\/product_tag?post=534"}],"curies":[{"name":"wp","href":"https:\/\/api.w.org\/{rel}","templated":true}]}}