{"id":528,"date":"2021-04-25T16:54:24","date_gmt":"2021-04-25T14:54:24","guid":{"rendered":"https:\/\/gevaliapolska.pl\/?post_type=product&#038;p=528"},"modified":"2025-04-24T21:19:18","modified_gmt":"2025-04-24T19:19:18","slug":"rigoni-di-asiago-fiordifruta-bio-czarny-bez-250g","status":"publish","type":"product","link":"https:\/\/gevaliapolska.pl\/home\/produkt\/rigoni-di-asiago-fiordifruta-bio-czarny-bez-250g\/","title":{"rendered":"Rigoni di Asiago Fiordifruta Bio Czarny Bez 250g"},"content":{"rendered":"<p>Ciemne, b\u0142yszcz\u0105ce jagody czarnego bzu z Fiordifrutta dojrzewaj\u0105 na w\u0142asnych polach Rigoni di Asiago we W\u0142oszech i Bu\u0142garii lub s\u0105 uprawiane przez wybranych rolnik\u00f3w kontraktowych, kt\u00f3rzy r\u00f3wnie\u017c posiadaj\u0105 certyfikat ekologiczny.<\/p>\n<p>Fiordifrutta nie tylko fantastycznie smakuje z Twoim ulubionym rodzajem chleba, ale tak\u017ce doskonale komponuje si\u0119 z mueslis, kaszami i wzbogaca twar\u00f3g lub jogurt do smarowania, a tak\u017ce koktajle. \u015awietnie smakuj\u0105 te\u017c z nale\u015bnikami.<\/p>\n<p>Naturalny smak pe\u0142nego owocu<\/p>\n<p>Czysta przyjemno\u015b\u0107 owocowa z kontrolowanych upraw organicznych. Oto pasty owocowe Fiordifrutta z Rigoni di Asiago. \u015awie\u017co zebrane ekologiczne owoce, s\u0142odycz jab\u0142ka domowej roboty DolceDi o neutralnym smaku oraz pektyna, naturalny \u015brodek \u017celuj\u0105cy pozyskiwany z owoc\u00f3w cytrusowych, to jedyne sk\u0142adniki \u2013 wi\u0119cej owoc\u00f3w nie jest mo\u017cliwe.<\/p>\n<p>Ka\u017cda 250-gramowa szklanka Fiordifrutta zawiera oko\u0142o 1,5 kg ekologicznych owoc\u00f3w. Cecha szczeg\u00f3lna: owoce s\u0105 przetwarzane przy u\u017cyciu unikalnego procesu produkcji (d\u0142ugie mieszanie w niskich temperaturach do maksymalnie 25 \u00b0 C i tylko kr\u00f3tka pasteryzacja w szkle). W rezultacie typowy smak dojrza\u0142ych owoc\u00f3w i cenne sk\u0142adniki s\u0105 prawie ca\u0142kowicie zachowane.<\/p>\n","protected":false},"excerpt":{"rendered":"<p>Ciemne, b\u0142yszcz\u0105ce jagody czarnego bzu z Fiordifrutta dojrzewaj\u0105 na w\u0142asnych polach Rigoni di Asiago we W\u0142oszech i Bu\u0142garii lub s\u0105 uprawiane przez wybranych rolnik\u00f3w kontraktowych, kt\u00f3rzy r\u00f3wnie\u017c posiadaj\u0105 certyfikat ekologiczny.<\/p>\n","protected":false},"featured_media":529,"comment_status":"open","ping_status":"closed","template":"","meta":[],"product_brand":[],"product_cat":[23,24,180],"product_tag":[25],"class_list":{"0":"post-528","1":"product","2":"type-product","3":"status-publish","4":"has-post-thumbnail","6":"product_cat-artykuly-spozywcze","7":"product_cat-bio-konfitury","8":"product_cat-rigoni-di-asiago-fiordifruta","9":"product_tag-rigoni-di-asiago","11":"first","12":"outofstock","13":"shipping-taxable","14":"purchasable","15":"product-type-simple"},"yoast_head":"<!-- This site is optimized with the Yoast SEO plugin v25.1 - https:\/\/yoast.com\/wordpress\/plugins\/seo\/ -->\n<title>Rigoni di Asiago Fiordifruta Bio Czarny Bez 250g - gevaliapolska %<\/title>\n<meta name=\"description\" content=\"%\" \/>\n<meta name=\"robots\" content=\"index, follow, max-snippet:-1, max-image-preview:large, max-video-preview:-1\" \/>\n<link rel=\"canonical\" href=\"https:\/\/gevaliapolska.pl\/home\/produkt\/rigoni-di-asiago-fiordifruta-bio-czarny-bez-250g\/\" \/>\n<meta property=\"og:locale\" content=\"pl_PL\" \/>\n<meta property=\"og:type\" content=\"article\" \/>\n<meta property=\"og:title\" content=\"Rigoni di Asiago Fiordifruta Bio Czarny Bez 250g - gevaliapolska %\" \/>\n<meta property=\"og:description\" content=\"%\" \/>\n<meta property=\"og:url\" content=\"https:\/\/gevaliapolska.pl\/home\/produkt\/rigoni-di-asiago-fiordifruta-bio-czarny-bez-250g\/\" \/>\n<meta property=\"og:site_name\" content=\"gevaliapolska\" \/>\n<meta property=\"article:publisher\" content=\"https:\/\/www.facebook.com\/konsultimpex.anthonberg\/\" \/>\n<meta property=\"article:modified_time\" content=\"2025-04-24T19:19:18+00:00\" \/>\n<meta property=\"og:image\" content=\"https:\/\/gevaliapolska.pl\/wp-content\/uploads\/2021\/04\/6026_Rig_Holunder-BIO_250g.jpg\" \/>\n\t<meta property=\"og:image:width\" content=\"440\" \/>\n\t<meta property=\"og:image:height\" content=\"600\" \/>\n\t<meta property=\"og:image:type\" content=\"image\/jpeg\" \/>\n<meta name=\"twitter:card\" content=\"summary_large_image\" \/>\n<meta name=\"twitter:label1\" content=\"Szacowany czas czytania\" \/>\n\t<meta name=\"twitter:data1\" content=\"1 minuta\" \/>\n<script type=\"application\/ld+json\" class=\"yoast-schema-graph\">{\"@context\":\"https:\/\/schema.org\",\"@graph\":[{\"@type\":\"WebPage\",\"@id\":\"https:\/\/gevaliapolska.pl\/home\/produkt\/rigoni-di-asiago-fiordifruta-bio-czarny-bez-250g\/\",\"url\":\"https:\/\/gevaliapolska.pl\/home\/produkt\/rigoni-di-asiago-fiordifruta-bio-czarny-bez-250g\/\",\"name\":\"Rigoni di Asiago Fiordifruta Bio Czarny Bez 250g - gevaliapolska %\",\"isPartOf\":{\"@id\":\"https:\/\/gevaliapolska.pl\/home\/#website\"},\"primaryImageOfPage\":{\"@id\":\"https:\/\/gevaliapolska.pl\/home\/produkt\/rigoni-di-asiago-fiordifruta-bio-czarny-bez-250g\/#primaryimage\"},\"image\":{\"@id\":\"https:\/\/gevaliapolska.pl\/home\/produkt\/rigoni-di-asiago-fiordifruta-bio-czarny-bez-250g\/#primaryimage\"},\"thumbnailUrl\":\"https:\/\/gevaliapolska.pl\/wp-content\/uploads\/2021\/04\/6026_Rig_Holunder-BIO_250g.jpg\",\"datePublished\":\"2021-04-25T14:54:24+00:00\",\"dateModified\":\"2025-04-24T19:19:18+00:00\",\"description\":\"%\",\"breadcrumb\":{\"@id\":\"https:\/\/gevaliapolska.pl\/home\/produkt\/rigoni-di-asiago-fiordifruta-bio-czarny-bez-250g\/#breadcrumb\"},\"inLanguage\":\"pl-PL\",\"potentialAction\":[{\"@type\":\"ReadAction\",\"target\":[\"https:\/\/gevaliapolska.pl\/home\/produkt\/rigoni-di-asiago-fiordifruta-bio-czarny-bez-250g\/\"]}]},{\"@type\":\"ImageObject\",\"inLanguage\":\"pl-PL\",\"@id\":\"https:\/\/gevaliapolska.pl\/home\/produkt\/rigoni-di-asiago-fiordifruta-bio-czarny-bez-250g\/#primaryimage\",\"url\":\"https:\/\/gevaliapolska.pl\/wp-content\/uploads\/2021\/04\/6026_Rig_Holunder-BIO_250g.jpg\",\"contentUrl\":\"https:\/\/gevaliapolska.pl\/wp-content\/uploads\/2021\/04\/6026_Rig_Holunder-BIO_250g.jpg\",\"width\":440,\"height\":600},{\"@type\":\"BreadcrumbList\",\"@id\":\"https:\/\/gevaliapolska.pl\/home\/produkt\/rigoni-di-asiago-fiordifruta-bio-czarny-bez-250g\/#breadcrumb\",\"itemListElement\":[{\"@type\":\"ListItem\",\"position\":1,\"name\":\"Strona g\u0142\u00f3wna\",\"item\":\"https:\/\/gevaliapolska.pl\/home\/\"},{\"@type\":\"ListItem\",\"position\":2,\"name\":\"Sklep\",\"item\":\"https:\/\/gevaliapolska.pl\/home\/home\/sklep\/\"},{\"@type\":\"ListItem\",\"position\":3,\"name\":\"Rigoni di Asiago Fiordifruta Bio Czarny Bez 250g\"}]},{\"@type\":\"WebSite\",\"@id\":\"https:\/\/gevaliapolska.pl\/home\/#website\",\"url\":\"https:\/\/gevaliapolska.pl\/home\/\",\"name\":\"gevaliapolska\",\"description\":\"Sklep ze s\u0142odyczami i kaw\u0105 Anthon Berg, Marabou, Toms, Daim, Gevalia, Tchibo\",\"publisher\":{\"@id\":\"https:\/\/gevaliapolska.pl\/home\/#organization\"},\"potentialAction\":[{\"@type\":\"SearchAction\",\"target\":{\"@type\":\"EntryPoint\",\"urlTemplate\":\"https:\/\/gevaliapolska.pl\/home\/?s={search_term_string}\"},\"query-input\":{\"@type\":\"PropertyValueSpecification\",\"valueRequired\":true,\"valueName\":\"search_term_string\"}}],\"inLanguage\":\"pl-PL\"},{\"@type\":\"Organization\",\"@id\":\"https:\/\/gevaliapolska.pl\/home\/#organization\",\"name\":\"Konsult Impex Sp. z o.o.\",\"url\":\"https:\/\/gevaliapolska.pl\/home\/\",\"logo\":{\"@type\":\"ImageObject\",\"inLanguage\":\"pl-PL\",\"@id\":\"https:\/\/gevaliapolska.pl\/home\/#\/schema\/logo\/image\/\",\"url\":\"https:\/\/gevaliapolska.pl\/wp-content\/uploads\/2021\/02\/konsulimpex-3.svg\",\"contentUrl\":\"https:\/\/gevaliapolska.pl\/wp-content\/uploads\/2021\/02\/konsulimpex-3.svg\",\"caption\":\"Konsult Impex Sp. z o.o.\"},\"image\":{\"@id\":\"https:\/\/gevaliapolska.pl\/home\/#\/schema\/logo\/image\/\"},\"sameAs\":[\"https:\/\/www.facebook.com\/konsultimpex.anthonberg\/\"]}]}<\/script>\n<!-- \/ Yoast SEO plugin. -->","yoast_head_json":{"title":"Rigoni di Asiago Fiordifruta Bio Czarny Bez 250g - gevaliapolska %","description":"%","robots":{"index":"index","follow":"follow","max-snippet":"max-snippet:-1","max-image-preview":"max-image-preview:large","max-video-preview":"max-video-preview:-1"},"canonical":"https:\/\/gevaliapolska.pl\/home\/produkt\/rigoni-di-asiago-fiordifruta-bio-czarny-bez-250g\/","og_locale":"pl_PL","og_type":"article","og_title":"Rigoni di Asiago Fiordifruta Bio Czarny Bez 250g - gevaliapolska %","og_description":"%","og_url":"https:\/\/gevaliapolska.pl\/home\/produkt\/rigoni-di-asiago-fiordifruta-bio-czarny-bez-250g\/","og_site_name":"gevaliapolska","article_publisher":"https:\/\/www.facebook.com\/konsultimpex.anthonberg\/","article_modified_time":"2025-04-24T19:19:18+00:00","og_image":[{"width":440,"height":600,"url":"https:\/\/gevaliapolska.pl\/wp-content\/uploads\/2021\/04\/6026_Rig_Holunder-BIO_250g.jpg","type":"image\/jpeg"}],"twitter_card":"summary_large_image","twitter_misc":{"Szacowany czas czytania":"1 minuta"},"schema":{"@context":"https:\/\/schema.org","@graph":[{"@type":"WebPage","@id":"https:\/\/gevaliapolska.pl\/home\/produkt\/rigoni-di-asiago-fiordifruta-bio-czarny-bez-250g\/","url":"https:\/\/gevaliapolska.pl\/home\/produkt\/rigoni-di-asiago-fiordifruta-bio-czarny-bez-250g\/","name":"Rigoni di Asiago Fiordifruta Bio Czarny Bez 250g - gevaliapolska %","isPartOf":{"@id":"https:\/\/gevaliapolska.pl\/home\/#website"},"primaryImageOfPage":{"@id":"https:\/\/gevaliapolska.pl\/home\/produkt\/rigoni-di-asiago-fiordifruta-bio-czarny-bez-250g\/#primaryimage"},"image":{"@id":"https:\/\/gevaliapolska.pl\/home\/produkt\/rigoni-di-asiago-fiordifruta-bio-czarny-bez-250g\/#primaryimage"},"thumbnailUrl":"https:\/\/gevaliapolska.pl\/wp-content\/uploads\/2021\/04\/6026_Rig_Holunder-BIO_250g.jpg","datePublished":"2021-04-25T14:54:24+00:00","dateModified":"2025-04-24T19:19:18+00:00","description":"%","breadcrumb":{"@id":"https:\/\/gevaliapolska.pl\/home\/produkt\/rigoni-di-asiago-fiordifruta-bio-czarny-bez-250g\/#breadcrumb"},"inLanguage":"pl-PL","potentialAction":[{"@type":"ReadAction","target":["https:\/\/gevaliapolska.pl\/home\/produkt\/rigoni-di-asiago-fiordifruta-bio-czarny-bez-250g\/"]}]},{"@type":"ImageObject","inLanguage":"pl-PL","@id":"https:\/\/gevaliapolska.pl\/home\/produkt\/rigoni-di-asiago-fiordifruta-bio-czarny-bez-250g\/#primaryimage","url":"https:\/\/gevaliapolska.pl\/wp-content\/uploads\/2021\/04\/6026_Rig_Holunder-BIO_250g.jpg","contentUrl":"https:\/\/gevaliapolska.pl\/wp-content\/uploads\/2021\/04\/6026_Rig_Holunder-BIO_250g.jpg","width":440,"height":600},{"@type":"BreadcrumbList","@id":"https:\/\/gevaliapolska.pl\/home\/produkt\/rigoni-di-asiago-fiordifruta-bio-czarny-bez-250g\/#breadcrumb","itemListElement":[{"@type":"ListItem","position":1,"name":"Strona g\u0142\u00f3wna","item":"https:\/\/gevaliapolska.pl\/home\/"},{"@type":"ListItem","position":2,"name":"Sklep","item":"https:\/\/gevaliapolska.pl\/home\/home\/sklep\/"},{"@type":"ListItem","position":3,"name":"Rigoni di Asiago Fiordifruta Bio Czarny Bez 250g"}]},{"@type":"WebSite","@id":"https:\/\/gevaliapolska.pl\/home\/#website","url":"https:\/\/gevaliapolska.pl\/home\/","name":"gevaliapolska","description":"Sklep ze s\u0142odyczami i kaw\u0105 Anthon Berg, Marabou, Toms, Daim, Gevalia, Tchibo","publisher":{"@id":"https:\/\/gevaliapolska.pl\/home\/#organization"},"potentialAction":[{"@type":"SearchAction","target":{"@type":"EntryPoint","urlTemplate":"https:\/\/gevaliapolska.pl\/home\/?s={search_term_string}"},"query-input":{"@type":"PropertyValueSpecification","valueRequired":true,"valueName":"search_term_string"}}],"inLanguage":"pl-PL"},{"@type":"Organization","@id":"https:\/\/gevaliapolska.pl\/home\/#organization","name":"Konsult Impex Sp. z o.o.","url":"https:\/\/gevaliapolska.pl\/home\/","logo":{"@type":"ImageObject","inLanguage":"pl-PL","@id":"https:\/\/gevaliapolska.pl\/home\/#\/schema\/logo\/image\/","url":"https:\/\/gevaliapolska.pl\/wp-content\/uploads\/2021\/02\/konsulimpex-3.svg","contentUrl":"https:\/\/gevaliapolska.pl\/wp-content\/uploads\/2021\/02\/konsulimpex-3.svg","caption":"Konsult Impex Sp. z o.o."},"image":{"@id":"https:\/\/gevaliapolska.pl\/home\/#\/schema\/logo\/image\/"},"sameAs":["https:\/\/www.facebook.com\/konsultimpex.anthonberg\/"]}]}},"jetpack_sharing_enabled":true,"_links":{"self":[{"href":"https:\/\/gevaliapolska.pl\/home\/wp-json\/wp\/v2\/product\/528","targetHints":{"allow":["GET"]}}],"collection":[{"href":"https:\/\/gevaliapolska.pl\/home\/wp-json\/wp\/v2\/product"}],"about":[{"href":"https:\/\/gevaliapolska.pl\/home\/wp-json\/wp\/v2\/types\/product"}],"replies":[{"embeddable":true,"href":"https:\/\/gevaliapolska.pl\/home\/wp-json\/wp\/v2\/comments?post=528"}],"wp:featuredmedia":[{"embeddable":true,"href":"https:\/\/gevaliapolska.pl\/home\/wp-json\/wp\/v2\/media\/529"}],"wp:attachment":[{"href":"https:\/\/gevaliapolska.pl\/home\/wp-json\/wp\/v2\/media?parent=528"}],"wp:term":[{"taxonomy":"product_brand","embeddable":true,"href":"https:\/\/gevaliapolska.pl\/home\/wp-json\/wp\/v2\/product_brand?post=528"},{"taxonomy":"product_cat","embeddable":true,"href":"https:\/\/gevaliapolska.pl\/home\/wp-json\/wp\/v2\/product_cat?post=528"},{"taxonomy":"product_tag","embeddable":true,"href":"https:\/\/gevaliapolska.pl\/home\/wp-json\/wp\/v2\/product_tag?post=528"}],"curies":[{"name":"wp","href":"https:\/\/api.w.org\/{rel}","templated":true}]}}