{"id":480,"date":"2021-04-09T21:16:31","date_gmt":"2021-04-09T19:16:31","guid":{"rendered":"https:\/\/gevaliapolska.pl\/?post_type=product&#038;p=480"},"modified":"2025-05-17T12:12:38","modified_gmt":"2025-05-17T10:12:38","slug":"kawa-gevalia-mellanroast-gold-100g-rozpuszczalna","status":"publish","type":"product","link":"https:\/\/gevaliapolska.pl\/home\/produkt\/kawa-gevalia-mellanroast-gold-100g-rozpuszczalna\/","title":{"rendered":"Kawa Gevalia Mellanroast Gold 200g rozpuszczalna"},"content":{"rendered":"<h1>Kawa rozpuszczalna Gevalia Gold 200g w s\u0142oiku<\/h1>\n<p><strong>Kawa rozpuszczalna Gevalia Gold 200g w s\u0142oiku<\/strong> to kawa o wyj\u0105tkowym, pe\u0142nym smaku, stworzona z najwy\u017cszej jako\u015bci ziaren Arabiki. Dzi\u0119ki starannej obr\u00f3bce, Gevalia Gold zapewnia bogaty aromat i wyj\u0105tkow\u0105 g\u0142\u0119bi\u0119 smaku w ka\u017cdej fili\u017cance. Jest to idealna kawa do szybkiego parzenia, doskona\u0142a zar\u00f3wno na poranek, jak i na popo\u0142udniow\u0105 przerw\u0119. Wygodny s\u0142oik sprawia, \u017ce przechowywanie i u\u017cytkowanie s\u0105 proste i komfortowe.<\/p>\n<h2>Sk\u0142ad:<\/h2>\n<ul>\n<li>100% kawa rozpuszczalna (Arabika)<\/li>\n<\/ul>\n<p><strong>Kawa Gevalia Gold<\/strong> to wyb\u00f3r dla os\u00f3b, kt\u00f3re ceni\u0105 wysok\u0105 jako\u015b\u0107 i wyj\u0105tkowy smak. Dzi\u0119ki swojej rozpuszczalnej formule, kawa jest szybka i \u0142atwa do przygotowania, a jej smak pe\u0142en aromatu i intensywno\u015bci spe\u0142ni oczekiwania ka\u017cdego kawosza.<\/p>\n","protected":false},"excerpt":{"rendered":"<p>Kawa rozpuszczalna Gevalia Gold 200g w s\u0142oiku to kawa o wyj\u0105tkowym smaku i aromacie, stworzona z ziaren Arabiki. Idealna do szybkiego parzenia w domu lub biurze.<\/p>\n","protected":false},"featured_media":481,"comment_status":"open","ping_status":"closed","template":"","meta":[],"product_brand":[],"product_cat":[174,35,39],"product_tag":[37],"class_list":{"0":"post-480","1":"product","2":"type-product","3":"status-publish","4":"has-post-thumbnail","6":"product_cat-gevalia-marki","7":"product_cat-kawa","8":"product_cat-kawa-rozpuszczalna","9":"product_tag-gevalia","11":"first","12":"instock","13":"shipping-taxable","14":"purchasable","15":"product-type-simple"},"yoast_head":"<!-- This site is optimized with the Yoast SEO plugin v25.1 - https:\/\/yoast.com\/wordpress\/plugins\/seo\/ -->\n<title>Kawa Gevalia Mellanroast Gold 200g rozpuszczalna - gevaliapolska<\/title>\n<meta name=\"description\" content=\"Gevalia Gold 200g w s\u0142oiku \u2013 wyj\u0105tkowa kawa rozpuszczalna o pe\u0142nym smaku i aromacie. Doskona\u0142a do parzenia w ka\u017cdej chwili, idealna na poranek lub przerw\u0119.\" \/>\n<meta name=\"robots\" content=\"index, follow, max-snippet:-1, max-image-preview:large, max-video-preview:-1\" \/>\n<link rel=\"canonical\" href=\"https:\/\/gevaliapolska.pl\/home\/produkt\/kawa-gevalia-mellanroast-gold-100g-rozpuszczalna\/\" \/>\n<meta property=\"og:locale\" content=\"pl_PL\" \/>\n<meta property=\"og:type\" content=\"article\" \/>\n<meta property=\"og:title\" content=\"Kawa Gevalia Mellanroast Gold 200g rozpuszczalna - gevaliapolska\" \/>\n<meta property=\"og:description\" content=\"Gevalia Gold 200g w s\u0142oiku \u2013 wyj\u0105tkowa kawa rozpuszczalna o pe\u0142nym smaku i aromacie. Doskona\u0142a do parzenia w ka\u017cdej chwili, idealna na poranek lub przerw\u0119.\" \/>\n<meta property=\"og:url\" content=\"https:\/\/gevaliapolska.pl\/home\/produkt\/kawa-gevalia-mellanroast-gold-100g-rozpuszczalna\/\" \/>\n<meta property=\"og:site_name\" content=\"gevaliapolska\" \/>\n<meta property=\"article:publisher\" content=\"https:\/\/www.facebook.com\/konsultimpex.anthonberg\/\" \/>\n<meta property=\"article:modified_time\" content=\"2025-05-17T10:12:38+00:00\" \/>\n<meta property=\"og:image\" content=\"https:\/\/gevaliapolska.pl\/wp-content\/uploads\/2021\/04\/a36faa9c451b8045b49d98070a49.jpg\" \/>\n\t<meta property=\"og:image:width\" content=\"297\" \/>\n\t<meta property=\"og:image:height\" content=\"443\" \/>\n\t<meta property=\"og:image:type\" content=\"image\/jpeg\" \/>\n<meta name=\"twitter:card\" content=\"summary_large_image\" \/>\n<meta name=\"twitter:label1\" content=\"Szacowany czas czytania\" \/>\n\t<meta name=\"twitter:data1\" content=\"1 minuta\" \/>\n<script type=\"application\/ld+json\" class=\"yoast-schema-graph\">{\"@context\":\"https:\/\/schema.org\",\"@graph\":[{\"@type\":\"WebPage\",\"@id\":\"https:\/\/gevaliapolska.pl\/home\/produkt\/kawa-gevalia-mellanroast-gold-100g-rozpuszczalna\/\",\"url\":\"https:\/\/gevaliapolska.pl\/home\/produkt\/kawa-gevalia-mellanroast-gold-100g-rozpuszczalna\/\",\"name\":\"Kawa Gevalia Mellanroast Gold 200g rozpuszczalna - gevaliapolska\",\"isPartOf\":{\"@id\":\"https:\/\/gevaliapolska.pl\/home\/#website\"},\"primaryImageOfPage\":{\"@id\":\"https:\/\/gevaliapolska.pl\/home\/produkt\/kawa-gevalia-mellanroast-gold-100g-rozpuszczalna\/#primaryimage\"},\"image\":{\"@id\":\"https:\/\/gevaliapolska.pl\/home\/produkt\/kawa-gevalia-mellanroast-gold-100g-rozpuszczalna\/#primaryimage\"},\"thumbnailUrl\":\"https:\/\/gevaliapolska.pl\/wp-content\/uploads\/2021\/04\/a36faa9c451b8045b49d98070a49.jpg\",\"datePublished\":\"2021-04-09T19:16:31+00:00\",\"dateModified\":\"2025-05-17T10:12:38+00:00\",\"description\":\"Gevalia Gold 200g w s\u0142oiku \u2013 wyj\u0105tkowa kawa rozpuszczalna o pe\u0142nym smaku i aromacie. Doskona\u0142a do parzenia w ka\u017cdej chwili, idealna na poranek lub przerw\u0119.\",\"breadcrumb\":{\"@id\":\"https:\/\/gevaliapolska.pl\/home\/produkt\/kawa-gevalia-mellanroast-gold-100g-rozpuszczalna\/#breadcrumb\"},\"inLanguage\":\"pl-PL\",\"potentialAction\":[{\"@type\":\"ReadAction\",\"target\":[\"https:\/\/gevaliapolska.pl\/home\/produkt\/kawa-gevalia-mellanroast-gold-100g-rozpuszczalna\/\"]}]},{\"@type\":\"ImageObject\",\"inLanguage\":\"pl-PL\",\"@id\":\"https:\/\/gevaliapolska.pl\/home\/produkt\/kawa-gevalia-mellanroast-gold-100g-rozpuszczalna\/#primaryimage\",\"url\":\"https:\/\/gevaliapolska.pl\/wp-content\/uploads\/2021\/04\/a36faa9c451b8045b49d98070a49.jpg\",\"contentUrl\":\"https:\/\/gevaliapolska.pl\/wp-content\/uploads\/2021\/04\/a36faa9c451b8045b49d98070a49.jpg\",\"width\":297,\"height\":443},{\"@type\":\"BreadcrumbList\",\"@id\":\"https:\/\/gevaliapolska.pl\/home\/produkt\/kawa-gevalia-mellanroast-gold-100g-rozpuszczalna\/#breadcrumb\",\"itemListElement\":[{\"@type\":\"ListItem\",\"position\":1,\"name\":\"Strona g\u0142\u00f3wna\",\"item\":\"https:\/\/gevaliapolska.pl\/home\/\"},{\"@type\":\"ListItem\",\"position\":2,\"name\":\"Sklep\",\"item\":\"https:\/\/gevaliapolska.pl\/home\/home\/sklep\/\"},{\"@type\":\"ListItem\",\"position\":3,\"name\":\"Kawa Gevalia Mellanroast Gold 200g rozpuszczalna\"}]},{\"@type\":\"WebSite\",\"@id\":\"https:\/\/gevaliapolska.pl\/home\/#website\",\"url\":\"https:\/\/gevaliapolska.pl\/home\/\",\"name\":\"gevaliapolska\",\"description\":\"Sklep ze s\u0142odyczami i kaw\u0105 Anthon Berg, Marabou, Toms, Daim, Gevalia, Tchibo\",\"publisher\":{\"@id\":\"https:\/\/gevaliapolska.pl\/home\/#organization\"},\"potentialAction\":[{\"@type\":\"SearchAction\",\"target\":{\"@type\":\"EntryPoint\",\"urlTemplate\":\"https:\/\/gevaliapolska.pl\/home\/?s={search_term_string}\"},\"query-input\":{\"@type\":\"PropertyValueSpecification\",\"valueRequired\":true,\"valueName\":\"search_term_string\"}}],\"inLanguage\":\"pl-PL\"},{\"@type\":\"Organization\",\"@id\":\"https:\/\/gevaliapolska.pl\/home\/#organization\",\"name\":\"Konsult Impex Sp. z o.o.\",\"url\":\"https:\/\/gevaliapolska.pl\/home\/\",\"logo\":{\"@type\":\"ImageObject\",\"inLanguage\":\"pl-PL\",\"@id\":\"https:\/\/gevaliapolska.pl\/home\/#\/schema\/logo\/image\/\",\"url\":\"https:\/\/gevaliapolska.pl\/wp-content\/uploads\/2021\/02\/konsulimpex-3.svg\",\"contentUrl\":\"https:\/\/gevaliapolska.pl\/wp-content\/uploads\/2021\/02\/konsulimpex-3.svg\",\"caption\":\"Konsult Impex Sp. z o.o.\"},\"image\":{\"@id\":\"https:\/\/gevaliapolska.pl\/home\/#\/schema\/logo\/image\/\"},\"sameAs\":[\"https:\/\/www.facebook.com\/konsultimpex.anthonberg\/\"]}]}<\/script>\n<!-- \/ Yoast SEO plugin. -->","yoast_head_json":{"title":"Kawa Gevalia Mellanroast Gold 200g rozpuszczalna - gevaliapolska","description":"Gevalia Gold 200g w s\u0142oiku \u2013 wyj\u0105tkowa kawa rozpuszczalna o pe\u0142nym smaku i aromacie. Doskona\u0142a do parzenia w ka\u017cdej chwili, idealna na poranek lub przerw\u0119.","robots":{"index":"index","follow":"follow","max-snippet":"max-snippet:-1","max-image-preview":"max-image-preview:large","max-video-preview":"max-video-preview:-1"},"canonical":"https:\/\/gevaliapolska.pl\/home\/produkt\/kawa-gevalia-mellanroast-gold-100g-rozpuszczalna\/","og_locale":"pl_PL","og_type":"article","og_title":"Kawa Gevalia Mellanroast Gold 200g rozpuszczalna - gevaliapolska","og_description":"Gevalia Gold 200g w s\u0142oiku \u2013 wyj\u0105tkowa kawa rozpuszczalna o pe\u0142nym smaku i aromacie. Doskona\u0142a do parzenia w ka\u017cdej chwili, idealna na poranek lub przerw\u0119.","og_url":"https:\/\/gevaliapolska.pl\/home\/produkt\/kawa-gevalia-mellanroast-gold-100g-rozpuszczalna\/","og_site_name":"gevaliapolska","article_publisher":"https:\/\/www.facebook.com\/konsultimpex.anthonberg\/","article_modified_time":"2025-05-17T10:12:38+00:00","og_image":[{"width":297,"height":443,"url":"https:\/\/gevaliapolska.pl\/wp-content\/uploads\/2021\/04\/a36faa9c451b8045b49d98070a49.jpg","type":"image\/jpeg"}],"twitter_card":"summary_large_image","twitter_misc":{"Szacowany czas czytania":"1 minuta"},"schema":{"@context":"https:\/\/schema.org","@graph":[{"@type":"WebPage","@id":"https:\/\/gevaliapolska.pl\/home\/produkt\/kawa-gevalia-mellanroast-gold-100g-rozpuszczalna\/","url":"https:\/\/gevaliapolska.pl\/home\/produkt\/kawa-gevalia-mellanroast-gold-100g-rozpuszczalna\/","name":"Kawa Gevalia Mellanroast Gold 200g rozpuszczalna - gevaliapolska","isPartOf":{"@id":"https:\/\/gevaliapolska.pl\/home\/#website"},"primaryImageOfPage":{"@id":"https:\/\/gevaliapolska.pl\/home\/produkt\/kawa-gevalia-mellanroast-gold-100g-rozpuszczalna\/#primaryimage"},"image":{"@id":"https:\/\/gevaliapolska.pl\/home\/produkt\/kawa-gevalia-mellanroast-gold-100g-rozpuszczalna\/#primaryimage"},"thumbnailUrl":"https:\/\/gevaliapolska.pl\/wp-content\/uploads\/2021\/04\/a36faa9c451b8045b49d98070a49.jpg","datePublished":"2021-04-09T19:16:31+00:00","dateModified":"2025-05-17T10:12:38+00:00","description":"Gevalia Gold 200g w s\u0142oiku \u2013 wyj\u0105tkowa kawa rozpuszczalna o pe\u0142nym smaku i aromacie. Doskona\u0142a do parzenia w ka\u017cdej chwili, idealna na poranek lub przerw\u0119.","breadcrumb":{"@id":"https:\/\/gevaliapolska.pl\/home\/produkt\/kawa-gevalia-mellanroast-gold-100g-rozpuszczalna\/#breadcrumb"},"inLanguage":"pl-PL","potentialAction":[{"@type":"ReadAction","target":["https:\/\/gevaliapolska.pl\/home\/produkt\/kawa-gevalia-mellanroast-gold-100g-rozpuszczalna\/"]}]},{"@type":"ImageObject","inLanguage":"pl-PL","@id":"https:\/\/gevaliapolska.pl\/home\/produkt\/kawa-gevalia-mellanroast-gold-100g-rozpuszczalna\/#primaryimage","url":"https:\/\/gevaliapolska.pl\/wp-content\/uploads\/2021\/04\/a36faa9c451b8045b49d98070a49.jpg","contentUrl":"https:\/\/gevaliapolska.pl\/wp-content\/uploads\/2021\/04\/a36faa9c451b8045b49d98070a49.jpg","width":297,"height":443},{"@type":"BreadcrumbList","@id":"https:\/\/gevaliapolska.pl\/home\/produkt\/kawa-gevalia-mellanroast-gold-100g-rozpuszczalna\/#breadcrumb","itemListElement":[{"@type":"ListItem","position":1,"name":"Strona g\u0142\u00f3wna","item":"https:\/\/gevaliapolska.pl\/home\/"},{"@type":"ListItem","position":2,"name":"Sklep","item":"https:\/\/gevaliapolska.pl\/home\/home\/sklep\/"},{"@type":"ListItem","position":3,"name":"Kawa Gevalia Mellanroast Gold 200g rozpuszczalna"}]},{"@type":"WebSite","@id":"https:\/\/gevaliapolska.pl\/home\/#website","url":"https:\/\/gevaliapolska.pl\/home\/","name":"gevaliapolska","description":"Sklep ze s\u0142odyczami i kaw\u0105 Anthon Berg, Marabou, Toms, Daim, Gevalia, Tchibo","publisher":{"@id":"https:\/\/gevaliapolska.pl\/home\/#organization"},"potentialAction":[{"@type":"SearchAction","target":{"@type":"EntryPoint","urlTemplate":"https:\/\/gevaliapolska.pl\/home\/?s={search_term_string}"},"query-input":{"@type":"PropertyValueSpecification","valueRequired":true,"valueName":"search_term_string"}}],"inLanguage":"pl-PL"},{"@type":"Organization","@id":"https:\/\/gevaliapolska.pl\/home\/#organization","name":"Konsult Impex Sp. z o.o.","url":"https:\/\/gevaliapolska.pl\/home\/","logo":{"@type":"ImageObject","inLanguage":"pl-PL","@id":"https:\/\/gevaliapolska.pl\/home\/#\/schema\/logo\/image\/","url":"https:\/\/gevaliapolska.pl\/wp-content\/uploads\/2021\/02\/konsulimpex-3.svg","contentUrl":"https:\/\/gevaliapolska.pl\/wp-content\/uploads\/2021\/02\/konsulimpex-3.svg","caption":"Konsult Impex Sp. z o.o."},"image":{"@id":"https:\/\/gevaliapolska.pl\/home\/#\/schema\/logo\/image\/"},"sameAs":["https:\/\/www.facebook.com\/konsultimpex.anthonberg\/"]}]}},"jetpack_sharing_enabled":true,"_links":{"self":[{"href":"https:\/\/gevaliapolska.pl\/home\/wp-json\/wp\/v2\/product\/480","targetHints":{"allow":["GET"]}}],"collection":[{"href":"https:\/\/gevaliapolska.pl\/home\/wp-json\/wp\/v2\/product"}],"about":[{"href":"https:\/\/gevaliapolska.pl\/home\/wp-json\/wp\/v2\/types\/product"}],"replies":[{"embeddable":true,"href":"https:\/\/gevaliapolska.pl\/home\/wp-json\/wp\/v2\/comments?post=480"}],"wp:featuredmedia":[{"embeddable":true,"href":"https:\/\/gevaliapolska.pl\/home\/wp-json\/wp\/v2\/media\/481"}],"wp:attachment":[{"href":"https:\/\/gevaliapolska.pl\/home\/wp-json\/wp\/v2\/media?parent=480"}],"wp:term":[{"taxonomy":"product_brand","embeddable":true,"href":"https:\/\/gevaliapolska.pl\/home\/wp-json\/wp\/v2\/product_brand?post=480"},{"taxonomy":"product_cat","embeddable":true,"href":"https:\/\/gevaliapolska.pl\/home\/wp-json\/wp\/v2\/product_cat?post=480"},{"taxonomy":"product_tag","embeddable":true,"href":"https:\/\/gevaliapolska.pl\/home\/wp-json\/wp\/v2\/product_tag?post=480"}],"curies":[{"name":"wp","href":"https:\/\/api.w.org\/{rel}","templated":true}]}}