{"id":2448,"date":"2026-02-24T21:38:15","date_gmt":"2026-02-24T20:38:15","guid":{"rendered":"https:\/\/gevaliapolska.pl\/home\/?post_type=product&#038;p=2448"},"modified":"2026-02-24T21:38:15","modified_gmt":"2026-02-24T20:38:15","slug":"anthon-berg-selected-favourites-150g-2","status":"publish","type":"product","link":"https:\/\/gevaliapolska.pl\/home\/produkt\/anthon-berg-selected-favourites-150g-2\/","title":{"rendered":"Anthon Berg Selected Favourites 150g"},"content":{"rendered":"<p>Anthon Berg Favourites to ekskluzywne praliny przeznaczone dla prawdziwych mi\u0142o\u015bnik\u00f3w czekolady. W eleganckim pude\u0142ku znajdziemy bogat\u0105 mieszank\u0119 wybranych pralin od du\u0144skiej marki Anthon Berg, kt\u00f3ra \u0142\u0105czy w sobie najwy\u017cszej klasy czekolad\u0119, drobne nadzienia i tradycj\u0119 od 1884 roku.<\/p>\n<p>Ka\u017cdy kawa\u0142ek to ma\u0142e do\u015bwiadczenie \u2013 po\u0142\u0105czenie mleka lub ciemnej czekolady, wysokiej jako\u015bci orzech\u00f3w (migda\u0142y, orzechy laskowe), nadziewane \u015brodkiem (np. karmelem, marcepanem, kokosem), a czasem tak\u017ce drobno napojowym nadzieniem.Waga: 150 g.<br \/>\nSk\u0142adniki: cukier, syrop glukozowy, masa kakaowa, mas\u0142o kakaowe, mleko pe\u0142ne w proszku, s\u0142odkie mleko skondensowane (mleko, cukier), pra\u017cone orzechy laskowe, migda\u0142y, kokos, t\u0142uszcze ro\u015blinne w nadzieniu (palm, z j\u0105der shea), cukier mleczny, t\u0142uszcz mleczny, stabilizator (sorbitol), emulgator (lecytyna), s\u00f3l, s\u00f3l<\/p>\n","protected":false},"excerpt":{"rendered":"<p>Bombonierka Anthon Berg Selected Favourites 150g<\/p>\n","protected":false},"featured_media":2449,"comment_status":"open","ping_status":"closed","template":"","meta":[],"product_brand":[],"product_cat":[176,78,19],"product_tag":[],"class_list":{"0":"post-2448","1":"product","2":"type-product","3":"status-publish","4":"has-post-thumbnail","6":"product_cat-anthon-berg-marki","7":"product_cat-czekoladki-anthon-berg","8":"product_cat-slodycze","10":"first","11":"instock","12":"shipping-taxable","13":"purchasable","14":"product-type-simple"},"yoast_head":"<!-- This site is optimized with the Yoast SEO plugin v25.1 - https:\/\/yoast.com\/wordpress\/plugins\/seo\/ -->\n<title>Anthon Berg Selected Favourites 150g - gevaliapolska %<\/title>\n<meta name=\"description\" content=\"%\" \/>\n<meta name=\"robots\" content=\"index, follow, max-snippet:-1, max-image-preview:large, max-video-preview:-1\" \/>\n<link rel=\"canonical\" href=\"https:\/\/gevaliapolska.pl\/home\/produkt\/anthon-berg-selected-favourites-150g-2\/\" \/>\n<meta property=\"og:locale\" content=\"pl_PL\" \/>\n<meta property=\"og:type\" content=\"article\" \/>\n<meta property=\"og:title\" content=\"Anthon Berg Selected Favourites 150g - gevaliapolska %\" \/>\n<meta property=\"og:description\" content=\"%\" \/>\n<meta property=\"og:url\" content=\"https:\/\/gevaliapolska.pl\/home\/produkt\/anthon-berg-selected-favourites-150g-2\/\" \/>\n<meta property=\"og:site_name\" content=\"gevaliapolska\" \/>\n<meta property=\"article:publisher\" content=\"https:\/\/www.facebook.com\/konsultimpex.anthonberg\/\" \/>\n<meta property=\"og:image\" content=\"https:\/\/gevaliapolska.pl\/wp-content\/uploads\/2026\/02\/50137.png\" \/>\n\t<meta property=\"og:image:width\" content=\"384\" \/>\n\t<meta property=\"og:image:height\" content=\"384\" \/>\n\t<meta property=\"og:image:type\" content=\"image\/png\" \/>\n<meta name=\"twitter:card\" content=\"summary_large_image\" \/>\n<meta name=\"twitter:label1\" content=\"Szacowany czas czytania\" \/>\n\t<meta name=\"twitter:data1\" content=\"1 minuta\" \/>\n<script type=\"application\/ld+json\" class=\"yoast-schema-graph\">{\"@context\":\"https:\/\/schema.org\",\"@graph\":[{\"@type\":\"WebPage\",\"@id\":\"https:\/\/gevaliapolska.pl\/home\/produkt\/anthon-berg-selected-favourites-150g-2\/\",\"url\":\"https:\/\/gevaliapolska.pl\/home\/produkt\/anthon-berg-selected-favourites-150g-2\/\",\"name\":\"Anthon Berg Selected Favourites 150g - gevaliapolska %\",\"isPartOf\":{\"@id\":\"https:\/\/gevaliapolska.pl\/home\/#website\"},\"primaryImageOfPage\":{\"@id\":\"https:\/\/gevaliapolska.pl\/home\/produkt\/anthon-berg-selected-favourites-150g-2\/#primaryimage\"},\"image\":{\"@id\":\"https:\/\/gevaliapolska.pl\/home\/produkt\/anthon-berg-selected-favourites-150g-2\/#primaryimage\"},\"thumbnailUrl\":\"https:\/\/gevaliapolska.pl\/wp-content\/uploads\/2026\/02\/50137.png\",\"datePublished\":\"2026-02-24T20:38:15+00:00\",\"description\":\"%\",\"breadcrumb\":{\"@id\":\"https:\/\/gevaliapolska.pl\/home\/produkt\/anthon-berg-selected-favourites-150g-2\/#breadcrumb\"},\"inLanguage\":\"pl-PL\",\"potentialAction\":[{\"@type\":\"ReadAction\",\"target\":[\"https:\/\/gevaliapolska.pl\/home\/produkt\/anthon-berg-selected-favourites-150g-2\/\"]}]},{\"@type\":\"ImageObject\",\"inLanguage\":\"pl-PL\",\"@id\":\"https:\/\/gevaliapolska.pl\/home\/produkt\/anthon-berg-selected-favourites-150g-2\/#primaryimage\",\"url\":\"https:\/\/gevaliapolska.pl\/wp-content\/uploads\/2026\/02\/50137.png\",\"contentUrl\":\"https:\/\/gevaliapolska.pl\/wp-content\/uploads\/2026\/02\/50137.png\",\"width\":384,\"height\":384},{\"@type\":\"BreadcrumbList\",\"@id\":\"https:\/\/gevaliapolska.pl\/home\/produkt\/anthon-berg-selected-favourites-150g-2\/#breadcrumb\",\"itemListElement\":[{\"@type\":\"ListItem\",\"position\":1,\"name\":\"Strona g\u0142\u00f3wna\",\"item\":\"https:\/\/gevaliapolska.pl\/home\/\"},{\"@type\":\"ListItem\",\"position\":2,\"name\":\"Sklep\",\"item\":\"https:\/\/gevaliapolska.pl\/home\/home\/sklep\/\"},{\"@type\":\"ListItem\",\"position\":3,\"name\":\"Anthon Berg Selected Favourites 150g\"}]},{\"@type\":\"WebSite\",\"@id\":\"https:\/\/gevaliapolska.pl\/home\/#website\",\"url\":\"https:\/\/gevaliapolska.pl\/home\/\",\"name\":\"gevaliapolska\",\"description\":\"Sklep ze s\u0142odyczami i kaw\u0105 Anthon Berg, Marabou, Toms, Daim, Gevalia, Tchibo\",\"publisher\":{\"@id\":\"https:\/\/gevaliapolska.pl\/home\/#organization\"},\"potentialAction\":[{\"@type\":\"SearchAction\",\"target\":{\"@type\":\"EntryPoint\",\"urlTemplate\":\"https:\/\/gevaliapolska.pl\/home\/?s={search_term_string}\"},\"query-input\":{\"@type\":\"PropertyValueSpecification\",\"valueRequired\":true,\"valueName\":\"search_term_string\"}}],\"inLanguage\":\"pl-PL\"},{\"@type\":\"Organization\",\"@id\":\"https:\/\/gevaliapolska.pl\/home\/#organization\",\"name\":\"Konsult Impex Sp. z o.o.\",\"url\":\"https:\/\/gevaliapolska.pl\/home\/\",\"logo\":{\"@type\":\"ImageObject\",\"inLanguage\":\"pl-PL\",\"@id\":\"https:\/\/gevaliapolska.pl\/home\/#\/schema\/logo\/image\/\",\"url\":\"https:\/\/gevaliapolska.pl\/wp-content\/uploads\/2021\/02\/konsulimpex-3.svg\",\"contentUrl\":\"https:\/\/gevaliapolska.pl\/wp-content\/uploads\/2021\/02\/konsulimpex-3.svg\",\"caption\":\"Konsult Impex Sp. z o.o.\"},\"image\":{\"@id\":\"https:\/\/gevaliapolska.pl\/home\/#\/schema\/logo\/image\/\"},\"sameAs\":[\"https:\/\/www.facebook.com\/konsultimpex.anthonberg\/\"]}]}<\/script>\n<!-- \/ Yoast SEO plugin. -->","yoast_head_json":{"title":"Anthon Berg Selected Favourites 150g - gevaliapolska %","description":"%","robots":{"index":"index","follow":"follow","max-snippet":"max-snippet:-1","max-image-preview":"max-image-preview:large","max-video-preview":"max-video-preview:-1"},"canonical":"https:\/\/gevaliapolska.pl\/home\/produkt\/anthon-berg-selected-favourites-150g-2\/","og_locale":"pl_PL","og_type":"article","og_title":"Anthon Berg Selected Favourites 150g - gevaliapolska %","og_description":"%","og_url":"https:\/\/gevaliapolska.pl\/home\/produkt\/anthon-berg-selected-favourites-150g-2\/","og_site_name":"gevaliapolska","article_publisher":"https:\/\/www.facebook.com\/konsultimpex.anthonberg\/","og_image":[{"width":384,"height":384,"url":"https:\/\/gevaliapolska.pl\/wp-content\/uploads\/2026\/02\/50137.png","type":"image\/png"}],"twitter_card":"summary_large_image","twitter_misc":{"Szacowany czas czytania":"1 minuta"},"schema":{"@context":"https:\/\/schema.org","@graph":[{"@type":"WebPage","@id":"https:\/\/gevaliapolska.pl\/home\/produkt\/anthon-berg-selected-favourites-150g-2\/","url":"https:\/\/gevaliapolska.pl\/home\/produkt\/anthon-berg-selected-favourites-150g-2\/","name":"Anthon Berg Selected Favourites 150g - gevaliapolska %","isPartOf":{"@id":"https:\/\/gevaliapolska.pl\/home\/#website"},"primaryImageOfPage":{"@id":"https:\/\/gevaliapolska.pl\/home\/produkt\/anthon-berg-selected-favourites-150g-2\/#primaryimage"},"image":{"@id":"https:\/\/gevaliapolska.pl\/home\/produkt\/anthon-berg-selected-favourites-150g-2\/#primaryimage"},"thumbnailUrl":"https:\/\/gevaliapolska.pl\/wp-content\/uploads\/2026\/02\/50137.png","datePublished":"2026-02-24T20:38:15+00:00","description":"%","breadcrumb":{"@id":"https:\/\/gevaliapolska.pl\/home\/produkt\/anthon-berg-selected-favourites-150g-2\/#breadcrumb"},"inLanguage":"pl-PL","potentialAction":[{"@type":"ReadAction","target":["https:\/\/gevaliapolska.pl\/home\/produkt\/anthon-berg-selected-favourites-150g-2\/"]}]},{"@type":"ImageObject","inLanguage":"pl-PL","@id":"https:\/\/gevaliapolska.pl\/home\/produkt\/anthon-berg-selected-favourites-150g-2\/#primaryimage","url":"https:\/\/gevaliapolska.pl\/wp-content\/uploads\/2026\/02\/50137.png","contentUrl":"https:\/\/gevaliapolska.pl\/wp-content\/uploads\/2026\/02\/50137.png","width":384,"height":384},{"@type":"BreadcrumbList","@id":"https:\/\/gevaliapolska.pl\/home\/produkt\/anthon-berg-selected-favourites-150g-2\/#breadcrumb","itemListElement":[{"@type":"ListItem","position":1,"name":"Strona g\u0142\u00f3wna","item":"https:\/\/gevaliapolska.pl\/home\/"},{"@type":"ListItem","position":2,"name":"Sklep","item":"https:\/\/gevaliapolska.pl\/home\/home\/sklep\/"},{"@type":"ListItem","position":3,"name":"Anthon Berg Selected Favourites 150g"}]},{"@type":"WebSite","@id":"https:\/\/gevaliapolska.pl\/home\/#website","url":"https:\/\/gevaliapolska.pl\/home\/","name":"gevaliapolska","description":"Sklep ze s\u0142odyczami i kaw\u0105 Anthon Berg, Marabou, Toms, Daim, Gevalia, Tchibo","publisher":{"@id":"https:\/\/gevaliapolska.pl\/home\/#organization"},"potentialAction":[{"@type":"SearchAction","target":{"@type":"EntryPoint","urlTemplate":"https:\/\/gevaliapolska.pl\/home\/?s={search_term_string}"},"query-input":{"@type":"PropertyValueSpecification","valueRequired":true,"valueName":"search_term_string"}}],"inLanguage":"pl-PL"},{"@type":"Organization","@id":"https:\/\/gevaliapolska.pl\/home\/#organization","name":"Konsult Impex Sp. z o.o.","url":"https:\/\/gevaliapolska.pl\/home\/","logo":{"@type":"ImageObject","inLanguage":"pl-PL","@id":"https:\/\/gevaliapolska.pl\/home\/#\/schema\/logo\/image\/","url":"https:\/\/gevaliapolska.pl\/wp-content\/uploads\/2021\/02\/konsulimpex-3.svg","contentUrl":"https:\/\/gevaliapolska.pl\/wp-content\/uploads\/2021\/02\/konsulimpex-3.svg","caption":"Konsult Impex Sp. z o.o."},"image":{"@id":"https:\/\/gevaliapolska.pl\/home\/#\/schema\/logo\/image\/"},"sameAs":["https:\/\/www.facebook.com\/konsultimpex.anthonberg\/"]}]}},"jetpack_sharing_enabled":true,"_links":{"self":[{"href":"https:\/\/gevaliapolska.pl\/home\/wp-json\/wp\/v2\/product\/2448","targetHints":{"allow":["GET"]}}],"collection":[{"href":"https:\/\/gevaliapolska.pl\/home\/wp-json\/wp\/v2\/product"}],"about":[{"href":"https:\/\/gevaliapolska.pl\/home\/wp-json\/wp\/v2\/types\/product"}],"replies":[{"embeddable":true,"href":"https:\/\/gevaliapolska.pl\/home\/wp-json\/wp\/v2\/comments?post=2448"}],"wp:featuredmedia":[{"embeddable":true,"href":"https:\/\/gevaliapolska.pl\/home\/wp-json\/wp\/v2\/media\/2449"}],"wp:attachment":[{"href":"https:\/\/gevaliapolska.pl\/home\/wp-json\/wp\/v2\/media?parent=2448"}],"wp:term":[{"taxonomy":"product_brand","embeddable":true,"href":"https:\/\/gevaliapolska.pl\/home\/wp-json\/wp\/v2\/product_brand?post=2448"},{"taxonomy":"product_cat","embeddable":true,"href":"https:\/\/gevaliapolska.pl\/home\/wp-json\/wp\/v2\/product_cat?post=2448"},{"taxonomy":"product_tag","embeddable":true,"href":"https:\/\/gevaliapolska.pl\/home\/wp-json\/wp\/v2\/product_tag?post=2448"}],"curies":[{"name":"wp","href":"https:\/\/api.w.org\/{rel}","templated":true}]}}