{"id":2444,"date":"2026-02-24T21:25:24","date_gmt":"2026-02-24T20:25:24","guid":{"rendered":"https:\/\/gevaliapolska.pl\/home\/?post_type=product&#038;p=2444"},"modified":"2026-02-24T21:26:13","modified_gmt":"2026-02-24T20:26:13","slug":"anthon-berg-significant-marcepan-173-g","status":"publish","type":"product","link":"https:\/\/gevaliapolska.pl\/home\/produkt\/anthon-berg-significant-marcepan-173-g\/","title":{"rendered":"Anthon Berg Significant Marcepan 173 g"},"content":{"rendered":"<p>&nbsp;<\/p>\n<p>Czekoladki, kt\u00f3re zamieniaj\u0105 marcepan w czysty luksus. Anthon Berg Significant Marzipan wype\u0142nione s\u0105 starannie wyselekcjonowanymi pralinami, w kt\u00f3rych czekolada i marcepan \u0142\u0105cz\u0105 si\u0119 w gustownym po\u0142\u0105czeniu. Elegancki prezent lub zas\u0142u\u017cona chwila przyjemno\u015bci dla tych, kt\u00f3rzy ceni\u0105 sobie co\u015b ekstra!<\/p>\n<p>W tym luksusowym czekoladku od Anthon Berg czeka 16 pralinek w czterech r\u00f3\u017cnych smakach, z kt\u00f3rych wszystkie maj\u0105 marcepan w roli g\u0142\u00f3wnej. G\u0142adka czekolada otula nadzienie w spos\u00f3b, kt\u00f3ry tworzy zr\u00f3wnowa\u017con\u0105 i wyrafinowan\u0105 ca\u0142o\u015b\u0107. Zr\u00f3\u017cnicowana konsystencja i smak sprawiaj\u0105, \u017ce ka\u017cdy element to prawdziwie pyszne doznanie. To czekoladki idealnie nadaj\u0105 si\u0119 na prezent dla mi\u0142o\u015bnik\u00f3w marcepana lub jako elegancka, s\u0142odka czekolada na stoliku kawowym.<\/p>\n<p>Sk\u0142adniki: Cukier, MIGDA\u0141Y, miazga kakaowa*, mas\u0142o kakaowe*, pra\u017cone ORZECHY LASKOWE, syrop glukozowy, PE\u0141NE MLEKO W PROSZKU, \u015bliwki, T\u0141USZCZ MLECZNY, emulgator (lecytyna), wino wzmacniane (madera, sherry), alkohol, ekstrakt waniliowy, substancje konserwuj\u0105ce (kwas sorbowy, sorbinian potasu), substancja utrzymuj\u0105ca wilgo\u0107 (inwertaza), substancja zag\u0119szczaj\u0105ca (pektyna), kwas (kwas cytrynowy\/kwas cytrynowy\/kwas cytrynowy). Mo\u017ce zawiera\u0107 \u015bladowe ilo\u015bci<\/p>\n","protected":false},"excerpt":{"rendered":"<p>Anthon Berg Significant Marzipan<\/p>\n","protected":false},"featured_media":2445,"comment_status":"open","ping_status":"closed","template":"","meta":[],"product_brand":[],"product_cat":[176,78,19],"product_tag":[],"class_list":{"0":"post-2444","1":"product","2":"type-product","3":"status-publish","4":"has-post-thumbnail","6":"product_cat-anthon-berg-marki","7":"product_cat-czekoladki-anthon-berg","8":"product_cat-slodycze","10":"first","11":"instock","12":"shipping-taxable","13":"product-type-simple"},"yoast_head":"<!-- This site is optimized with the Yoast SEO plugin v25.1 - https:\/\/yoast.com\/wordpress\/plugins\/seo\/ -->\n<title>Anthon Berg Significant Marcepan 173 g - gevaliapolska %<\/title>\n<meta name=\"description\" content=\"%\" \/>\n<meta name=\"robots\" content=\"index, follow, max-snippet:-1, max-image-preview:large, max-video-preview:-1\" \/>\n<link rel=\"canonical\" href=\"https:\/\/gevaliapolska.pl\/home\/produkt\/anthon-berg-significant-marcepan-173-g\/\" \/>\n<meta property=\"og:locale\" content=\"pl_PL\" \/>\n<meta property=\"og:type\" content=\"article\" \/>\n<meta property=\"og:title\" content=\"Anthon Berg Significant Marcepan 173 g - gevaliapolska %\" \/>\n<meta property=\"og:description\" content=\"%\" \/>\n<meta property=\"og:url\" content=\"https:\/\/gevaliapolska.pl\/home\/produkt\/anthon-berg-significant-marcepan-173-g\/\" \/>\n<meta property=\"og:site_name\" content=\"gevaliapolska\" \/>\n<meta property=\"article:publisher\" content=\"https:\/\/www.facebook.com\/konsultimpex.anthonberg\/\" \/>\n<meta property=\"article:modified_time\" content=\"2026-02-24T20:26:13+00:00\" \/>\n<meta property=\"og:image\" content=\"https:\/\/gevaliapolska.pl\/wp-content\/uploads\/2026\/02\/6911c7d96edbf.jpg\" \/>\n\t<meta property=\"og:image:width\" content=\"1700\" \/>\n\t<meta property=\"og:image:height\" content=\"1276\" \/>\n\t<meta property=\"og:image:type\" content=\"image\/jpeg\" \/>\n<meta name=\"twitter:card\" content=\"summary_large_image\" \/>\n<meta name=\"twitter:label1\" content=\"Szacowany czas czytania\" \/>\n\t<meta name=\"twitter:data1\" content=\"2 minuty\" \/>\n<script type=\"application\/ld+json\" class=\"yoast-schema-graph\">{\"@context\":\"https:\/\/schema.org\",\"@graph\":[{\"@type\":\"WebPage\",\"@id\":\"https:\/\/gevaliapolska.pl\/home\/produkt\/anthon-berg-significant-marcepan-173-g\/\",\"url\":\"https:\/\/gevaliapolska.pl\/home\/produkt\/anthon-berg-significant-marcepan-173-g\/\",\"name\":\"Anthon Berg Significant Marcepan 173 g - gevaliapolska %\",\"isPartOf\":{\"@id\":\"https:\/\/gevaliapolska.pl\/home\/#website\"},\"primaryImageOfPage\":{\"@id\":\"https:\/\/gevaliapolska.pl\/home\/produkt\/anthon-berg-significant-marcepan-173-g\/#primaryimage\"},\"image\":{\"@id\":\"https:\/\/gevaliapolska.pl\/home\/produkt\/anthon-berg-significant-marcepan-173-g\/#primaryimage\"},\"thumbnailUrl\":\"https:\/\/gevaliapolska.pl\/wp-content\/uploads\/2026\/02\/6911c7d96edbf.jpg\",\"datePublished\":\"2026-02-24T20:25:24+00:00\",\"dateModified\":\"2026-02-24T20:26:13+00:00\",\"description\":\"%\",\"breadcrumb\":{\"@id\":\"https:\/\/gevaliapolska.pl\/home\/produkt\/anthon-berg-significant-marcepan-173-g\/#breadcrumb\"},\"inLanguage\":\"pl-PL\",\"potentialAction\":[{\"@type\":\"ReadAction\",\"target\":[\"https:\/\/gevaliapolska.pl\/home\/produkt\/anthon-berg-significant-marcepan-173-g\/\"]}]},{\"@type\":\"ImageObject\",\"inLanguage\":\"pl-PL\",\"@id\":\"https:\/\/gevaliapolska.pl\/home\/produkt\/anthon-berg-significant-marcepan-173-g\/#primaryimage\",\"url\":\"https:\/\/gevaliapolska.pl\/wp-content\/uploads\/2026\/02\/6911c7d96edbf.jpg\",\"contentUrl\":\"https:\/\/gevaliapolska.pl\/wp-content\/uploads\/2026\/02\/6911c7d96edbf.jpg\",\"width\":1700,\"height\":1276},{\"@type\":\"BreadcrumbList\",\"@id\":\"https:\/\/gevaliapolska.pl\/home\/produkt\/anthon-berg-significant-marcepan-173-g\/#breadcrumb\",\"itemListElement\":[{\"@type\":\"ListItem\",\"position\":1,\"name\":\"Strona g\u0142\u00f3wna\",\"item\":\"https:\/\/gevaliapolska.pl\/home\/\"},{\"@type\":\"ListItem\",\"position\":2,\"name\":\"Sklep\",\"item\":\"https:\/\/gevaliapolska.pl\/home\/home\/sklep\/\"},{\"@type\":\"ListItem\",\"position\":3,\"name\":\"Anthon Berg Significant Marcepan 173 g\"}]},{\"@type\":\"WebSite\",\"@id\":\"https:\/\/gevaliapolska.pl\/home\/#website\",\"url\":\"https:\/\/gevaliapolska.pl\/home\/\",\"name\":\"gevaliapolska\",\"description\":\"Sklep ze s\u0142odyczami i kaw\u0105 Anthon Berg, Marabou, Toms, Daim, Gevalia, Tchibo\",\"publisher\":{\"@id\":\"https:\/\/gevaliapolska.pl\/home\/#organization\"},\"potentialAction\":[{\"@type\":\"SearchAction\",\"target\":{\"@type\":\"EntryPoint\",\"urlTemplate\":\"https:\/\/gevaliapolska.pl\/home\/?s={search_term_string}\"},\"query-input\":{\"@type\":\"PropertyValueSpecification\",\"valueRequired\":true,\"valueName\":\"search_term_string\"}}],\"inLanguage\":\"pl-PL\"},{\"@type\":\"Organization\",\"@id\":\"https:\/\/gevaliapolska.pl\/home\/#organization\",\"name\":\"Konsult Impex Sp. z o.o.\",\"url\":\"https:\/\/gevaliapolska.pl\/home\/\",\"logo\":{\"@type\":\"ImageObject\",\"inLanguage\":\"pl-PL\",\"@id\":\"https:\/\/gevaliapolska.pl\/home\/#\/schema\/logo\/image\/\",\"url\":\"https:\/\/gevaliapolska.pl\/wp-content\/uploads\/2021\/02\/konsulimpex-3.svg\",\"contentUrl\":\"https:\/\/gevaliapolska.pl\/wp-content\/uploads\/2021\/02\/konsulimpex-3.svg\",\"caption\":\"Konsult Impex Sp. z o.o.\"},\"image\":{\"@id\":\"https:\/\/gevaliapolska.pl\/home\/#\/schema\/logo\/image\/\"},\"sameAs\":[\"https:\/\/www.facebook.com\/konsultimpex.anthonberg\/\"]}]}<\/script>\n<!-- \/ Yoast SEO plugin. -->","yoast_head_json":{"title":"Anthon Berg Significant Marcepan 173 g - gevaliapolska %","description":"%","robots":{"index":"index","follow":"follow","max-snippet":"max-snippet:-1","max-image-preview":"max-image-preview:large","max-video-preview":"max-video-preview:-1"},"canonical":"https:\/\/gevaliapolska.pl\/home\/produkt\/anthon-berg-significant-marcepan-173-g\/","og_locale":"pl_PL","og_type":"article","og_title":"Anthon Berg Significant Marcepan 173 g - gevaliapolska %","og_description":"%","og_url":"https:\/\/gevaliapolska.pl\/home\/produkt\/anthon-berg-significant-marcepan-173-g\/","og_site_name":"gevaliapolska","article_publisher":"https:\/\/www.facebook.com\/konsultimpex.anthonberg\/","article_modified_time":"2026-02-24T20:26:13+00:00","og_image":[{"width":1700,"height":1276,"url":"https:\/\/gevaliapolska.pl\/wp-content\/uploads\/2026\/02\/6911c7d96edbf.jpg","type":"image\/jpeg"}],"twitter_card":"summary_large_image","twitter_misc":{"Szacowany czas czytania":"2 minuty"},"schema":{"@context":"https:\/\/schema.org","@graph":[{"@type":"WebPage","@id":"https:\/\/gevaliapolska.pl\/home\/produkt\/anthon-berg-significant-marcepan-173-g\/","url":"https:\/\/gevaliapolska.pl\/home\/produkt\/anthon-berg-significant-marcepan-173-g\/","name":"Anthon Berg Significant Marcepan 173 g - gevaliapolska %","isPartOf":{"@id":"https:\/\/gevaliapolska.pl\/home\/#website"},"primaryImageOfPage":{"@id":"https:\/\/gevaliapolska.pl\/home\/produkt\/anthon-berg-significant-marcepan-173-g\/#primaryimage"},"image":{"@id":"https:\/\/gevaliapolska.pl\/home\/produkt\/anthon-berg-significant-marcepan-173-g\/#primaryimage"},"thumbnailUrl":"https:\/\/gevaliapolska.pl\/wp-content\/uploads\/2026\/02\/6911c7d96edbf.jpg","datePublished":"2026-02-24T20:25:24+00:00","dateModified":"2026-02-24T20:26:13+00:00","description":"%","breadcrumb":{"@id":"https:\/\/gevaliapolska.pl\/home\/produkt\/anthon-berg-significant-marcepan-173-g\/#breadcrumb"},"inLanguage":"pl-PL","potentialAction":[{"@type":"ReadAction","target":["https:\/\/gevaliapolska.pl\/home\/produkt\/anthon-berg-significant-marcepan-173-g\/"]}]},{"@type":"ImageObject","inLanguage":"pl-PL","@id":"https:\/\/gevaliapolska.pl\/home\/produkt\/anthon-berg-significant-marcepan-173-g\/#primaryimage","url":"https:\/\/gevaliapolska.pl\/wp-content\/uploads\/2026\/02\/6911c7d96edbf.jpg","contentUrl":"https:\/\/gevaliapolska.pl\/wp-content\/uploads\/2026\/02\/6911c7d96edbf.jpg","width":1700,"height":1276},{"@type":"BreadcrumbList","@id":"https:\/\/gevaliapolska.pl\/home\/produkt\/anthon-berg-significant-marcepan-173-g\/#breadcrumb","itemListElement":[{"@type":"ListItem","position":1,"name":"Strona g\u0142\u00f3wna","item":"https:\/\/gevaliapolska.pl\/home\/"},{"@type":"ListItem","position":2,"name":"Sklep","item":"https:\/\/gevaliapolska.pl\/home\/home\/sklep\/"},{"@type":"ListItem","position":3,"name":"Anthon Berg Significant Marcepan 173 g"}]},{"@type":"WebSite","@id":"https:\/\/gevaliapolska.pl\/home\/#website","url":"https:\/\/gevaliapolska.pl\/home\/","name":"gevaliapolska","description":"Sklep ze s\u0142odyczami i kaw\u0105 Anthon Berg, Marabou, Toms, Daim, Gevalia, Tchibo","publisher":{"@id":"https:\/\/gevaliapolska.pl\/home\/#organization"},"potentialAction":[{"@type":"SearchAction","target":{"@type":"EntryPoint","urlTemplate":"https:\/\/gevaliapolska.pl\/home\/?s={search_term_string}"},"query-input":{"@type":"PropertyValueSpecification","valueRequired":true,"valueName":"search_term_string"}}],"inLanguage":"pl-PL"},{"@type":"Organization","@id":"https:\/\/gevaliapolska.pl\/home\/#organization","name":"Konsult Impex Sp. z o.o.","url":"https:\/\/gevaliapolska.pl\/home\/","logo":{"@type":"ImageObject","inLanguage":"pl-PL","@id":"https:\/\/gevaliapolska.pl\/home\/#\/schema\/logo\/image\/","url":"https:\/\/gevaliapolska.pl\/wp-content\/uploads\/2021\/02\/konsulimpex-3.svg","contentUrl":"https:\/\/gevaliapolska.pl\/wp-content\/uploads\/2021\/02\/konsulimpex-3.svg","caption":"Konsult Impex Sp. z o.o."},"image":{"@id":"https:\/\/gevaliapolska.pl\/home\/#\/schema\/logo\/image\/"},"sameAs":["https:\/\/www.facebook.com\/konsultimpex.anthonberg\/"]}]}},"jetpack_sharing_enabled":true,"_links":{"self":[{"href":"https:\/\/gevaliapolska.pl\/home\/wp-json\/wp\/v2\/product\/2444","targetHints":{"allow":["GET"]}}],"collection":[{"href":"https:\/\/gevaliapolska.pl\/home\/wp-json\/wp\/v2\/product"}],"about":[{"href":"https:\/\/gevaliapolska.pl\/home\/wp-json\/wp\/v2\/types\/product"}],"replies":[{"embeddable":true,"href":"https:\/\/gevaliapolska.pl\/home\/wp-json\/wp\/v2\/comments?post=2444"}],"wp:featuredmedia":[{"embeddable":true,"href":"https:\/\/gevaliapolska.pl\/home\/wp-json\/wp\/v2\/media\/2445"}],"wp:attachment":[{"href":"https:\/\/gevaliapolska.pl\/home\/wp-json\/wp\/v2\/media?parent=2444"}],"wp:term":[{"taxonomy":"product_brand","embeddable":true,"href":"https:\/\/gevaliapolska.pl\/home\/wp-json\/wp\/v2\/product_brand?post=2444"},{"taxonomy":"product_cat","embeddable":true,"href":"https:\/\/gevaliapolska.pl\/home\/wp-json\/wp\/v2\/product_cat?post=2444"},{"taxonomy":"product_tag","embeddable":true,"href":"https:\/\/gevaliapolska.pl\/home\/wp-json\/wp\/v2\/product_tag?post=2444"}],"curies":[{"name":"wp","href":"https:\/\/api.w.org\/{rel}","templated":true}]}}