{"id":2441,"date":"2026-02-24T21:16:30","date_gmt":"2026-02-24T20:16:30","guid":{"rendered":"https:\/\/gevaliapolska.pl\/home\/?post_type=product&#038;p=2441"},"modified":"2026-02-24T21:16:30","modified_gmt":"2026-02-24T20:16:30","slug":"anthon-berg-kahlua-chocolate-and-coffee-temptations-box-173g","status":"publish","type":"product","link":"https:\/\/gevaliapolska.pl\/home\/produkt\/anthon-berg-kahlua-chocolate-and-coffee-temptations-box-173g\/","title":{"rendered":"Anthon Berg Kahlua Chocolate and Coffee Temptations Box 173g"},"content":{"rendered":"<h1 class=\"mb-lg-3 mb-2 ProductDetails_product-title__GpYYC\">Anthon Berg Kahlua Chocolate and Coffee Temptations Box 173g<\/h1>\n<p>&nbsp;<\/p>\n<p>Kremowe owini\u0119te praliny o smakach kawy, wanilii i likieru. Anthon Bergs Kahlua<\/p>\n<p>&#8211; pude\u0142ko zawini\u0119tych pralin, jeden wariant z mleczn\u0105 czekolad\u0105 z kremowym nadzieniem karmelowym oraz nutami kawy i wanilii, drugi wariant z nadzieniem z ciemnej czekolady z nutami kawy, wanili\u0105 i irlandzkim likierem \u015bmietankowym. Idealny jako prezent, z kaw\u0105 lub jako luksusowy ma\u0142y smako\u0142yk w okresie \u015bwi\u0105tecznym.<\/p>\n<p>Masa netto: 73 g<\/p>\n<p>Sk\u0142adniki: Cukier, syrop glukozowy, mas\u0142o kakaowe*, masa kakaowa*, mleko pe\u0142ne w proszku, stabilizator (sorbitole), syrop cukrowy inwertowany, s\u0142odzone mleko skondensowane (mleko, cukier), t\u0142uszcze ro\u015blinne w nadzieniu (palm, j\u0105dro shea), ekstrakt, emulgator (lecytyna), aromaty, melasa trzcinowa, ekstrakt waniliowy, s\u00f3l. Mo\u017ce zawiera\u0107 \u015blady migda\u0142\u00f3w, orzech\u00f3w laskowych, orzech\u00f3w w\u0142oskich i orzech\u00f3w pistacji.<\/p>\n","protected":false},"excerpt":{"rendered":"<p>Kremowe owini\u0119te praliny o smakach kawy, wanilii i likieru Kahlua<\/p>\n","protected":false},"featured_media":2442,"comment_status":"open","ping_status":"closed","template":"","meta":[],"product_brand":[],"product_cat":[176,78,19],"product_tag":[],"class_list":{"0":"post-2441","1":"product","2":"type-product","3":"status-publish","4":"has-post-thumbnail","6":"product_cat-anthon-berg-marki","7":"product_cat-czekoladki-anthon-berg","8":"product_cat-slodycze","10":"first","11":"instock","12":"shipping-taxable","13":"product-type-simple"},"yoast_head":"<!-- This site is optimized with the Yoast SEO plugin v25.1 - https:\/\/yoast.com\/wordpress\/plugins\/seo\/ -->\n<title>Anthon Berg Kahlua Chocolate and Coffee Temptations Box 173g - gevaliapolska %<\/title>\n<meta name=\"description\" content=\"%\" \/>\n<meta name=\"robots\" content=\"index, follow, max-snippet:-1, max-image-preview:large, max-video-preview:-1\" \/>\n<link rel=\"canonical\" href=\"https:\/\/gevaliapolska.pl\/home\/produkt\/anthon-berg-kahlua-chocolate-and-coffee-temptations-box-173g\/\" \/>\n<meta property=\"og:locale\" content=\"pl_PL\" \/>\n<meta property=\"og:type\" content=\"article\" \/>\n<meta property=\"og:title\" content=\"Anthon Berg Kahlua Chocolate and Coffee Temptations Box 173g - gevaliapolska %\" \/>\n<meta property=\"og:description\" content=\"%\" \/>\n<meta property=\"og:url\" content=\"https:\/\/gevaliapolska.pl\/home\/produkt\/anthon-berg-kahlua-chocolate-and-coffee-temptations-box-173g\/\" \/>\n<meta property=\"og:site_name\" content=\"gevaliapolska\" \/>\n<meta property=\"article:publisher\" content=\"https:\/\/www.facebook.com\/konsultimpex.anthonberg\/\" \/>\n<meta property=\"og:image\" content=\"https:\/\/gevaliapolska.pl\/wp-content\/uploads\/2026\/02\/318133_anthon_berg_-_liquor_filled_-_kahlua_-_box_side_180g_-_rgb_highres.jpg\" \/>\n\t<meta property=\"og:image:width\" content=\"1000\" \/>\n\t<meta property=\"og:image:height\" content=\"1000\" \/>\n\t<meta property=\"og:image:type\" content=\"image\/jpeg\" \/>\n<meta name=\"twitter:card\" content=\"summary_large_image\" \/>\n<meta name=\"twitter:label1\" content=\"Szacowany czas czytania\" \/>\n\t<meta name=\"twitter:data1\" content=\"1 minuta\" \/>\n<script type=\"application\/ld+json\" class=\"yoast-schema-graph\">{\"@context\":\"https:\/\/schema.org\",\"@graph\":[{\"@type\":\"WebPage\",\"@id\":\"https:\/\/gevaliapolska.pl\/home\/produkt\/anthon-berg-kahlua-chocolate-and-coffee-temptations-box-173g\/\",\"url\":\"https:\/\/gevaliapolska.pl\/home\/produkt\/anthon-berg-kahlua-chocolate-and-coffee-temptations-box-173g\/\",\"name\":\"Anthon Berg Kahlua Chocolate and Coffee Temptations Box 173g - gevaliapolska %\",\"isPartOf\":{\"@id\":\"https:\/\/gevaliapolska.pl\/home\/#website\"},\"primaryImageOfPage\":{\"@id\":\"https:\/\/gevaliapolska.pl\/home\/produkt\/anthon-berg-kahlua-chocolate-and-coffee-temptations-box-173g\/#primaryimage\"},\"image\":{\"@id\":\"https:\/\/gevaliapolska.pl\/home\/produkt\/anthon-berg-kahlua-chocolate-and-coffee-temptations-box-173g\/#primaryimage\"},\"thumbnailUrl\":\"https:\/\/gevaliapolska.pl\/wp-content\/uploads\/2026\/02\/318133_anthon_berg_-_liquor_filled_-_kahlua_-_box_side_180g_-_rgb_highres.jpg\",\"datePublished\":\"2026-02-24T20:16:30+00:00\",\"description\":\"%\",\"breadcrumb\":{\"@id\":\"https:\/\/gevaliapolska.pl\/home\/produkt\/anthon-berg-kahlua-chocolate-and-coffee-temptations-box-173g\/#breadcrumb\"},\"inLanguage\":\"pl-PL\",\"potentialAction\":[{\"@type\":\"ReadAction\",\"target\":[\"https:\/\/gevaliapolska.pl\/home\/produkt\/anthon-berg-kahlua-chocolate-and-coffee-temptations-box-173g\/\"]}]},{\"@type\":\"ImageObject\",\"inLanguage\":\"pl-PL\",\"@id\":\"https:\/\/gevaliapolska.pl\/home\/produkt\/anthon-berg-kahlua-chocolate-and-coffee-temptations-box-173g\/#primaryimage\",\"url\":\"https:\/\/gevaliapolska.pl\/wp-content\/uploads\/2026\/02\/318133_anthon_berg_-_liquor_filled_-_kahlua_-_box_side_180g_-_rgb_highres.jpg\",\"contentUrl\":\"https:\/\/gevaliapolska.pl\/wp-content\/uploads\/2026\/02\/318133_anthon_berg_-_liquor_filled_-_kahlua_-_box_side_180g_-_rgb_highres.jpg\",\"width\":1000,\"height\":1000},{\"@type\":\"BreadcrumbList\",\"@id\":\"https:\/\/gevaliapolska.pl\/home\/produkt\/anthon-berg-kahlua-chocolate-and-coffee-temptations-box-173g\/#breadcrumb\",\"itemListElement\":[{\"@type\":\"ListItem\",\"position\":1,\"name\":\"Strona g\u0142\u00f3wna\",\"item\":\"https:\/\/gevaliapolska.pl\/home\/\"},{\"@type\":\"ListItem\",\"position\":2,\"name\":\"Sklep\",\"item\":\"https:\/\/gevaliapolska.pl\/home\/home\/sklep\/\"},{\"@type\":\"ListItem\",\"position\":3,\"name\":\"Anthon Berg Kahlua Chocolate and Coffee Temptations Box 173g\"}]},{\"@type\":\"WebSite\",\"@id\":\"https:\/\/gevaliapolska.pl\/home\/#website\",\"url\":\"https:\/\/gevaliapolska.pl\/home\/\",\"name\":\"gevaliapolska\",\"description\":\"Sklep ze s\u0142odyczami i kaw\u0105 Anthon Berg, Marabou, Toms, Daim, Gevalia, Tchibo\",\"publisher\":{\"@id\":\"https:\/\/gevaliapolska.pl\/home\/#organization\"},\"potentialAction\":[{\"@type\":\"SearchAction\",\"target\":{\"@type\":\"EntryPoint\",\"urlTemplate\":\"https:\/\/gevaliapolska.pl\/home\/?s={search_term_string}\"},\"query-input\":{\"@type\":\"PropertyValueSpecification\",\"valueRequired\":true,\"valueName\":\"search_term_string\"}}],\"inLanguage\":\"pl-PL\"},{\"@type\":\"Organization\",\"@id\":\"https:\/\/gevaliapolska.pl\/home\/#organization\",\"name\":\"Konsult Impex Sp. z o.o.\",\"url\":\"https:\/\/gevaliapolska.pl\/home\/\",\"logo\":{\"@type\":\"ImageObject\",\"inLanguage\":\"pl-PL\",\"@id\":\"https:\/\/gevaliapolska.pl\/home\/#\/schema\/logo\/image\/\",\"url\":\"https:\/\/gevaliapolska.pl\/wp-content\/uploads\/2021\/02\/konsulimpex-3.svg\",\"contentUrl\":\"https:\/\/gevaliapolska.pl\/wp-content\/uploads\/2021\/02\/konsulimpex-3.svg\",\"caption\":\"Konsult Impex Sp. z o.o.\"},\"image\":{\"@id\":\"https:\/\/gevaliapolska.pl\/home\/#\/schema\/logo\/image\/\"},\"sameAs\":[\"https:\/\/www.facebook.com\/konsultimpex.anthonberg\/\"]}]}<\/script>\n<!-- \/ Yoast SEO plugin. -->","yoast_head_json":{"title":"Anthon Berg Kahlua Chocolate and Coffee Temptations Box 173g - gevaliapolska %","description":"%","robots":{"index":"index","follow":"follow","max-snippet":"max-snippet:-1","max-image-preview":"max-image-preview:large","max-video-preview":"max-video-preview:-1"},"canonical":"https:\/\/gevaliapolska.pl\/home\/produkt\/anthon-berg-kahlua-chocolate-and-coffee-temptations-box-173g\/","og_locale":"pl_PL","og_type":"article","og_title":"Anthon Berg Kahlua Chocolate and Coffee Temptations Box 173g - gevaliapolska %","og_description":"%","og_url":"https:\/\/gevaliapolska.pl\/home\/produkt\/anthon-berg-kahlua-chocolate-and-coffee-temptations-box-173g\/","og_site_name":"gevaliapolska","article_publisher":"https:\/\/www.facebook.com\/konsultimpex.anthonberg\/","og_image":[{"width":1000,"height":1000,"url":"https:\/\/gevaliapolska.pl\/wp-content\/uploads\/2026\/02\/318133_anthon_berg_-_liquor_filled_-_kahlua_-_box_side_180g_-_rgb_highres.jpg","type":"image\/jpeg"}],"twitter_card":"summary_large_image","twitter_misc":{"Szacowany czas czytania":"1 minuta"},"schema":{"@context":"https:\/\/schema.org","@graph":[{"@type":"WebPage","@id":"https:\/\/gevaliapolska.pl\/home\/produkt\/anthon-berg-kahlua-chocolate-and-coffee-temptations-box-173g\/","url":"https:\/\/gevaliapolska.pl\/home\/produkt\/anthon-berg-kahlua-chocolate-and-coffee-temptations-box-173g\/","name":"Anthon Berg Kahlua Chocolate and Coffee Temptations Box 173g - gevaliapolska %","isPartOf":{"@id":"https:\/\/gevaliapolska.pl\/home\/#website"},"primaryImageOfPage":{"@id":"https:\/\/gevaliapolska.pl\/home\/produkt\/anthon-berg-kahlua-chocolate-and-coffee-temptations-box-173g\/#primaryimage"},"image":{"@id":"https:\/\/gevaliapolska.pl\/home\/produkt\/anthon-berg-kahlua-chocolate-and-coffee-temptations-box-173g\/#primaryimage"},"thumbnailUrl":"https:\/\/gevaliapolska.pl\/wp-content\/uploads\/2026\/02\/318133_anthon_berg_-_liquor_filled_-_kahlua_-_box_side_180g_-_rgb_highres.jpg","datePublished":"2026-02-24T20:16:30+00:00","description":"%","breadcrumb":{"@id":"https:\/\/gevaliapolska.pl\/home\/produkt\/anthon-berg-kahlua-chocolate-and-coffee-temptations-box-173g\/#breadcrumb"},"inLanguage":"pl-PL","potentialAction":[{"@type":"ReadAction","target":["https:\/\/gevaliapolska.pl\/home\/produkt\/anthon-berg-kahlua-chocolate-and-coffee-temptations-box-173g\/"]}]},{"@type":"ImageObject","inLanguage":"pl-PL","@id":"https:\/\/gevaliapolska.pl\/home\/produkt\/anthon-berg-kahlua-chocolate-and-coffee-temptations-box-173g\/#primaryimage","url":"https:\/\/gevaliapolska.pl\/wp-content\/uploads\/2026\/02\/318133_anthon_berg_-_liquor_filled_-_kahlua_-_box_side_180g_-_rgb_highres.jpg","contentUrl":"https:\/\/gevaliapolska.pl\/wp-content\/uploads\/2026\/02\/318133_anthon_berg_-_liquor_filled_-_kahlua_-_box_side_180g_-_rgb_highres.jpg","width":1000,"height":1000},{"@type":"BreadcrumbList","@id":"https:\/\/gevaliapolska.pl\/home\/produkt\/anthon-berg-kahlua-chocolate-and-coffee-temptations-box-173g\/#breadcrumb","itemListElement":[{"@type":"ListItem","position":1,"name":"Strona g\u0142\u00f3wna","item":"https:\/\/gevaliapolska.pl\/home\/"},{"@type":"ListItem","position":2,"name":"Sklep","item":"https:\/\/gevaliapolska.pl\/home\/home\/sklep\/"},{"@type":"ListItem","position":3,"name":"Anthon Berg Kahlua Chocolate and Coffee Temptations Box 173g"}]},{"@type":"WebSite","@id":"https:\/\/gevaliapolska.pl\/home\/#website","url":"https:\/\/gevaliapolska.pl\/home\/","name":"gevaliapolska","description":"Sklep ze s\u0142odyczami i kaw\u0105 Anthon Berg, Marabou, Toms, Daim, Gevalia, Tchibo","publisher":{"@id":"https:\/\/gevaliapolska.pl\/home\/#organization"},"potentialAction":[{"@type":"SearchAction","target":{"@type":"EntryPoint","urlTemplate":"https:\/\/gevaliapolska.pl\/home\/?s={search_term_string}"},"query-input":{"@type":"PropertyValueSpecification","valueRequired":true,"valueName":"search_term_string"}}],"inLanguage":"pl-PL"},{"@type":"Organization","@id":"https:\/\/gevaliapolska.pl\/home\/#organization","name":"Konsult Impex Sp. z o.o.","url":"https:\/\/gevaliapolska.pl\/home\/","logo":{"@type":"ImageObject","inLanguage":"pl-PL","@id":"https:\/\/gevaliapolska.pl\/home\/#\/schema\/logo\/image\/","url":"https:\/\/gevaliapolska.pl\/wp-content\/uploads\/2021\/02\/konsulimpex-3.svg","contentUrl":"https:\/\/gevaliapolska.pl\/wp-content\/uploads\/2021\/02\/konsulimpex-3.svg","caption":"Konsult Impex Sp. z o.o."},"image":{"@id":"https:\/\/gevaliapolska.pl\/home\/#\/schema\/logo\/image\/"},"sameAs":["https:\/\/www.facebook.com\/konsultimpex.anthonberg\/"]}]}},"jetpack_sharing_enabled":true,"_links":{"self":[{"href":"https:\/\/gevaliapolska.pl\/home\/wp-json\/wp\/v2\/product\/2441","targetHints":{"allow":["GET"]}}],"collection":[{"href":"https:\/\/gevaliapolska.pl\/home\/wp-json\/wp\/v2\/product"}],"about":[{"href":"https:\/\/gevaliapolska.pl\/home\/wp-json\/wp\/v2\/types\/product"}],"replies":[{"embeddable":true,"href":"https:\/\/gevaliapolska.pl\/home\/wp-json\/wp\/v2\/comments?post=2441"}],"wp:featuredmedia":[{"embeddable":true,"href":"https:\/\/gevaliapolska.pl\/home\/wp-json\/wp\/v2\/media\/2442"}],"wp:attachment":[{"href":"https:\/\/gevaliapolska.pl\/home\/wp-json\/wp\/v2\/media?parent=2441"}],"wp:term":[{"taxonomy":"product_brand","embeddable":true,"href":"https:\/\/gevaliapolska.pl\/home\/wp-json\/wp\/v2\/product_brand?post=2441"},{"taxonomy":"product_cat","embeddable":true,"href":"https:\/\/gevaliapolska.pl\/home\/wp-json\/wp\/v2\/product_cat?post=2441"},{"taxonomy":"product_tag","embeddable":true,"href":"https:\/\/gevaliapolska.pl\/home\/wp-json\/wp\/v2\/product_tag?post=2441"}],"curies":[{"name":"wp","href":"https:\/\/api.w.org\/{rel}","templated":true}]}}