{"id":2436,"date":"2026-02-24T20:55:06","date_gmt":"2026-02-24T19:55:06","guid":{"rendered":"https:\/\/gevaliapolska.pl\/home\/?post_type=product&#038;p=2436"},"modified":"2026-02-24T20:55:06","modified_gmt":"2026-02-24T19:55:06","slug":"anthon-berg-grand-selection-400g-bombonierka","status":"publish","type":"product","link":"https:\/\/gevaliapolska.pl\/home\/produkt\/anthon-berg-grand-selection-400g-bombonierka\/","title":{"rendered":"Anthon Berg Grand Selection 400g Bombonierka"},"content":{"rendered":"<p>Anthon Berg Grand Selection 400g Bombonierka<\/p>\n<p>Eleganckie pude\u0142ko starannie wyselekcjonowanych, klasycznych pralin wype\u0142nionych pysznymi smakami. Anthon Berg Grand Selection, pude\u0142ko wykwintnych pralin starannie dobranych. Czekolada nadziewana marcepanem, kokosem, nugatem, truflami i kremowym karmelem. Zawiera praliny takie jak Caramel Treat, Coffee Caramel Treat, Caramel Truffle, Marcepan Bite, Coconut Crunch i Hazelnut Croquant. Pude\u0142ko sprawdzi si\u0119 r\u00f3wnie dobrze jako prezent dla gospodyni, gdy kto\u015b \u015bwi\u0119tuje, jak i gdy sam chcesz delektowa\u0107 si\u0119 czym\u015b pysznym, sam lub z przyjaci\u00f3\u0142mi i rodzin\u0105. &#8211; 400 g<\/p>\n<p>Sk\u0142adniki: Cukier, mas\u0142o kakaowe*, miazga kakaowa*, PE\u0141NE MLEKO W PROSZKU, ORZECHY LASKOWE, syrop glukozowy, MIGDA\u0141Y, kokos, t\u0142uszcz ro\u015blinny (palmowy, z ziaren shea), s\u0142odzone MLEKO zag\u0119szczone (MLEKO, cukier), T\u0141USZCZ MLECZNY, \u015aMIETANKA W PROSZKU, CUKIER MLECZNY, stabilizator (sorbitole), emulgator (lecytyna), kakao w proszku o obni\u017conej zawarto\u015bci t\u0142uszczu*, ekstrakt z wanilii, s\u00f3l, substancja utrzymuj\u0105ca wilgo\u0107 (inwertaza), aromaty, substancje konserwuj\u0105ce (kwas sorbowy, sorbinian potasu), olejek pomara\u0144czowy. Mo\u017ce zawiera\u0107 \u015bladowe ilo\u015bci innych orzech\u00f3w. *Certyfikat Rainforest Alliance. www.ra.org<\/p>\n","protected":false},"excerpt":{"rendered":"<p>Bombonierka Anthon Berg Grand Selection 400g<\/p>\n","protected":false},"featured_media":2437,"comment_status":"open","ping_status":"closed","template":"","meta":[],"product_brand":[],"product_cat":[176,78,19],"product_tag":[],"class_list":{"0":"post-2436","1":"product","2":"type-product","3":"status-publish","4":"has-post-thumbnail","6":"product_cat-anthon-berg-marki","7":"product_cat-czekoladki-anthon-berg","8":"product_cat-slodycze","10":"first","11":"instock","12":"shipping-taxable","13":"purchasable","14":"product-type-simple"},"yoast_head":"<!-- This site is optimized with the Yoast SEO plugin v25.1 - https:\/\/yoast.com\/wordpress\/plugins\/seo\/ -->\n<title>Anthon Berg Grand Selection 400g Bombonierka - gevaliapolska %<\/title>\n<meta name=\"description\" content=\"%\" \/>\n<meta name=\"robots\" content=\"index, follow, max-snippet:-1, max-image-preview:large, max-video-preview:-1\" \/>\n<link rel=\"canonical\" href=\"https:\/\/gevaliapolska.pl\/home\/produkt\/anthon-berg-grand-selection-400g-bombonierka\/\" \/>\n<meta property=\"og:locale\" content=\"pl_PL\" \/>\n<meta property=\"og:type\" content=\"article\" \/>\n<meta property=\"og:title\" content=\"Anthon Berg Grand Selection 400g Bombonierka - gevaliapolska %\" \/>\n<meta property=\"og:description\" content=\"%\" \/>\n<meta property=\"og:url\" content=\"https:\/\/gevaliapolska.pl\/home\/produkt\/anthon-berg-grand-selection-400g-bombonierka\/\" \/>\n<meta property=\"og:site_name\" content=\"gevaliapolska\" \/>\n<meta property=\"article:publisher\" content=\"https:\/\/www.facebook.com\/konsultimpex.anthonberg\/\" \/>\n<meta property=\"og:image\" content=\"https:\/\/gevaliapolska.pl\/wp-content\/uploads\/2026\/02\/6911dac700367.jpg\" \/>\n\t<meta property=\"og:image:width\" content=\"1680\" \/>\n\t<meta property=\"og:image:height\" content=\"1526\" \/>\n\t<meta property=\"og:image:type\" content=\"image\/jpeg\" \/>\n<meta name=\"twitter:card\" content=\"summary_large_image\" \/>\n<meta name=\"twitter:label1\" content=\"Szacowany czas czytania\" \/>\n\t<meta name=\"twitter:data1\" content=\"2 minuty\" \/>\n<script type=\"application\/ld+json\" class=\"yoast-schema-graph\">{\"@context\":\"https:\/\/schema.org\",\"@graph\":[{\"@type\":\"WebPage\",\"@id\":\"https:\/\/gevaliapolska.pl\/home\/produkt\/anthon-berg-grand-selection-400g-bombonierka\/\",\"url\":\"https:\/\/gevaliapolska.pl\/home\/produkt\/anthon-berg-grand-selection-400g-bombonierka\/\",\"name\":\"Anthon Berg Grand Selection 400g Bombonierka - gevaliapolska %\",\"isPartOf\":{\"@id\":\"https:\/\/gevaliapolska.pl\/home\/#website\"},\"primaryImageOfPage\":{\"@id\":\"https:\/\/gevaliapolska.pl\/home\/produkt\/anthon-berg-grand-selection-400g-bombonierka\/#primaryimage\"},\"image\":{\"@id\":\"https:\/\/gevaliapolska.pl\/home\/produkt\/anthon-berg-grand-selection-400g-bombonierka\/#primaryimage\"},\"thumbnailUrl\":\"https:\/\/gevaliapolska.pl\/wp-content\/uploads\/2026\/02\/6911dac700367.jpg\",\"datePublished\":\"2026-02-24T19:55:06+00:00\",\"description\":\"%\",\"breadcrumb\":{\"@id\":\"https:\/\/gevaliapolska.pl\/home\/produkt\/anthon-berg-grand-selection-400g-bombonierka\/#breadcrumb\"},\"inLanguage\":\"pl-PL\",\"potentialAction\":[{\"@type\":\"ReadAction\",\"target\":[\"https:\/\/gevaliapolska.pl\/home\/produkt\/anthon-berg-grand-selection-400g-bombonierka\/\"]}]},{\"@type\":\"ImageObject\",\"inLanguage\":\"pl-PL\",\"@id\":\"https:\/\/gevaliapolska.pl\/home\/produkt\/anthon-berg-grand-selection-400g-bombonierka\/#primaryimage\",\"url\":\"https:\/\/gevaliapolska.pl\/wp-content\/uploads\/2026\/02\/6911dac700367.jpg\",\"contentUrl\":\"https:\/\/gevaliapolska.pl\/wp-content\/uploads\/2026\/02\/6911dac700367.jpg\",\"width\":1680,\"height\":1526},{\"@type\":\"BreadcrumbList\",\"@id\":\"https:\/\/gevaliapolska.pl\/home\/produkt\/anthon-berg-grand-selection-400g-bombonierka\/#breadcrumb\",\"itemListElement\":[{\"@type\":\"ListItem\",\"position\":1,\"name\":\"Strona g\u0142\u00f3wna\",\"item\":\"https:\/\/gevaliapolska.pl\/home\/\"},{\"@type\":\"ListItem\",\"position\":2,\"name\":\"Sklep\",\"item\":\"https:\/\/gevaliapolska.pl\/home\/home\/sklep\/\"},{\"@type\":\"ListItem\",\"position\":3,\"name\":\"Anthon Berg Grand Selection 400g Bombonierka\"}]},{\"@type\":\"WebSite\",\"@id\":\"https:\/\/gevaliapolska.pl\/home\/#website\",\"url\":\"https:\/\/gevaliapolska.pl\/home\/\",\"name\":\"gevaliapolska\",\"description\":\"Sklep ze s\u0142odyczami i kaw\u0105 Anthon Berg, Marabou, Toms, Daim, Gevalia, Tchibo\",\"publisher\":{\"@id\":\"https:\/\/gevaliapolska.pl\/home\/#organization\"},\"potentialAction\":[{\"@type\":\"SearchAction\",\"target\":{\"@type\":\"EntryPoint\",\"urlTemplate\":\"https:\/\/gevaliapolska.pl\/home\/?s={search_term_string}\"},\"query-input\":{\"@type\":\"PropertyValueSpecification\",\"valueRequired\":true,\"valueName\":\"search_term_string\"}}],\"inLanguage\":\"pl-PL\"},{\"@type\":\"Organization\",\"@id\":\"https:\/\/gevaliapolska.pl\/home\/#organization\",\"name\":\"Konsult Impex Sp. z o.o.\",\"url\":\"https:\/\/gevaliapolska.pl\/home\/\",\"logo\":{\"@type\":\"ImageObject\",\"inLanguage\":\"pl-PL\",\"@id\":\"https:\/\/gevaliapolska.pl\/home\/#\/schema\/logo\/image\/\",\"url\":\"https:\/\/gevaliapolska.pl\/wp-content\/uploads\/2021\/02\/konsulimpex-3.svg\",\"contentUrl\":\"https:\/\/gevaliapolska.pl\/wp-content\/uploads\/2021\/02\/konsulimpex-3.svg\",\"caption\":\"Konsult Impex Sp. z o.o.\"},\"image\":{\"@id\":\"https:\/\/gevaliapolska.pl\/home\/#\/schema\/logo\/image\/\"},\"sameAs\":[\"https:\/\/www.facebook.com\/konsultimpex.anthonberg\/\"]}]}<\/script>\n<!-- \/ Yoast SEO plugin. -->","yoast_head_json":{"title":"Anthon Berg Grand Selection 400g Bombonierka - gevaliapolska %","description":"%","robots":{"index":"index","follow":"follow","max-snippet":"max-snippet:-1","max-image-preview":"max-image-preview:large","max-video-preview":"max-video-preview:-1"},"canonical":"https:\/\/gevaliapolska.pl\/home\/produkt\/anthon-berg-grand-selection-400g-bombonierka\/","og_locale":"pl_PL","og_type":"article","og_title":"Anthon Berg Grand Selection 400g Bombonierka - gevaliapolska %","og_description":"%","og_url":"https:\/\/gevaliapolska.pl\/home\/produkt\/anthon-berg-grand-selection-400g-bombonierka\/","og_site_name":"gevaliapolska","article_publisher":"https:\/\/www.facebook.com\/konsultimpex.anthonberg\/","og_image":[{"width":1680,"height":1526,"url":"https:\/\/gevaliapolska.pl\/wp-content\/uploads\/2026\/02\/6911dac700367.jpg","type":"image\/jpeg"}],"twitter_card":"summary_large_image","twitter_misc":{"Szacowany czas czytania":"2 minuty"},"schema":{"@context":"https:\/\/schema.org","@graph":[{"@type":"WebPage","@id":"https:\/\/gevaliapolska.pl\/home\/produkt\/anthon-berg-grand-selection-400g-bombonierka\/","url":"https:\/\/gevaliapolska.pl\/home\/produkt\/anthon-berg-grand-selection-400g-bombonierka\/","name":"Anthon Berg Grand Selection 400g Bombonierka - gevaliapolska %","isPartOf":{"@id":"https:\/\/gevaliapolska.pl\/home\/#website"},"primaryImageOfPage":{"@id":"https:\/\/gevaliapolska.pl\/home\/produkt\/anthon-berg-grand-selection-400g-bombonierka\/#primaryimage"},"image":{"@id":"https:\/\/gevaliapolska.pl\/home\/produkt\/anthon-berg-grand-selection-400g-bombonierka\/#primaryimage"},"thumbnailUrl":"https:\/\/gevaliapolska.pl\/wp-content\/uploads\/2026\/02\/6911dac700367.jpg","datePublished":"2026-02-24T19:55:06+00:00","description":"%","breadcrumb":{"@id":"https:\/\/gevaliapolska.pl\/home\/produkt\/anthon-berg-grand-selection-400g-bombonierka\/#breadcrumb"},"inLanguage":"pl-PL","potentialAction":[{"@type":"ReadAction","target":["https:\/\/gevaliapolska.pl\/home\/produkt\/anthon-berg-grand-selection-400g-bombonierka\/"]}]},{"@type":"ImageObject","inLanguage":"pl-PL","@id":"https:\/\/gevaliapolska.pl\/home\/produkt\/anthon-berg-grand-selection-400g-bombonierka\/#primaryimage","url":"https:\/\/gevaliapolska.pl\/wp-content\/uploads\/2026\/02\/6911dac700367.jpg","contentUrl":"https:\/\/gevaliapolska.pl\/wp-content\/uploads\/2026\/02\/6911dac700367.jpg","width":1680,"height":1526},{"@type":"BreadcrumbList","@id":"https:\/\/gevaliapolska.pl\/home\/produkt\/anthon-berg-grand-selection-400g-bombonierka\/#breadcrumb","itemListElement":[{"@type":"ListItem","position":1,"name":"Strona g\u0142\u00f3wna","item":"https:\/\/gevaliapolska.pl\/home\/"},{"@type":"ListItem","position":2,"name":"Sklep","item":"https:\/\/gevaliapolska.pl\/home\/home\/sklep\/"},{"@type":"ListItem","position":3,"name":"Anthon Berg Grand Selection 400g Bombonierka"}]},{"@type":"WebSite","@id":"https:\/\/gevaliapolska.pl\/home\/#website","url":"https:\/\/gevaliapolska.pl\/home\/","name":"gevaliapolska","description":"Sklep ze s\u0142odyczami i kaw\u0105 Anthon Berg, Marabou, Toms, Daim, Gevalia, Tchibo","publisher":{"@id":"https:\/\/gevaliapolska.pl\/home\/#organization"},"potentialAction":[{"@type":"SearchAction","target":{"@type":"EntryPoint","urlTemplate":"https:\/\/gevaliapolska.pl\/home\/?s={search_term_string}"},"query-input":{"@type":"PropertyValueSpecification","valueRequired":true,"valueName":"search_term_string"}}],"inLanguage":"pl-PL"},{"@type":"Organization","@id":"https:\/\/gevaliapolska.pl\/home\/#organization","name":"Konsult Impex Sp. z o.o.","url":"https:\/\/gevaliapolska.pl\/home\/","logo":{"@type":"ImageObject","inLanguage":"pl-PL","@id":"https:\/\/gevaliapolska.pl\/home\/#\/schema\/logo\/image\/","url":"https:\/\/gevaliapolska.pl\/wp-content\/uploads\/2021\/02\/konsulimpex-3.svg","contentUrl":"https:\/\/gevaliapolska.pl\/wp-content\/uploads\/2021\/02\/konsulimpex-3.svg","caption":"Konsult Impex Sp. z o.o."},"image":{"@id":"https:\/\/gevaliapolska.pl\/home\/#\/schema\/logo\/image\/"},"sameAs":["https:\/\/www.facebook.com\/konsultimpex.anthonberg\/"]}]}},"jetpack_sharing_enabled":true,"_links":{"self":[{"href":"https:\/\/gevaliapolska.pl\/home\/wp-json\/wp\/v2\/product\/2436","targetHints":{"allow":["GET"]}}],"collection":[{"href":"https:\/\/gevaliapolska.pl\/home\/wp-json\/wp\/v2\/product"}],"about":[{"href":"https:\/\/gevaliapolska.pl\/home\/wp-json\/wp\/v2\/types\/product"}],"replies":[{"embeddable":true,"href":"https:\/\/gevaliapolska.pl\/home\/wp-json\/wp\/v2\/comments?post=2436"}],"wp:featuredmedia":[{"embeddable":true,"href":"https:\/\/gevaliapolska.pl\/home\/wp-json\/wp\/v2\/media\/2437"}],"wp:attachment":[{"href":"https:\/\/gevaliapolska.pl\/home\/wp-json\/wp\/v2\/media?parent=2436"}],"wp:term":[{"taxonomy":"product_brand","embeddable":true,"href":"https:\/\/gevaliapolska.pl\/home\/wp-json\/wp\/v2\/product_brand?post=2436"},{"taxonomy":"product_cat","embeddable":true,"href":"https:\/\/gevaliapolska.pl\/home\/wp-json\/wp\/v2\/product_cat?post=2436"},{"taxonomy":"product_tag","embeddable":true,"href":"https:\/\/gevaliapolska.pl\/home\/wp-json\/wp\/v2\/product_tag?post=2436"}],"curies":[{"name":"wp","href":"https:\/\/api.w.org\/{rel}","templated":true}]}}