{"id":239,"date":"2021-02-01T20:23:30","date_gmt":"2021-02-01T19:23:30","guid":{"rendered":"https:\/\/gevaliapolska.pl\/?post_type=product&#038;p=239"},"modified":"2025-04-25T18:54:25","modified_gmt":"2025-04-25T16:54:25","slug":"cote-dor-ciemna-czekolada-z-migdalami-180g","status":"publish","type":"product","link":"https:\/\/gevaliapolska.pl\/home\/produkt\/cote-dor-ciemna-czekolada-z-migdalami-180g\/","title":{"rendered":"C\u00f4te d\u2019Or Ciemna Czekolada z Migda\u0142ami 180g"},"content":{"rendered":"<p><span class=\"JLqJ4b ChMk0b\" data-language-for-alternatives=\"pl\" data-language-to-translate-into=\"de\" data-phrase-index=\"4\">W 1883 roku belgijski czekoladnik Charles Neuhaus opracowa\u0142 przepis na pierwsz\u0105 czekolad\u0119 C\u00f4te d\u2019Or \u2013 nazwan\u0105 tak od kraju, z kt\u00f3rego pozyskiwa\u0142 wi\u0119kszo\u015b\u0107 ziaren kakaowych: C\u00f4te d\u2019Or, w j\u0119zyku niemieckim \u201eGold Coast\u201d (w Afryce Zachodniej) .<\/span>\u00a0<span class=\"JLqJ4b ChMk0b\" data-language-for-alternatives=\"pl\" data-language-to-translate-into=\"de\" data-phrase-index=\"6\">Wa\u017cn\u0105 cech\u0105 jako\u015bciow\u0105 jest delikatna, b\u0142yszcz\u0105ca powierzchnia czekolady.<\/span><\/p>\n<p>C\u00f4te d\u2019Or to producent belgijskiej czekolady, nale\u017c\u0105cy do Mondel\u0113z International.<\/p>\n<p>Ta czekolada ma certyfikat Cocoa Life. Program promuje zr\u00f3wnowa\u017con\u0105 upraw\u0119 kakao na poziomie spo\u0142eczno\u015bci. We wsp\u00f3\u0142pracy ze znanymi organizacjami hodowcy kakao s\u0105 szkoleni, w jaki spos\u00f3b mog\u0105 zwi\u0119kszy\u0107 plony w przyjazny dla \u015brodowiska spos\u00f3b, a tym samym chroni\u0107 swoje otoczenie, w wi\u0119kszym stopniu anga\u017cowa\u0107 kobiety w prac\u0119 i ogranicza\u0107 prac\u0119 dzieci. Promowane s\u0105 tak\u017ce edukacja, ma\u0142e firmy i nast\u0119pna generacja hodowc\u00f3w kakao.<\/p>\n","protected":false},"excerpt":{"rendered":"<p>Orginalna Belgijska C\u00f4te d\u2019Or Ciemna Czekolada z Migda\u0142ami 180g.<\/p>\n","protected":false},"featured_media":240,"comment_status":"open","ping_status":"closed","template":"","meta":[],"product_brand":[],"product_cat":[81,50,19],"product_tag":[42],"class_list":{"0":"post-239","1":"product","2":"type-product","3":"status-publish","4":"has-post-thumbnail","6":"product_cat-cote-dor","7":"product_cat-czekolada","8":"product_cat-slodycze","9":"product_tag-cote-dor","11":"first","12":"instock","13":"shipping-taxable","14":"purchasable","15":"product-type-simple"},"yoast_head":"<!-- This site is optimized with the Yoast SEO plugin v25.1 - https:\/\/yoast.com\/wordpress\/plugins\/seo\/ -->\n<title>C\u00f4te d\u2019Or Ciemna Czekolada z Migda\u0142ami 180g - gevaliapolska %<\/title>\n<meta name=\"description\" content=\"%\" \/>\n<meta name=\"robots\" content=\"index, follow, max-snippet:-1, max-image-preview:large, max-video-preview:-1\" \/>\n<link rel=\"canonical\" href=\"https:\/\/gevaliapolska.pl\/home\/produkt\/cote-dor-ciemna-czekolada-z-migdalami-180g\/\" \/>\n<meta property=\"og:locale\" content=\"pl_PL\" \/>\n<meta property=\"og:type\" content=\"article\" \/>\n<meta property=\"og:title\" content=\"C\u00f4te d\u2019Or Ciemna Czekolada z Migda\u0142ami 180g - gevaliapolska %\" \/>\n<meta property=\"og:description\" content=\"%\" \/>\n<meta property=\"og:url\" content=\"https:\/\/gevaliapolska.pl\/home\/produkt\/cote-dor-ciemna-czekolada-z-migdalami-180g\/\" \/>\n<meta property=\"og:site_name\" content=\"gevaliapolska\" \/>\n<meta property=\"article:publisher\" content=\"https:\/\/www.facebook.com\/konsultimpex.anthonberg\/\" \/>\n<meta property=\"article:modified_time\" content=\"2025-04-25T16:54:25+00:00\" \/>\n<meta property=\"og:image\" content=\"https:\/\/gevaliapolska.pl\/wp-content\/uploads\/2021\/02\/5267993-Cote-Dor-Noir-Amandes-Entieres-Folding-Box-180g-Outer-Left-Belgi..-510x561-1.jpg\" \/>\n\t<meta property=\"og:image:width\" content=\"510\" \/>\n\t<meta property=\"og:image:height\" content=\"561\" \/>\n\t<meta property=\"og:image:type\" content=\"image\/jpeg\" \/>\n<meta name=\"twitter:card\" content=\"summary_large_image\" \/>\n<meta name=\"twitter:label1\" content=\"Szacowany czas czytania\" \/>\n\t<meta name=\"twitter:data1\" content=\"1 minuta\" \/>\n<script type=\"application\/ld+json\" class=\"yoast-schema-graph\">{\"@context\":\"https:\/\/schema.org\",\"@graph\":[{\"@type\":\"WebPage\",\"@id\":\"https:\/\/gevaliapolska.pl\/home\/produkt\/cote-dor-ciemna-czekolada-z-migdalami-180g\/\",\"url\":\"https:\/\/gevaliapolska.pl\/home\/produkt\/cote-dor-ciemna-czekolada-z-migdalami-180g\/\",\"name\":\"C\u00f4te d\u2019Or Ciemna Czekolada z Migda\u0142ami 180g - gevaliapolska %\",\"isPartOf\":{\"@id\":\"https:\/\/gevaliapolska.pl\/home\/#website\"},\"primaryImageOfPage\":{\"@id\":\"https:\/\/gevaliapolska.pl\/home\/produkt\/cote-dor-ciemna-czekolada-z-migdalami-180g\/#primaryimage\"},\"image\":{\"@id\":\"https:\/\/gevaliapolska.pl\/home\/produkt\/cote-dor-ciemna-czekolada-z-migdalami-180g\/#primaryimage\"},\"thumbnailUrl\":\"https:\/\/gevaliapolska.pl\/wp-content\/uploads\/2021\/02\/5267993-Cote-Dor-Noir-Amandes-Entieres-Folding-Box-180g-Outer-Left-Belgi..-510x561-1.jpg\",\"datePublished\":\"2021-02-01T19:23:30+00:00\",\"dateModified\":\"2025-04-25T16:54:25+00:00\",\"description\":\"%\",\"breadcrumb\":{\"@id\":\"https:\/\/gevaliapolska.pl\/home\/produkt\/cote-dor-ciemna-czekolada-z-migdalami-180g\/#breadcrumb\"},\"inLanguage\":\"pl-PL\",\"potentialAction\":[{\"@type\":\"ReadAction\",\"target\":[\"https:\/\/gevaliapolska.pl\/home\/produkt\/cote-dor-ciemna-czekolada-z-migdalami-180g\/\"]}]},{\"@type\":\"ImageObject\",\"inLanguage\":\"pl-PL\",\"@id\":\"https:\/\/gevaliapolska.pl\/home\/produkt\/cote-dor-ciemna-czekolada-z-migdalami-180g\/#primaryimage\",\"url\":\"https:\/\/gevaliapolska.pl\/wp-content\/uploads\/2021\/02\/5267993-Cote-Dor-Noir-Amandes-Entieres-Folding-Box-180g-Outer-Left-Belgi..-510x561-1.jpg\",\"contentUrl\":\"https:\/\/gevaliapolska.pl\/wp-content\/uploads\/2021\/02\/5267993-Cote-Dor-Noir-Amandes-Entieres-Folding-Box-180g-Outer-Left-Belgi..-510x561-1.jpg\",\"width\":510,\"height\":561},{\"@type\":\"BreadcrumbList\",\"@id\":\"https:\/\/gevaliapolska.pl\/home\/produkt\/cote-dor-ciemna-czekolada-z-migdalami-180g\/#breadcrumb\",\"itemListElement\":[{\"@type\":\"ListItem\",\"position\":1,\"name\":\"Strona g\u0142\u00f3wna\",\"item\":\"https:\/\/gevaliapolska.pl\/home\/\"},{\"@type\":\"ListItem\",\"position\":2,\"name\":\"Sklep\",\"item\":\"https:\/\/gevaliapolska.pl\/home\/home\/sklep\/\"},{\"@type\":\"ListItem\",\"position\":3,\"name\":\"C\u00f4te d\u2019Or Ciemna Czekolada z Migda\u0142ami 180g\"}]},{\"@type\":\"WebSite\",\"@id\":\"https:\/\/gevaliapolska.pl\/home\/#website\",\"url\":\"https:\/\/gevaliapolska.pl\/home\/\",\"name\":\"gevaliapolska\",\"description\":\"Sklep ze s\u0142odyczami i kaw\u0105 Anthon Berg, Marabou, Toms, Daim, Gevalia, Tchibo\",\"publisher\":{\"@id\":\"https:\/\/gevaliapolska.pl\/home\/#organization\"},\"potentialAction\":[{\"@type\":\"SearchAction\",\"target\":{\"@type\":\"EntryPoint\",\"urlTemplate\":\"https:\/\/gevaliapolska.pl\/home\/?s={search_term_string}\"},\"query-input\":{\"@type\":\"PropertyValueSpecification\",\"valueRequired\":true,\"valueName\":\"search_term_string\"}}],\"inLanguage\":\"pl-PL\"},{\"@type\":\"Organization\",\"@id\":\"https:\/\/gevaliapolska.pl\/home\/#organization\",\"name\":\"Konsult Impex Sp. z o.o.\",\"url\":\"https:\/\/gevaliapolska.pl\/home\/\",\"logo\":{\"@type\":\"ImageObject\",\"inLanguage\":\"pl-PL\",\"@id\":\"https:\/\/gevaliapolska.pl\/home\/#\/schema\/logo\/image\/\",\"url\":\"https:\/\/gevaliapolska.pl\/wp-content\/uploads\/2021\/02\/konsulimpex-3.svg\",\"contentUrl\":\"https:\/\/gevaliapolska.pl\/wp-content\/uploads\/2021\/02\/konsulimpex-3.svg\",\"caption\":\"Konsult Impex Sp. z o.o.\"},\"image\":{\"@id\":\"https:\/\/gevaliapolska.pl\/home\/#\/schema\/logo\/image\/\"},\"sameAs\":[\"https:\/\/www.facebook.com\/konsultimpex.anthonberg\/\"]}]}<\/script>\n<!-- \/ Yoast SEO plugin. -->","yoast_head_json":{"title":"C\u00f4te d\u2019Or Ciemna Czekolada z Migda\u0142ami 180g - gevaliapolska %","description":"%","robots":{"index":"index","follow":"follow","max-snippet":"max-snippet:-1","max-image-preview":"max-image-preview:large","max-video-preview":"max-video-preview:-1"},"canonical":"https:\/\/gevaliapolska.pl\/home\/produkt\/cote-dor-ciemna-czekolada-z-migdalami-180g\/","og_locale":"pl_PL","og_type":"article","og_title":"C\u00f4te d\u2019Or Ciemna Czekolada z Migda\u0142ami 180g - gevaliapolska %","og_description":"%","og_url":"https:\/\/gevaliapolska.pl\/home\/produkt\/cote-dor-ciemna-czekolada-z-migdalami-180g\/","og_site_name":"gevaliapolska","article_publisher":"https:\/\/www.facebook.com\/konsultimpex.anthonberg\/","article_modified_time":"2025-04-25T16:54:25+00:00","og_image":[{"width":510,"height":561,"url":"https:\/\/gevaliapolska.pl\/wp-content\/uploads\/2021\/02\/5267993-Cote-Dor-Noir-Amandes-Entieres-Folding-Box-180g-Outer-Left-Belgi..-510x561-1.jpg","type":"image\/jpeg"}],"twitter_card":"summary_large_image","twitter_misc":{"Szacowany czas czytania":"1 minuta"},"schema":{"@context":"https:\/\/schema.org","@graph":[{"@type":"WebPage","@id":"https:\/\/gevaliapolska.pl\/home\/produkt\/cote-dor-ciemna-czekolada-z-migdalami-180g\/","url":"https:\/\/gevaliapolska.pl\/home\/produkt\/cote-dor-ciemna-czekolada-z-migdalami-180g\/","name":"C\u00f4te d\u2019Or Ciemna Czekolada z Migda\u0142ami 180g - gevaliapolska %","isPartOf":{"@id":"https:\/\/gevaliapolska.pl\/home\/#website"},"primaryImageOfPage":{"@id":"https:\/\/gevaliapolska.pl\/home\/produkt\/cote-dor-ciemna-czekolada-z-migdalami-180g\/#primaryimage"},"image":{"@id":"https:\/\/gevaliapolska.pl\/home\/produkt\/cote-dor-ciemna-czekolada-z-migdalami-180g\/#primaryimage"},"thumbnailUrl":"https:\/\/gevaliapolska.pl\/wp-content\/uploads\/2021\/02\/5267993-Cote-Dor-Noir-Amandes-Entieres-Folding-Box-180g-Outer-Left-Belgi..-510x561-1.jpg","datePublished":"2021-02-01T19:23:30+00:00","dateModified":"2025-04-25T16:54:25+00:00","description":"%","breadcrumb":{"@id":"https:\/\/gevaliapolska.pl\/home\/produkt\/cote-dor-ciemna-czekolada-z-migdalami-180g\/#breadcrumb"},"inLanguage":"pl-PL","potentialAction":[{"@type":"ReadAction","target":["https:\/\/gevaliapolska.pl\/home\/produkt\/cote-dor-ciemna-czekolada-z-migdalami-180g\/"]}]},{"@type":"ImageObject","inLanguage":"pl-PL","@id":"https:\/\/gevaliapolska.pl\/home\/produkt\/cote-dor-ciemna-czekolada-z-migdalami-180g\/#primaryimage","url":"https:\/\/gevaliapolska.pl\/wp-content\/uploads\/2021\/02\/5267993-Cote-Dor-Noir-Amandes-Entieres-Folding-Box-180g-Outer-Left-Belgi..-510x561-1.jpg","contentUrl":"https:\/\/gevaliapolska.pl\/wp-content\/uploads\/2021\/02\/5267993-Cote-Dor-Noir-Amandes-Entieres-Folding-Box-180g-Outer-Left-Belgi..-510x561-1.jpg","width":510,"height":561},{"@type":"BreadcrumbList","@id":"https:\/\/gevaliapolska.pl\/home\/produkt\/cote-dor-ciemna-czekolada-z-migdalami-180g\/#breadcrumb","itemListElement":[{"@type":"ListItem","position":1,"name":"Strona g\u0142\u00f3wna","item":"https:\/\/gevaliapolska.pl\/home\/"},{"@type":"ListItem","position":2,"name":"Sklep","item":"https:\/\/gevaliapolska.pl\/home\/home\/sklep\/"},{"@type":"ListItem","position":3,"name":"C\u00f4te d\u2019Or Ciemna Czekolada z Migda\u0142ami 180g"}]},{"@type":"WebSite","@id":"https:\/\/gevaliapolska.pl\/home\/#website","url":"https:\/\/gevaliapolska.pl\/home\/","name":"gevaliapolska","description":"Sklep ze s\u0142odyczami i kaw\u0105 Anthon Berg, Marabou, Toms, Daim, Gevalia, Tchibo","publisher":{"@id":"https:\/\/gevaliapolska.pl\/home\/#organization"},"potentialAction":[{"@type":"SearchAction","target":{"@type":"EntryPoint","urlTemplate":"https:\/\/gevaliapolska.pl\/home\/?s={search_term_string}"},"query-input":{"@type":"PropertyValueSpecification","valueRequired":true,"valueName":"search_term_string"}}],"inLanguage":"pl-PL"},{"@type":"Organization","@id":"https:\/\/gevaliapolska.pl\/home\/#organization","name":"Konsult Impex Sp. z o.o.","url":"https:\/\/gevaliapolska.pl\/home\/","logo":{"@type":"ImageObject","inLanguage":"pl-PL","@id":"https:\/\/gevaliapolska.pl\/home\/#\/schema\/logo\/image\/","url":"https:\/\/gevaliapolska.pl\/wp-content\/uploads\/2021\/02\/konsulimpex-3.svg","contentUrl":"https:\/\/gevaliapolska.pl\/wp-content\/uploads\/2021\/02\/konsulimpex-3.svg","caption":"Konsult Impex Sp. z o.o."},"image":{"@id":"https:\/\/gevaliapolska.pl\/home\/#\/schema\/logo\/image\/"},"sameAs":["https:\/\/www.facebook.com\/konsultimpex.anthonberg\/"]}]}},"jetpack_sharing_enabled":true,"_links":{"self":[{"href":"https:\/\/gevaliapolska.pl\/home\/wp-json\/wp\/v2\/product\/239","targetHints":{"allow":["GET"]}}],"collection":[{"href":"https:\/\/gevaliapolska.pl\/home\/wp-json\/wp\/v2\/product"}],"about":[{"href":"https:\/\/gevaliapolska.pl\/home\/wp-json\/wp\/v2\/types\/product"}],"replies":[{"embeddable":true,"href":"https:\/\/gevaliapolska.pl\/home\/wp-json\/wp\/v2\/comments?post=239"}],"wp:featuredmedia":[{"embeddable":true,"href":"https:\/\/gevaliapolska.pl\/home\/wp-json\/wp\/v2\/media\/240"}],"wp:attachment":[{"href":"https:\/\/gevaliapolska.pl\/home\/wp-json\/wp\/v2\/media?parent=239"}],"wp:term":[{"taxonomy":"product_brand","embeddable":true,"href":"https:\/\/gevaliapolska.pl\/home\/wp-json\/wp\/v2\/product_brand?post=239"},{"taxonomy":"product_cat","embeddable":true,"href":"https:\/\/gevaliapolska.pl\/home\/wp-json\/wp\/v2\/product_cat?post=239"},{"taxonomy":"product_tag","embeddable":true,"href":"https:\/\/gevaliapolska.pl\/home\/wp-json\/wp\/v2\/product_tag?post=239"}],"curies":[{"name":"wp","href":"https:\/\/api.w.org\/{rel}","templated":true}]}}