{"id":210,"date":"2021-02-01T19:52:12","date_gmt":"2021-02-01T18:52:12","guid":{"rendered":"https:\/\/gevaliapolska.pl\/?post_type=product&#038;p=210"},"modified":"2025-05-17T11:56:39","modified_gmt":"2025-05-17T09:56:39","slug":"kawa-jacobs-kronung-mielona-500g-wersja-niemiecka","status":"publish","type":"product","link":"https:\/\/gevaliapolska.pl\/home\/produkt\/kawa-jacobs-kronung-mielona-500g-wersja-niemiecka\/","title":{"rendered":"Kawa Jacobs Kronung mielona 500g Wersja Niemiecka"},"content":{"rendered":"<h1>Kawa Jacobs Kronung Mielona 500g &#8211; Wersja Niemiecka<\/h1>\n<p><strong>Kawa Jacobs Kronung Mielona 500g<\/strong> to doskona\u0142a kawa, kt\u00f3ra \u0142\u0105czy w sobie bogaty, pe\u0142ny smak i aromat, dzi\u0119ki starannie wyselekcjonowanym ziarnom. Jest to kawa mielona, idealna do parzenia w ekspresie ci\u015bnieniowym, kawiarce czy tradycyjnym sposobem. Wersja niemiecka Jacobs Kronung to gwarancja doskona\u0142ej jako\u015bci, kt\u00f3r\u0105 doceni\u0105 prawdziwi koneserzy kawy. Ka\u017cdy \u0142yk tej kawy zapewnia niezr\u00f3wnany smak, kt\u00f3ry doda energii na ca\u0142y dzie\u0144.<\/p>\n<h2>Sk\u0142ad:<\/h2>\n<ul>\n<li>100% mielona kawa arabica<\/li>\n<\/ul>\n<p><strong>Kawa Jacobs Kronung Mielona 500g<\/strong> to kawa o wyj\u0105tkowej jako\u015bci, kt\u00f3rej pe\u0142en smak zawdzi\u0119cza starannemu procesowi palenia ziaren. Dzi\u0119ki swoim w\u0142a\u015bciwo\u015bciom, doskonale nadaje si\u0119 na porann\u0105 kaw\u0119, kt\u00f3ra doda energii i rozpocznie dzie\u0144 z niepowtarzalnym aromatem. Wersja niemiecka to gwarancja wyj\u0105tkowego smaku i aromatu, kt\u00f3re ciesz\u0105 kawoszy na ca\u0142ym \u015bwiecie.<\/p>\n","protected":false},"excerpt":{"rendered":"<p><strong data-start=\"1984\" data-end=\"2039\">Kawa Jacobs Kronung Mielona 500g (wersja niemiecka)<\/strong> to kawa o wyj\u0105tkowym, pe\u0142nym smaku i aromacie, idealna do parzenia w ekspresie czy tradycyjnym sposobem. Doskona\u0142a na poranek, by rozpocz\u0105\u0107 dzie\u0144 z pe\u0142ni\u0105 smaku!<\/p>\n","protected":false},"featured_media":1799,"comment_status":"open","ping_status":"closed","template":"","meta":[],"product_brand":[],"product_cat":[69,35,36],"product_tag":[38],"class_list":{"0":"post-210","1":"product","2":"type-product","3":"status-publish","4":"has-post-thumbnail","6":"product_cat-jacobs","7":"product_cat-kawa","8":"product_cat-kawa-mielona","9":"product_tag-jacobs","11":"first","12":"instock","13":"shipping-taxable","14":"purchasable","15":"product-type-simple"},"yoast_head":"<!-- This site is optimized with the Yoast SEO plugin v25.1 - https:\/\/yoast.com\/wordpress\/plugins\/seo\/ -->\n<title>Kawa Jacobs Kronung mielona 500g Wersja Niemiecka - gevaliapolska<\/title>\n<meta name=\"description\" content=\"Kawa Jacobs Kronung Mielona 500g (wersja niemiecka) \u2013 kawa o pe\u0142nym smaku i aromacie, doskona\u0142a do parzenia w ekspresie lub tradycyjnie. Idealna na pocz\u0105tek dnia.\" \/>\n<meta name=\"robots\" content=\"index, follow, max-snippet:-1, max-image-preview:large, max-video-preview:-1\" \/>\n<link rel=\"canonical\" href=\"https:\/\/gevaliapolska.pl\/home\/produkt\/kawa-jacobs-kronung-mielona-500g-wersja-niemiecka\/\" \/>\n<meta property=\"og:locale\" content=\"pl_PL\" \/>\n<meta property=\"og:type\" content=\"article\" \/>\n<meta property=\"og:title\" content=\"Kawa Jacobs Kronung mielona 500g Wersja Niemiecka - gevaliapolska\" \/>\n<meta property=\"og:description\" content=\"Kawa Jacobs Kronung Mielona 500g (wersja niemiecka) \u2013 kawa o pe\u0142nym smaku i aromacie, doskona\u0142a do parzenia w ekspresie lub tradycyjnie. Idealna na pocz\u0105tek dnia.\" \/>\n<meta property=\"og:url\" content=\"https:\/\/gevaliapolska.pl\/home\/produkt\/kawa-jacobs-kronung-mielona-500g-wersja-niemiecka\/\" \/>\n<meta property=\"og:site_name\" content=\"gevaliapolska\" \/>\n<meta property=\"article:publisher\" content=\"https:\/\/www.facebook.com\/konsultimpex.anthonberg\/\" \/>\n<meta property=\"article:modified_time\" content=\"2025-05-17T09:56:39+00:00\" \/>\n<meta property=\"og:image\" content=\"https:\/\/gevaliapolska.pl\/wp-content\/uploads\/2021\/02\/Jacobs-Kronung-500g-kawa-mielona-import.jpg\" \/>\n\t<meta property=\"og:image:width\" content=\"1200\" \/>\n\t<meta property=\"og:image:height\" content=\"1200\" \/>\n\t<meta property=\"og:image:type\" content=\"image\/jpeg\" \/>\n<meta name=\"twitter:card\" content=\"summary_large_image\" \/>\n<meta name=\"twitter:label1\" content=\"Szacowany czas czytania\" \/>\n\t<meta name=\"twitter:data1\" content=\"1 minuta\" \/>\n<script type=\"application\/ld+json\" class=\"yoast-schema-graph\">{\"@context\":\"https:\/\/schema.org\",\"@graph\":[{\"@type\":\"WebPage\",\"@id\":\"https:\/\/gevaliapolska.pl\/home\/produkt\/kawa-jacobs-kronung-mielona-500g-wersja-niemiecka\/\",\"url\":\"https:\/\/gevaliapolska.pl\/home\/produkt\/kawa-jacobs-kronung-mielona-500g-wersja-niemiecka\/\",\"name\":\"Kawa Jacobs Kronung mielona 500g Wersja Niemiecka - gevaliapolska\",\"isPartOf\":{\"@id\":\"https:\/\/gevaliapolska.pl\/home\/#website\"},\"primaryImageOfPage\":{\"@id\":\"https:\/\/gevaliapolska.pl\/home\/produkt\/kawa-jacobs-kronung-mielona-500g-wersja-niemiecka\/#primaryimage\"},\"image\":{\"@id\":\"https:\/\/gevaliapolska.pl\/home\/produkt\/kawa-jacobs-kronung-mielona-500g-wersja-niemiecka\/#primaryimage\"},\"thumbnailUrl\":\"https:\/\/gevaliapolska.pl\/wp-content\/uploads\/2021\/02\/Jacobs-Kronung-500g-kawa-mielona-import.jpg\",\"datePublished\":\"2021-02-01T18:52:12+00:00\",\"dateModified\":\"2025-05-17T09:56:39+00:00\",\"description\":\"Kawa Jacobs Kronung Mielona 500g (wersja niemiecka) \u2013 kawa o pe\u0142nym smaku i aromacie, doskona\u0142a do parzenia w ekspresie lub tradycyjnie. Idealna na pocz\u0105tek dnia.\",\"breadcrumb\":{\"@id\":\"https:\/\/gevaliapolska.pl\/home\/produkt\/kawa-jacobs-kronung-mielona-500g-wersja-niemiecka\/#breadcrumb\"},\"inLanguage\":\"pl-PL\",\"potentialAction\":[{\"@type\":\"ReadAction\",\"target\":[\"https:\/\/gevaliapolska.pl\/home\/produkt\/kawa-jacobs-kronung-mielona-500g-wersja-niemiecka\/\"]}]},{\"@type\":\"ImageObject\",\"inLanguage\":\"pl-PL\",\"@id\":\"https:\/\/gevaliapolska.pl\/home\/produkt\/kawa-jacobs-kronung-mielona-500g-wersja-niemiecka\/#primaryimage\",\"url\":\"https:\/\/gevaliapolska.pl\/wp-content\/uploads\/2021\/02\/Jacobs-Kronung-500g-kawa-mielona-import.jpg\",\"contentUrl\":\"https:\/\/gevaliapolska.pl\/wp-content\/uploads\/2021\/02\/Jacobs-Kronung-500g-kawa-mielona-import.jpg\",\"width\":1200,\"height\":1200,\"caption\":\"69d265aeb98db96b3807b936897527241d15fbf29bd283dd2008ebb8c9a7fb0a4e86429ae246d758fac0971d7cb5cd37103748ecb181661ebd967df0539fc7bc3a8e8237737acd0db9feb03601c55574\"},{\"@type\":\"BreadcrumbList\",\"@id\":\"https:\/\/gevaliapolska.pl\/home\/produkt\/kawa-jacobs-kronung-mielona-500g-wersja-niemiecka\/#breadcrumb\",\"itemListElement\":[{\"@type\":\"ListItem\",\"position\":1,\"name\":\"Strona g\u0142\u00f3wna\",\"item\":\"https:\/\/gevaliapolska.pl\/home\/\"},{\"@type\":\"ListItem\",\"position\":2,\"name\":\"Sklep\",\"item\":\"https:\/\/gevaliapolska.pl\/home\/home\/sklep\/\"},{\"@type\":\"ListItem\",\"position\":3,\"name\":\"Kawa Jacobs Kronung mielona 500g Wersja Niemiecka\"}]},{\"@type\":\"WebSite\",\"@id\":\"https:\/\/gevaliapolska.pl\/home\/#website\",\"url\":\"https:\/\/gevaliapolska.pl\/home\/\",\"name\":\"gevaliapolska\",\"description\":\"Sklep ze s\u0142odyczami i kaw\u0105 Anthon Berg, Marabou, Toms, Daim, Gevalia, Tchibo\",\"publisher\":{\"@id\":\"https:\/\/gevaliapolska.pl\/home\/#organization\"},\"potentialAction\":[{\"@type\":\"SearchAction\",\"target\":{\"@type\":\"EntryPoint\",\"urlTemplate\":\"https:\/\/gevaliapolska.pl\/home\/?s={search_term_string}\"},\"query-input\":{\"@type\":\"PropertyValueSpecification\",\"valueRequired\":true,\"valueName\":\"search_term_string\"}}],\"inLanguage\":\"pl-PL\"},{\"@type\":\"Organization\",\"@id\":\"https:\/\/gevaliapolska.pl\/home\/#organization\",\"name\":\"Konsult Impex Sp. z o.o.\",\"url\":\"https:\/\/gevaliapolska.pl\/home\/\",\"logo\":{\"@type\":\"ImageObject\",\"inLanguage\":\"pl-PL\",\"@id\":\"https:\/\/gevaliapolska.pl\/home\/#\/schema\/logo\/image\/\",\"url\":\"https:\/\/gevaliapolska.pl\/wp-content\/uploads\/2021\/02\/konsulimpex-3.svg\",\"contentUrl\":\"https:\/\/gevaliapolska.pl\/wp-content\/uploads\/2021\/02\/konsulimpex-3.svg\",\"caption\":\"Konsult Impex Sp. z o.o.\"},\"image\":{\"@id\":\"https:\/\/gevaliapolska.pl\/home\/#\/schema\/logo\/image\/\"},\"sameAs\":[\"https:\/\/www.facebook.com\/konsultimpex.anthonberg\/\"]}]}<\/script>\n<!-- \/ Yoast SEO plugin. -->","yoast_head_json":{"title":"Kawa Jacobs Kronung mielona 500g Wersja Niemiecka - gevaliapolska","description":"Kawa Jacobs Kronung Mielona 500g (wersja niemiecka) \u2013 kawa o pe\u0142nym smaku i aromacie, doskona\u0142a do parzenia w ekspresie lub tradycyjnie. Idealna na pocz\u0105tek dnia.","robots":{"index":"index","follow":"follow","max-snippet":"max-snippet:-1","max-image-preview":"max-image-preview:large","max-video-preview":"max-video-preview:-1"},"canonical":"https:\/\/gevaliapolska.pl\/home\/produkt\/kawa-jacobs-kronung-mielona-500g-wersja-niemiecka\/","og_locale":"pl_PL","og_type":"article","og_title":"Kawa Jacobs Kronung mielona 500g Wersja Niemiecka - gevaliapolska","og_description":"Kawa Jacobs Kronung Mielona 500g (wersja niemiecka) \u2013 kawa o pe\u0142nym smaku i aromacie, doskona\u0142a do parzenia w ekspresie lub tradycyjnie. Idealna na pocz\u0105tek dnia.","og_url":"https:\/\/gevaliapolska.pl\/home\/produkt\/kawa-jacobs-kronung-mielona-500g-wersja-niemiecka\/","og_site_name":"gevaliapolska","article_publisher":"https:\/\/www.facebook.com\/konsultimpex.anthonberg\/","article_modified_time":"2025-05-17T09:56:39+00:00","og_image":[{"width":1200,"height":1200,"url":"https:\/\/gevaliapolska.pl\/wp-content\/uploads\/2021\/02\/Jacobs-Kronung-500g-kawa-mielona-import.jpg","type":"image\/jpeg"}],"twitter_card":"summary_large_image","twitter_misc":{"Szacowany czas czytania":"1 minuta"},"schema":{"@context":"https:\/\/schema.org","@graph":[{"@type":"WebPage","@id":"https:\/\/gevaliapolska.pl\/home\/produkt\/kawa-jacobs-kronung-mielona-500g-wersja-niemiecka\/","url":"https:\/\/gevaliapolska.pl\/home\/produkt\/kawa-jacobs-kronung-mielona-500g-wersja-niemiecka\/","name":"Kawa Jacobs Kronung mielona 500g Wersja Niemiecka - gevaliapolska","isPartOf":{"@id":"https:\/\/gevaliapolska.pl\/home\/#website"},"primaryImageOfPage":{"@id":"https:\/\/gevaliapolska.pl\/home\/produkt\/kawa-jacobs-kronung-mielona-500g-wersja-niemiecka\/#primaryimage"},"image":{"@id":"https:\/\/gevaliapolska.pl\/home\/produkt\/kawa-jacobs-kronung-mielona-500g-wersja-niemiecka\/#primaryimage"},"thumbnailUrl":"https:\/\/gevaliapolska.pl\/wp-content\/uploads\/2021\/02\/Jacobs-Kronung-500g-kawa-mielona-import.jpg","datePublished":"2021-02-01T18:52:12+00:00","dateModified":"2025-05-17T09:56:39+00:00","description":"Kawa Jacobs Kronung Mielona 500g (wersja niemiecka) \u2013 kawa o pe\u0142nym smaku i aromacie, doskona\u0142a do parzenia w ekspresie lub tradycyjnie. Idealna na pocz\u0105tek dnia.","breadcrumb":{"@id":"https:\/\/gevaliapolska.pl\/home\/produkt\/kawa-jacobs-kronung-mielona-500g-wersja-niemiecka\/#breadcrumb"},"inLanguage":"pl-PL","potentialAction":[{"@type":"ReadAction","target":["https:\/\/gevaliapolska.pl\/home\/produkt\/kawa-jacobs-kronung-mielona-500g-wersja-niemiecka\/"]}]},{"@type":"ImageObject","inLanguage":"pl-PL","@id":"https:\/\/gevaliapolska.pl\/home\/produkt\/kawa-jacobs-kronung-mielona-500g-wersja-niemiecka\/#primaryimage","url":"https:\/\/gevaliapolska.pl\/wp-content\/uploads\/2021\/02\/Jacobs-Kronung-500g-kawa-mielona-import.jpg","contentUrl":"https:\/\/gevaliapolska.pl\/wp-content\/uploads\/2021\/02\/Jacobs-Kronung-500g-kawa-mielona-import.jpg","width":1200,"height":1200,"caption":"69d265aeb98db96b3807b936897527241d15fbf29bd283dd2008ebb8c9a7fb0a4e86429ae246d758fac0971d7cb5cd37103748ecb181661ebd967df0539fc7bc3a8e8237737acd0db9feb03601c55574"},{"@type":"BreadcrumbList","@id":"https:\/\/gevaliapolska.pl\/home\/produkt\/kawa-jacobs-kronung-mielona-500g-wersja-niemiecka\/#breadcrumb","itemListElement":[{"@type":"ListItem","position":1,"name":"Strona g\u0142\u00f3wna","item":"https:\/\/gevaliapolska.pl\/home\/"},{"@type":"ListItem","position":2,"name":"Sklep","item":"https:\/\/gevaliapolska.pl\/home\/home\/sklep\/"},{"@type":"ListItem","position":3,"name":"Kawa Jacobs Kronung mielona 500g Wersja Niemiecka"}]},{"@type":"WebSite","@id":"https:\/\/gevaliapolska.pl\/home\/#website","url":"https:\/\/gevaliapolska.pl\/home\/","name":"gevaliapolska","description":"Sklep ze s\u0142odyczami i kaw\u0105 Anthon Berg, Marabou, Toms, Daim, Gevalia, Tchibo","publisher":{"@id":"https:\/\/gevaliapolska.pl\/home\/#organization"},"potentialAction":[{"@type":"SearchAction","target":{"@type":"EntryPoint","urlTemplate":"https:\/\/gevaliapolska.pl\/home\/?s={search_term_string}"},"query-input":{"@type":"PropertyValueSpecification","valueRequired":true,"valueName":"search_term_string"}}],"inLanguage":"pl-PL"},{"@type":"Organization","@id":"https:\/\/gevaliapolska.pl\/home\/#organization","name":"Konsult Impex Sp. z o.o.","url":"https:\/\/gevaliapolska.pl\/home\/","logo":{"@type":"ImageObject","inLanguage":"pl-PL","@id":"https:\/\/gevaliapolska.pl\/home\/#\/schema\/logo\/image\/","url":"https:\/\/gevaliapolska.pl\/wp-content\/uploads\/2021\/02\/konsulimpex-3.svg","contentUrl":"https:\/\/gevaliapolska.pl\/wp-content\/uploads\/2021\/02\/konsulimpex-3.svg","caption":"Konsult Impex Sp. z o.o."},"image":{"@id":"https:\/\/gevaliapolska.pl\/home\/#\/schema\/logo\/image\/"},"sameAs":["https:\/\/www.facebook.com\/konsultimpex.anthonberg\/"]}]}},"jetpack_sharing_enabled":true,"_links":{"self":[{"href":"https:\/\/gevaliapolska.pl\/home\/wp-json\/wp\/v2\/product\/210","targetHints":{"allow":["GET"]}}],"collection":[{"href":"https:\/\/gevaliapolska.pl\/home\/wp-json\/wp\/v2\/product"}],"about":[{"href":"https:\/\/gevaliapolska.pl\/home\/wp-json\/wp\/v2\/types\/product"}],"replies":[{"embeddable":true,"href":"https:\/\/gevaliapolska.pl\/home\/wp-json\/wp\/v2\/comments?post=210"}],"wp:featuredmedia":[{"embeddable":true,"href":"https:\/\/gevaliapolska.pl\/home\/wp-json\/wp\/v2\/media\/1799"}],"wp:attachment":[{"href":"https:\/\/gevaliapolska.pl\/home\/wp-json\/wp\/v2\/media?parent=210"}],"wp:term":[{"taxonomy":"product_brand","embeddable":true,"href":"https:\/\/gevaliapolska.pl\/home\/wp-json\/wp\/v2\/product_brand?post=210"},{"taxonomy":"product_cat","embeddable":true,"href":"https:\/\/gevaliapolska.pl\/home\/wp-json\/wp\/v2\/product_cat?post=210"},{"taxonomy":"product_tag","embeddable":true,"href":"https:\/\/gevaliapolska.pl\/home\/wp-json\/wp\/v2\/product_tag?post=210"}],"curies":[{"name":"wp","href":"https:\/\/api.w.org\/{rel}","templated":true}]}}