{"id":1245,"date":"2023-02-20T07:32:11","date_gmt":"2023-02-20T06:32:11","guid":{"rendered":"https:\/\/gevaliapolska.pl\/home\/?post_type=product&#038;p=1245"},"modified":"2025-05-17T12:47:33","modified_gmt":"2025-05-17T10:47:33","slug":"anthon-berg-almonds-eggs-80g","status":"publish","type":"product","link":"https:\/\/gevaliapolska.pl\/home\/produkt\/anthon-berg-almonds-eggs-80g\/","title":{"rendered":"Anthon Berg Mini Fugle\u00e6g 80g"},"content":{"rendered":"<h1>Anthon Berg &#8211; Mini Fugle\u00e6g<\/h1>\n<p><strong>Anthon Berg &#8211; Mini Fugle\u00e6g<\/strong> to wyj\u0105tkowe, ma\u0142e czekoladowe jajka wype\u0142nione pysznym nadzieniem, kt\u00f3re idealnie nadaj\u0105 si\u0119 na ka\u017cd\u0105 okazj\u0119. Te delikatne czekoladki \u0142\u0105cz\u0105 wysokiej jako\u015bci czekolad\u0119 z r\u00f3\u017cnorodnymi nadzieniami, tworz\u0105c harmonijn\u0105 kompozycj\u0119 smak\u00f3w, kt\u00f3ra zadowoli ka\u017cdego mi\u0142o\u015bnika s\u0142odyczy. Mini Fugle\u00e6g to tak\u017ce doskona\u0142y wyb\u00f3r na prezent, kt\u00f3ry z pewno\u015bci\u0105 zachwyci ka\u017cdego odbiorc\u0119.<\/p>\n<h2>Sk\u0142ad:<\/h2>\n<ul>\n<li>Czekolada mleczna (cukier, mleko w proszku, kakao)<\/li>\n<li>Mas\u0142o kakaowe<\/li>\n<li>Aromaty naturalne<\/li>\n<li>Emulgator (lecytyna sojowa)<\/li>\n<\/ul>\n<h2>Warto\u015bci energetyczne (na 100g):<\/h2>\n<table>\n<tbody>\n<tr>\n<th>Warto\u015b\u0107 energetyczna<\/th>\n<td>550 kcal \/ 2290 kJ<\/td>\n<\/tr>\n<tr>\n<th>T\u0142uszcz<\/th>\n<td>34 g<\/td>\n<\/tr>\n<tr>\n<th>w tym kwasy t\u0142uszczowe nasycone<\/th>\n<td>9 g<\/td>\n<\/tr>\n<tr>\n<th>W\u0119glowodany<\/th>\n<td>55 g<\/td>\n<\/tr>\n<tr>\n<th>w tym cukry<\/th>\n<td>53 g<\/td>\n<\/tr>\n<tr>\n<th>Bia\u0142ko<\/th>\n<td>6 g<\/td>\n<\/tr>\n<tr>\n<th>S\u00f3l<\/th>\n<td>0.03 g<\/td>\n<\/tr>\n<\/tbody>\n<\/table>\n<p><strong>Anthon Berg &#8211; Mini Fugle\u00e6g<\/strong> to ma\u0142e, ale pe\u0142ne smaku czekoladki, kt\u00f3re doskonale pasuj\u0105 do ka\u017cdej okazji. Idealne na prezent, jako s\u0142odka przek\u0105ska lub do wsp\u00f3lnego dzielenia si\u0119 przy r\u00f3\u017cnych okazjach.<\/p>\n","protected":false},"excerpt":{"rendered":"<p>Anthon Berg &#8211; Mini Fugle\u00e6g to wyj\u0105tkowe czekoladowe jajka wype\u0142nione pysznym nadzieniem. Doskona\u0142e na prezent, do podjadania lub jako s\u0142odka przyjemno\u015b\u0107 na ka\u017cd\u0105 okazj\u0119.<\/p>\n","protected":false},"featured_media":1247,"comment_status":"open","ping_status":"closed","template":"","meta":[],"product_brand":[],"product_cat":[176,185,21,19,154],"product_tag":[17,155],"class_list":{"0":"post-1245","1":"product","2":"type-product","3":"status-publish","4":"has-post-thumbnail","6":"product_cat-anthon-berg-marki","7":"product_cat-czekoladki-bez-alkoholu","8":"product_cat-czekoladki","9":"product_cat-slodycze","10":"product_cat-wielkanocna-oferta","11":"product_tag-anthon-berg","12":"product_tag-wielkanoc","14":"first","15":"instock","16":"shipping-taxable","17":"purchasable","18":"product-type-simple"},"yoast_head":"<!-- This site is optimized with the Yoast SEO plugin v25.1 - https:\/\/yoast.com\/wordpress\/plugins\/seo\/ -->\n<title>Anthon Berg Mini Fugle\u00e6g 80g - gevaliapolska<\/title>\n<meta name=\"description\" content=\"Anthon Berg - Mini Fugle\u00e6g to wyj\u0105tkowe czekoladowe jajka wype\u0142nione pysznym nadzieniem. Doskona\u0142e na prezent, do podjadania lub jako s\u0142odka przyjemno\u015b\u0107 na ka\u017cd\u0105 okazj\u0119.\" \/>\n<meta name=\"robots\" content=\"index, follow, max-snippet:-1, max-image-preview:large, max-video-preview:-1\" \/>\n<link rel=\"canonical\" href=\"https:\/\/gevaliapolska.pl\/home\/produkt\/anthon-berg-almonds-eggs-80g\/\" \/>\n<meta property=\"og:locale\" content=\"pl_PL\" \/>\n<meta property=\"og:type\" content=\"article\" \/>\n<meta property=\"og:title\" content=\"Anthon Berg Mini Fugle\u00e6g 80g - gevaliapolska\" \/>\n<meta property=\"og:description\" content=\"Anthon Berg - Mini Fugle\u00e6g to wyj\u0105tkowe czekoladowe jajka wype\u0142nione pysznym nadzieniem. Doskona\u0142e na prezent, do podjadania lub jako s\u0142odka przyjemno\u015b\u0107 na ka\u017cd\u0105 okazj\u0119.\" \/>\n<meta property=\"og:url\" content=\"https:\/\/gevaliapolska.pl\/home\/produkt\/anthon-berg-almonds-eggs-80g\/\" \/>\n<meta property=\"og:site_name\" content=\"gevaliapolska\" \/>\n<meta property=\"article:publisher\" content=\"https:\/\/www.facebook.com\/konsultimpex.anthonberg\/\" \/>\n<meta property=\"article:modified_time\" content=\"2025-05-17T10:47:33+00:00\" \/>\n<meta property=\"og:image\" content=\"https:\/\/gevaliapolska.pl\/wp-content\/uploads\/2023\/02\/Anthon-Berg-Marsipanagg-Mini-5774540952345.jpeg\" \/>\n\t<meta property=\"og:image:width\" content=\"1000\" \/>\n\t<meta property=\"og:image:height\" content=\"1000\" \/>\n\t<meta property=\"og:image:type\" content=\"image\/jpeg\" \/>\n<meta name=\"twitter:card\" content=\"summary_large_image\" \/>\n<meta name=\"twitter:label1\" content=\"Szacowany czas czytania\" \/>\n\t<meta name=\"twitter:data1\" content=\"2 minuty\" \/>\n<script type=\"application\/ld+json\" class=\"yoast-schema-graph\">{\"@context\":\"https:\/\/schema.org\",\"@graph\":[{\"@type\":\"WebPage\",\"@id\":\"https:\/\/gevaliapolska.pl\/home\/produkt\/anthon-berg-almonds-eggs-80g\/\",\"url\":\"https:\/\/gevaliapolska.pl\/home\/produkt\/anthon-berg-almonds-eggs-80g\/\",\"name\":\"Anthon Berg Mini Fugle\u00e6g 80g - gevaliapolska\",\"isPartOf\":{\"@id\":\"https:\/\/gevaliapolska.pl\/home\/#website\"},\"primaryImageOfPage\":{\"@id\":\"https:\/\/gevaliapolska.pl\/home\/produkt\/anthon-berg-almonds-eggs-80g\/#primaryimage\"},\"image\":{\"@id\":\"https:\/\/gevaliapolska.pl\/home\/produkt\/anthon-berg-almonds-eggs-80g\/#primaryimage\"},\"thumbnailUrl\":\"https:\/\/gevaliapolska.pl\/wp-content\/uploads\/2023\/02\/Anthon-Berg-Marsipanagg-Mini-5774540952345.jpeg\",\"datePublished\":\"2023-02-20T06:32:11+00:00\",\"dateModified\":\"2025-05-17T10:47:33+00:00\",\"description\":\"Anthon Berg - Mini Fugle\u00e6g to wyj\u0105tkowe czekoladowe jajka wype\u0142nione pysznym nadzieniem. Doskona\u0142e na prezent, do podjadania lub jako s\u0142odka przyjemno\u015b\u0107 na ka\u017cd\u0105 okazj\u0119.\",\"breadcrumb\":{\"@id\":\"https:\/\/gevaliapolska.pl\/home\/produkt\/anthon-berg-almonds-eggs-80g\/#breadcrumb\"},\"inLanguage\":\"pl-PL\",\"potentialAction\":[{\"@type\":\"ReadAction\",\"target\":[\"https:\/\/gevaliapolska.pl\/home\/produkt\/anthon-berg-almonds-eggs-80g\/\"]}]},{\"@type\":\"ImageObject\",\"inLanguage\":\"pl-PL\",\"@id\":\"https:\/\/gevaliapolska.pl\/home\/produkt\/anthon-berg-almonds-eggs-80g\/#primaryimage\",\"url\":\"https:\/\/gevaliapolska.pl\/wp-content\/uploads\/2023\/02\/Anthon-Berg-Marsipanagg-Mini-5774540952345.jpeg\",\"contentUrl\":\"https:\/\/gevaliapolska.pl\/wp-content\/uploads\/2023\/02\/Anthon-Berg-Marsipanagg-Mini-5774540952345.jpeg\",\"width\":1000,\"height\":1000},{\"@type\":\"BreadcrumbList\",\"@id\":\"https:\/\/gevaliapolska.pl\/home\/produkt\/anthon-berg-almonds-eggs-80g\/#breadcrumb\",\"itemListElement\":[{\"@type\":\"ListItem\",\"position\":1,\"name\":\"Strona g\u0142\u00f3wna\",\"item\":\"https:\/\/gevaliapolska.pl\/home\/\"},{\"@type\":\"ListItem\",\"position\":2,\"name\":\"Sklep\",\"item\":\"https:\/\/gevaliapolska.pl\/home\/home\/sklep\/\"},{\"@type\":\"ListItem\",\"position\":3,\"name\":\"Anthon Berg Mini Fugle\u00e6g 80g\"}]},{\"@type\":\"WebSite\",\"@id\":\"https:\/\/gevaliapolska.pl\/home\/#website\",\"url\":\"https:\/\/gevaliapolska.pl\/home\/\",\"name\":\"gevaliapolska\",\"description\":\"Sklep ze s\u0142odyczami i kaw\u0105 Anthon Berg, Marabou, Toms, Daim, Gevalia, Tchibo\",\"publisher\":{\"@id\":\"https:\/\/gevaliapolska.pl\/home\/#organization\"},\"potentialAction\":[{\"@type\":\"SearchAction\",\"target\":{\"@type\":\"EntryPoint\",\"urlTemplate\":\"https:\/\/gevaliapolska.pl\/home\/?s={search_term_string}\"},\"query-input\":{\"@type\":\"PropertyValueSpecification\",\"valueRequired\":true,\"valueName\":\"search_term_string\"}}],\"inLanguage\":\"pl-PL\"},{\"@type\":\"Organization\",\"@id\":\"https:\/\/gevaliapolska.pl\/home\/#organization\",\"name\":\"Konsult Impex Sp. z o.o.\",\"url\":\"https:\/\/gevaliapolska.pl\/home\/\",\"logo\":{\"@type\":\"ImageObject\",\"inLanguage\":\"pl-PL\",\"@id\":\"https:\/\/gevaliapolska.pl\/home\/#\/schema\/logo\/image\/\",\"url\":\"https:\/\/gevaliapolska.pl\/wp-content\/uploads\/2021\/02\/konsulimpex-3.svg\",\"contentUrl\":\"https:\/\/gevaliapolska.pl\/wp-content\/uploads\/2021\/02\/konsulimpex-3.svg\",\"caption\":\"Konsult Impex Sp. z o.o.\"},\"image\":{\"@id\":\"https:\/\/gevaliapolska.pl\/home\/#\/schema\/logo\/image\/\"},\"sameAs\":[\"https:\/\/www.facebook.com\/konsultimpex.anthonberg\/\"]}]}<\/script>\n<!-- \/ Yoast SEO plugin. -->","yoast_head_json":{"title":"Anthon Berg Mini Fugle\u00e6g 80g - gevaliapolska","description":"Anthon Berg - Mini Fugle\u00e6g to wyj\u0105tkowe czekoladowe jajka wype\u0142nione pysznym nadzieniem. Doskona\u0142e na prezent, do podjadania lub jako s\u0142odka przyjemno\u015b\u0107 na ka\u017cd\u0105 okazj\u0119.","robots":{"index":"index","follow":"follow","max-snippet":"max-snippet:-1","max-image-preview":"max-image-preview:large","max-video-preview":"max-video-preview:-1"},"canonical":"https:\/\/gevaliapolska.pl\/home\/produkt\/anthon-berg-almonds-eggs-80g\/","og_locale":"pl_PL","og_type":"article","og_title":"Anthon Berg Mini Fugle\u00e6g 80g - gevaliapolska","og_description":"Anthon Berg - Mini Fugle\u00e6g to wyj\u0105tkowe czekoladowe jajka wype\u0142nione pysznym nadzieniem. Doskona\u0142e na prezent, do podjadania lub jako s\u0142odka przyjemno\u015b\u0107 na ka\u017cd\u0105 okazj\u0119.","og_url":"https:\/\/gevaliapolska.pl\/home\/produkt\/anthon-berg-almonds-eggs-80g\/","og_site_name":"gevaliapolska","article_publisher":"https:\/\/www.facebook.com\/konsultimpex.anthonberg\/","article_modified_time":"2025-05-17T10:47:33+00:00","og_image":[{"width":1000,"height":1000,"url":"https:\/\/gevaliapolska.pl\/wp-content\/uploads\/2023\/02\/Anthon-Berg-Marsipanagg-Mini-5774540952345.jpeg","type":"image\/jpeg"}],"twitter_card":"summary_large_image","twitter_misc":{"Szacowany czas czytania":"2 minuty"},"schema":{"@context":"https:\/\/schema.org","@graph":[{"@type":"WebPage","@id":"https:\/\/gevaliapolska.pl\/home\/produkt\/anthon-berg-almonds-eggs-80g\/","url":"https:\/\/gevaliapolska.pl\/home\/produkt\/anthon-berg-almonds-eggs-80g\/","name":"Anthon Berg Mini Fugle\u00e6g 80g - gevaliapolska","isPartOf":{"@id":"https:\/\/gevaliapolska.pl\/home\/#website"},"primaryImageOfPage":{"@id":"https:\/\/gevaliapolska.pl\/home\/produkt\/anthon-berg-almonds-eggs-80g\/#primaryimage"},"image":{"@id":"https:\/\/gevaliapolska.pl\/home\/produkt\/anthon-berg-almonds-eggs-80g\/#primaryimage"},"thumbnailUrl":"https:\/\/gevaliapolska.pl\/wp-content\/uploads\/2023\/02\/Anthon-Berg-Marsipanagg-Mini-5774540952345.jpeg","datePublished":"2023-02-20T06:32:11+00:00","dateModified":"2025-05-17T10:47:33+00:00","description":"Anthon Berg - Mini Fugle\u00e6g to wyj\u0105tkowe czekoladowe jajka wype\u0142nione pysznym nadzieniem. Doskona\u0142e na prezent, do podjadania lub jako s\u0142odka przyjemno\u015b\u0107 na ka\u017cd\u0105 okazj\u0119.","breadcrumb":{"@id":"https:\/\/gevaliapolska.pl\/home\/produkt\/anthon-berg-almonds-eggs-80g\/#breadcrumb"},"inLanguage":"pl-PL","potentialAction":[{"@type":"ReadAction","target":["https:\/\/gevaliapolska.pl\/home\/produkt\/anthon-berg-almonds-eggs-80g\/"]}]},{"@type":"ImageObject","inLanguage":"pl-PL","@id":"https:\/\/gevaliapolska.pl\/home\/produkt\/anthon-berg-almonds-eggs-80g\/#primaryimage","url":"https:\/\/gevaliapolska.pl\/wp-content\/uploads\/2023\/02\/Anthon-Berg-Marsipanagg-Mini-5774540952345.jpeg","contentUrl":"https:\/\/gevaliapolska.pl\/wp-content\/uploads\/2023\/02\/Anthon-Berg-Marsipanagg-Mini-5774540952345.jpeg","width":1000,"height":1000},{"@type":"BreadcrumbList","@id":"https:\/\/gevaliapolska.pl\/home\/produkt\/anthon-berg-almonds-eggs-80g\/#breadcrumb","itemListElement":[{"@type":"ListItem","position":1,"name":"Strona g\u0142\u00f3wna","item":"https:\/\/gevaliapolska.pl\/home\/"},{"@type":"ListItem","position":2,"name":"Sklep","item":"https:\/\/gevaliapolska.pl\/home\/home\/sklep\/"},{"@type":"ListItem","position":3,"name":"Anthon Berg Mini Fugle\u00e6g 80g"}]},{"@type":"WebSite","@id":"https:\/\/gevaliapolska.pl\/home\/#website","url":"https:\/\/gevaliapolska.pl\/home\/","name":"gevaliapolska","description":"Sklep ze s\u0142odyczami i kaw\u0105 Anthon Berg, Marabou, Toms, Daim, Gevalia, Tchibo","publisher":{"@id":"https:\/\/gevaliapolska.pl\/home\/#organization"},"potentialAction":[{"@type":"SearchAction","target":{"@type":"EntryPoint","urlTemplate":"https:\/\/gevaliapolska.pl\/home\/?s={search_term_string}"},"query-input":{"@type":"PropertyValueSpecification","valueRequired":true,"valueName":"search_term_string"}}],"inLanguage":"pl-PL"},{"@type":"Organization","@id":"https:\/\/gevaliapolska.pl\/home\/#organization","name":"Konsult Impex Sp. z o.o.","url":"https:\/\/gevaliapolska.pl\/home\/","logo":{"@type":"ImageObject","inLanguage":"pl-PL","@id":"https:\/\/gevaliapolska.pl\/home\/#\/schema\/logo\/image\/","url":"https:\/\/gevaliapolska.pl\/wp-content\/uploads\/2021\/02\/konsulimpex-3.svg","contentUrl":"https:\/\/gevaliapolska.pl\/wp-content\/uploads\/2021\/02\/konsulimpex-3.svg","caption":"Konsult Impex Sp. z o.o."},"image":{"@id":"https:\/\/gevaliapolska.pl\/home\/#\/schema\/logo\/image\/"},"sameAs":["https:\/\/www.facebook.com\/konsultimpex.anthonberg\/"]}]}},"jetpack_sharing_enabled":true,"_links":{"self":[{"href":"https:\/\/gevaliapolska.pl\/home\/wp-json\/wp\/v2\/product\/1245","targetHints":{"allow":["GET"]}}],"collection":[{"href":"https:\/\/gevaliapolska.pl\/home\/wp-json\/wp\/v2\/product"}],"about":[{"href":"https:\/\/gevaliapolska.pl\/home\/wp-json\/wp\/v2\/types\/product"}],"replies":[{"embeddable":true,"href":"https:\/\/gevaliapolska.pl\/home\/wp-json\/wp\/v2\/comments?post=1245"}],"wp:featuredmedia":[{"embeddable":true,"href":"https:\/\/gevaliapolska.pl\/home\/wp-json\/wp\/v2\/media\/1247"}],"wp:attachment":[{"href":"https:\/\/gevaliapolska.pl\/home\/wp-json\/wp\/v2\/media?parent=1245"}],"wp:term":[{"taxonomy":"product_brand","embeddable":true,"href":"https:\/\/gevaliapolska.pl\/home\/wp-json\/wp\/v2\/product_brand?post=1245"},{"taxonomy":"product_cat","embeddable":true,"href":"https:\/\/gevaliapolska.pl\/home\/wp-json\/wp\/v2\/product_cat?post=1245"},{"taxonomy":"product_tag","embeddable":true,"href":"https:\/\/gevaliapolska.pl\/home\/wp-json\/wp\/v2\/product_tag?post=1245"}],"curies":[{"name":"wp","href":"https:\/\/api.w.org\/{rel}","templated":true}]}}