{"id":1046,"date":"2023-02-05T22:11:02","date_gmt":"2023-02-05T21:11:02","guid":{"rendered":"https:\/\/gevaliapolska.pl\/home\/?post_type=product&#038;p=1046"},"modified":"2025-05-17T13:05:26","modified_gmt":"2025-05-17T11:05:26","slug":"marabou-mjolk-xl-cookies","status":"publish","type":"product","link":"https:\/\/gevaliapolska.pl\/home\/produkt\/marabou-mjolk-xl-cookies\/","title":{"rendered":"Marabou Mjolk XL Cookies\u00a0184g"},"content":{"rendered":"<h1>Marabou Mjolk XL Cookies<\/h1>\n<p><strong>Marabou Mjolk XL Cookies<\/strong> to wyj\u0105tkowa mleczna czekolada w po\u0142\u0105czeniu z chrupi\u0105cymi kawa\u0142kami ciastek, kt\u00f3ra zaspokoi Twoj\u0105 ochot\u0119 na s\u0142odk\u0105 przyjemno\u015b\u0107. Du\u017ca tabliczka czekolady Marabou, w kt\u00f3rej ukryte s\u0105 kawa\u0142ki pysznych ciastek, zapewnia doskona\u0142y balans pomi\u0119dzy s\u0142odycz\u0105 czekolady a chrupi\u0105c\u0105 tekstur\u0105 ciastek. Idealna na chwil\u0119 relaksu, spotkanie z przyjaci\u00f3\u0142mi lub jako s\u0142odka przek\u0105ska w ci\u0105gu dnia. Dzi\u0119ki XL wersji opakowania, mo\u017cesz cieszy\u0107 si\u0119 ni\u0105 przez d\u0142u\u017cej!<\/p>\n<h2>Sk\u0142ad:<\/h2>\n<ul>\n<li>Czekolada mleczna (cukier, mleko w proszku, kakao)<\/li>\n<li>Ciastka (m\u0105ka pszenna, cukier, t\u0142uszcz ro\u015blinny, s\u00f3l)<\/li>\n<li>Mas\u0142o kakaowe<\/li>\n<li>Aromaty naturalne<\/li>\n<li>Emulgator (lecytyna sojowa)<\/li>\n<\/ul>\n<h2>Warto\u015bci energetyczne (na 100g):<\/h2>\n<table>\n<tbody>\n<tr>\n<th>Warto\u015b\u0107 energetyczna<\/th>\n<td>540 kcal \/ 2260 kJ<\/td>\n<\/tr>\n<tr>\n<th>T\u0142uszcz<\/th>\n<td>31 g<\/td>\n<\/tr>\n<tr>\n<th>w tym kwasy t\u0142uszczowe nasycone<\/th>\n<td>19 g<\/td>\n<\/tr>\n<tr>\n<th>W\u0119glowodany<\/th>\n<td>56 g<\/td>\n<\/tr>\n<tr>\n<th>w tym cukry<\/th>\n<td>53 g<\/td>\n<\/tr>\n<tr>\n<th>Bia\u0142ko<\/th>\n<td>6 g<\/td>\n<\/tr>\n<tr>\n<th>S\u00f3l<\/th>\n<td>0.2 g<\/td>\n<\/tr>\n<\/tbody>\n<\/table>\n<p><strong>Marabou Mjolk XL Cookies<\/strong> to po\u0142\u0105czenie pysznej mlecznej czekolady z chrupi\u0105cymi kawa\u0142kami ciastek, kt\u00f3re tworz\u0105 niezapomnian\u0105 przek\u0105sk\u0119. Doskona\u0142a do podzielenia si\u0119 z bliskimi lub na chwil\u0119 przyjemno\u015bci w ci\u0105gu dnia. Wersja XL to gwarancja, \u017ce wystarczy na d\u0142u\u017cej!<\/p>\n","protected":false},"excerpt":{"rendered":"<p>Marabou Mjolk XL Cookies to pyszna mleczna czekolada z kawa\u0142kami ciastek, idealna na przek\u0105sk\u0119 lub s\u0142odk\u0105 chwil\u0119 relaksu. Wersja XL zapewnia wi\u0119cej smaku na d\u0142u\u017cej!<\/p>\n","protected":false},"featured_media":1047,"comment_status":"open","ping_status":"closed","template":"","meta":[],"product_brand":[],"product_cat":[41],"product_tag":[],"class_list":{"0":"post-1046","1":"product","2":"type-product","3":"status-publish","4":"has-post-thumbnail","6":"product_cat-ciastka","8":"first","9":"instock","10":"shipping-taxable","11":"purchasable","12":"product-type-simple"},"yoast_head":"<!-- This site is optimized with the Yoast SEO plugin v25.1 - https:\/\/yoast.com\/wordpress\/plugins\/seo\/ -->\n<title>Marabou Mjolk XL Cookies\u00a0184g<\/title>\n<meta name=\"description\" content=\"Marabou Mjolk XL Cookies \u2013 mleczna czekolada z kawa\u0142kami ciastek. Idealna do podzielenia si\u0119 lub jako s\u0142odka przek\u0105ska. Wi\u0119cej smaku w du\u017cym opakowaniu.\" \/>\n<meta name=\"robots\" content=\"index, follow, max-snippet:-1, max-image-preview:large, max-video-preview:-1\" \/>\n<link rel=\"canonical\" href=\"https:\/\/gevaliapolska.pl\/home\/produkt\/marabou-mjolk-xl-cookies\/\" \/>\n<meta property=\"og:locale\" content=\"pl_PL\" \/>\n<meta property=\"og:type\" content=\"article\" \/>\n<meta property=\"og:title\" content=\"Marabou Mjolk XL Cookies\u00a0184g\" \/>\n<meta property=\"og:description\" content=\"Marabou Mjolk XL Cookies \u2013 mleczna czekolada z kawa\u0142kami ciastek. Idealna do podzielenia si\u0119 lub jako s\u0142odka przek\u0105ska. Wi\u0119cej smaku w du\u017cym opakowaniu.\" \/>\n<meta property=\"og:url\" content=\"https:\/\/gevaliapolska.pl\/home\/produkt\/marabou-mjolk-xl-cookies\/\" \/>\n<meta property=\"og:site_name\" content=\"gevaliapolska\" \/>\n<meta property=\"article:publisher\" content=\"https:\/\/www.facebook.com\/konsultimpex.anthonberg\/\" \/>\n<meta property=\"article:modified_time\" content=\"2025-05-17T11:05:26+00:00\" \/>\n<meta property=\"og:image\" content=\"https:\/\/gevaliapolska.pl\/wp-content\/uploads\/2023\/02\/marabou-mjoelk-choklad-xl-cookies-8er-no1-4506.jpg\" \/>\n\t<meta property=\"og:image:width\" content=\"340\" \/>\n\t<meta property=\"og:image:height\" content=\"340\" \/>\n\t<meta property=\"og:image:type\" content=\"image\/jpeg\" \/>\n<meta name=\"twitter:card\" content=\"summary_large_image\" \/>\n<meta name=\"twitter:label1\" content=\"Szacowany czas czytania\" \/>\n\t<meta name=\"twitter:data1\" content=\"2 minuty\" \/>\n<script type=\"application\/ld+json\" class=\"yoast-schema-graph\">{\"@context\":\"https:\/\/schema.org\",\"@graph\":[{\"@type\":\"WebPage\",\"@id\":\"https:\/\/gevaliapolska.pl\/home\/produkt\/marabou-mjolk-xl-cookies\/\",\"url\":\"https:\/\/gevaliapolska.pl\/home\/produkt\/marabou-mjolk-xl-cookies\/\",\"name\":\"Marabou Mjolk XL Cookies\u00a0184g\",\"isPartOf\":{\"@id\":\"https:\/\/gevaliapolska.pl\/home\/#website\"},\"primaryImageOfPage\":{\"@id\":\"https:\/\/gevaliapolska.pl\/home\/produkt\/marabou-mjolk-xl-cookies\/#primaryimage\"},\"image\":{\"@id\":\"https:\/\/gevaliapolska.pl\/home\/produkt\/marabou-mjolk-xl-cookies\/#primaryimage\"},\"thumbnailUrl\":\"https:\/\/gevaliapolska.pl\/wp-content\/uploads\/2023\/02\/marabou-mjoelk-choklad-xl-cookies-8er-no1-4506.jpg\",\"datePublished\":\"2023-02-05T21:11:02+00:00\",\"dateModified\":\"2025-05-17T11:05:26+00:00\",\"description\":\"Marabou Mjolk XL Cookies \u2013 mleczna czekolada z kawa\u0142kami ciastek. Idealna do podzielenia si\u0119 lub jako s\u0142odka przek\u0105ska. Wi\u0119cej smaku w du\u017cym opakowaniu.\",\"breadcrumb\":{\"@id\":\"https:\/\/gevaliapolska.pl\/home\/produkt\/marabou-mjolk-xl-cookies\/#breadcrumb\"},\"inLanguage\":\"pl-PL\",\"potentialAction\":[{\"@type\":\"ReadAction\",\"target\":[\"https:\/\/gevaliapolska.pl\/home\/produkt\/marabou-mjolk-xl-cookies\/\"]}]},{\"@type\":\"ImageObject\",\"inLanguage\":\"pl-PL\",\"@id\":\"https:\/\/gevaliapolska.pl\/home\/produkt\/marabou-mjolk-xl-cookies\/#primaryimage\",\"url\":\"https:\/\/gevaliapolska.pl\/wp-content\/uploads\/2023\/02\/marabou-mjoelk-choklad-xl-cookies-8er-no1-4506.jpg\",\"contentUrl\":\"https:\/\/gevaliapolska.pl\/wp-content\/uploads\/2023\/02\/marabou-mjoelk-choklad-xl-cookies-8er-no1-4506.jpg\",\"width\":340,\"height\":340},{\"@type\":\"BreadcrumbList\",\"@id\":\"https:\/\/gevaliapolska.pl\/home\/produkt\/marabou-mjolk-xl-cookies\/#breadcrumb\",\"itemListElement\":[{\"@type\":\"ListItem\",\"position\":1,\"name\":\"Strona g\u0142\u00f3wna\",\"item\":\"https:\/\/gevaliapolska.pl\/home\/\"},{\"@type\":\"ListItem\",\"position\":2,\"name\":\"Sklep\",\"item\":\"https:\/\/gevaliapolska.pl\/home\/home\/sklep\/\"},{\"@type\":\"ListItem\",\"position\":3,\"name\":\"Marabou Mjolk XL Cookies\u00a0184g\"}]},{\"@type\":\"WebSite\",\"@id\":\"https:\/\/gevaliapolska.pl\/home\/#website\",\"url\":\"https:\/\/gevaliapolska.pl\/home\/\",\"name\":\"gevaliapolska\",\"description\":\"Sklep ze s\u0142odyczami i kaw\u0105 Anthon Berg, Marabou, Toms, Daim, Gevalia, Tchibo\",\"publisher\":{\"@id\":\"https:\/\/gevaliapolska.pl\/home\/#organization\"},\"potentialAction\":[{\"@type\":\"SearchAction\",\"target\":{\"@type\":\"EntryPoint\",\"urlTemplate\":\"https:\/\/gevaliapolska.pl\/home\/?s={search_term_string}\"},\"query-input\":{\"@type\":\"PropertyValueSpecification\",\"valueRequired\":true,\"valueName\":\"search_term_string\"}}],\"inLanguage\":\"pl-PL\"},{\"@type\":\"Organization\",\"@id\":\"https:\/\/gevaliapolska.pl\/home\/#organization\",\"name\":\"Konsult Impex Sp. z o.o.\",\"url\":\"https:\/\/gevaliapolska.pl\/home\/\",\"logo\":{\"@type\":\"ImageObject\",\"inLanguage\":\"pl-PL\",\"@id\":\"https:\/\/gevaliapolska.pl\/home\/#\/schema\/logo\/image\/\",\"url\":\"https:\/\/gevaliapolska.pl\/wp-content\/uploads\/2021\/02\/konsulimpex-3.svg\",\"contentUrl\":\"https:\/\/gevaliapolska.pl\/wp-content\/uploads\/2021\/02\/konsulimpex-3.svg\",\"caption\":\"Konsult Impex Sp. z o.o.\"},\"image\":{\"@id\":\"https:\/\/gevaliapolska.pl\/home\/#\/schema\/logo\/image\/\"},\"sameAs\":[\"https:\/\/www.facebook.com\/konsultimpex.anthonberg\/\"]}]}<\/script>\n<!-- \/ Yoast SEO plugin. -->","yoast_head_json":{"title":"Marabou Mjolk XL Cookies\u00a0184g","description":"Marabou Mjolk XL Cookies \u2013 mleczna czekolada z kawa\u0142kami ciastek. Idealna do podzielenia si\u0119 lub jako s\u0142odka przek\u0105ska. Wi\u0119cej smaku w du\u017cym opakowaniu.","robots":{"index":"index","follow":"follow","max-snippet":"max-snippet:-1","max-image-preview":"max-image-preview:large","max-video-preview":"max-video-preview:-1"},"canonical":"https:\/\/gevaliapolska.pl\/home\/produkt\/marabou-mjolk-xl-cookies\/","og_locale":"pl_PL","og_type":"article","og_title":"Marabou Mjolk XL Cookies\u00a0184g","og_description":"Marabou Mjolk XL Cookies \u2013 mleczna czekolada z kawa\u0142kami ciastek. Idealna do podzielenia si\u0119 lub jako s\u0142odka przek\u0105ska. Wi\u0119cej smaku w du\u017cym opakowaniu.","og_url":"https:\/\/gevaliapolska.pl\/home\/produkt\/marabou-mjolk-xl-cookies\/","og_site_name":"gevaliapolska","article_publisher":"https:\/\/www.facebook.com\/konsultimpex.anthonberg\/","article_modified_time":"2025-05-17T11:05:26+00:00","og_image":[{"width":340,"height":340,"url":"https:\/\/gevaliapolska.pl\/wp-content\/uploads\/2023\/02\/marabou-mjoelk-choklad-xl-cookies-8er-no1-4506.jpg","type":"image\/jpeg"}],"twitter_card":"summary_large_image","twitter_misc":{"Szacowany czas czytania":"2 minuty"},"schema":{"@context":"https:\/\/schema.org","@graph":[{"@type":"WebPage","@id":"https:\/\/gevaliapolska.pl\/home\/produkt\/marabou-mjolk-xl-cookies\/","url":"https:\/\/gevaliapolska.pl\/home\/produkt\/marabou-mjolk-xl-cookies\/","name":"Marabou Mjolk XL Cookies\u00a0184g","isPartOf":{"@id":"https:\/\/gevaliapolska.pl\/home\/#website"},"primaryImageOfPage":{"@id":"https:\/\/gevaliapolska.pl\/home\/produkt\/marabou-mjolk-xl-cookies\/#primaryimage"},"image":{"@id":"https:\/\/gevaliapolska.pl\/home\/produkt\/marabou-mjolk-xl-cookies\/#primaryimage"},"thumbnailUrl":"https:\/\/gevaliapolska.pl\/wp-content\/uploads\/2023\/02\/marabou-mjoelk-choklad-xl-cookies-8er-no1-4506.jpg","datePublished":"2023-02-05T21:11:02+00:00","dateModified":"2025-05-17T11:05:26+00:00","description":"Marabou Mjolk XL Cookies \u2013 mleczna czekolada z kawa\u0142kami ciastek. Idealna do podzielenia si\u0119 lub jako s\u0142odka przek\u0105ska. Wi\u0119cej smaku w du\u017cym opakowaniu.","breadcrumb":{"@id":"https:\/\/gevaliapolska.pl\/home\/produkt\/marabou-mjolk-xl-cookies\/#breadcrumb"},"inLanguage":"pl-PL","potentialAction":[{"@type":"ReadAction","target":["https:\/\/gevaliapolska.pl\/home\/produkt\/marabou-mjolk-xl-cookies\/"]}]},{"@type":"ImageObject","inLanguage":"pl-PL","@id":"https:\/\/gevaliapolska.pl\/home\/produkt\/marabou-mjolk-xl-cookies\/#primaryimage","url":"https:\/\/gevaliapolska.pl\/wp-content\/uploads\/2023\/02\/marabou-mjoelk-choklad-xl-cookies-8er-no1-4506.jpg","contentUrl":"https:\/\/gevaliapolska.pl\/wp-content\/uploads\/2023\/02\/marabou-mjoelk-choklad-xl-cookies-8er-no1-4506.jpg","width":340,"height":340},{"@type":"BreadcrumbList","@id":"https:\/\/gevaliapolska.pl\/home\/produkt\/marabou-mjolk-xl-cookies\/#breadcrumb","itemListElement":[{"@type":"ListItem","position":1,"name":"Strona g\u0142\u00f3wna","item":"https:\/\/gevaliapolska.pl\/home\/"},{"@type":"ListItem","position":2,"name":"Sklep","item":"https:\/\/gevaliapolska.pl\/home\/home\/sklep\/"},{"@type":"ListItem","position":3,"name":"Marabou Mjolk XL Cookies\u00a0184g"}]},{"@type":"WebSite","@id":"https:\/\/gevaliapolska.pl\/home\/#website","url":"https:\/\/gevaliapolska.pl\/home\/","name":"gevaliapolska","description":"Sklep ze s\u0142odyczami i kaw\u0105 Anthon Berg, Marabou, Toms, Daim, Gevalia, Tchibo","publisher":{"@id":"https:\/\/gevaliapolska.pl\/home\/#organization"},"potentialAction":[{"@type":"SearchAction","target":{"@type":"EntryPoint","urlTemplate":"https:\/\/gevaliapolska.pl\/home\/?s={search_term_string}"},"query-input":{"@type":"PropertyValueSpecification","valueRequired":true,"valueName":"search_term_string"}}],"inLanguage":"pl-PL"},{"@type":"Organization","@id":"https:\/\/gevaliapolska.pl\/home\/#organization","name":"Konsult Impex Sp. z o.o.","url":"https:\/\/gevaliapolska.pl\/home\/","logo":{"@type":"ImageObject","inLanguage":"pl-PL","@id":"https:\/\/gevaliapolska.pl\/home\/#\/schema\/logo\/image\/","url":"https:\/\/gevaliapolska.pl\/wp-content\/uploads\/2021\/02\/konsulimpex-3.svg","contentUrl":"https:\/\/gevaliapolska.pl\/wp-content\/uploads\/2021\/02\/konsulimpex-3.svg","caption":"Konsult Impex Sp. z o.o."},"image":{"@id":"https:\/\/gevaliapolska.pl\/home\/#\/schema\/logo\/image\/"},"sameAs":["https:\/\/www.facebook.com\/konsultimpex.anthonberg\/"]}]}},"jetpack_sharing_enabled":true,"_links":{"self":[{"href":"https:\/\/gevaliapolska.pl\/home\/wp-json\/wp\/v2\/product\/1046","targetHints":{"allow":["GET"]}}],"collection":[{"href":"https:\/\/gevaliapolska.pl\/home\/wp-json\/wp\/v2\/product"}],"about":[{"href":"https:\/\/gevaliapolska.pl\/home\/wp-json\/wp\/v2\/types\/product"}],"replies":[{"embeddable":true,"href":"https:\/\/gevaliapolska.pl\/home\/wp-json\/wp\/v2\/comments?post=1046"}],"wp:featuredmedia":[{"embeddable":true,"href":"https:\/\/gevaliapolska.pl\/home\/wp-json\/wp\/v2\/media\/1047"}],"wp:attachment":[{"href":"https:\/\/gevaliapolska.pl\/home\/wp-json\/wp\/v2\/media?parent=1046"}],"wp:term":[{"taxonomy":"product_brand","embeddable":true,"href":"https:\/\/gevaliapolska.pl\/home\/wp-json\/wp\/v2\/product_brand?post=1046"},{"taxonomy":"product_cat","embeddable":true,"href":"https:\/\/gevaliapolska.pl\/home\/wp-json\/wp\/v2\/product_cat?post=1046"},{"taxonomy":"product_tag","embeddable":true,"href":"https:\/\/gevaliapolska.pl\/home\/wp-json\/wp\/v2\/product_tag?post=1046"}],"curies":[{"name":"wp","href":"https:\/\/api.w.org\/{rel}","templated":true}]}}