{"id":1030,"date":"2023-02-05T21:03:32","date_gmt":"2023-02-05T20:03:32","guid":{"rendered":"https:\/\/gevaliapolska.pl\/home\/?post_type=product&#038;p=1030"},"modified":"2025-12-09T10:19:46","modified_gmt":"2025-12-09T09:19:46","slug":"baton-marabou-japp-60g","status":"publish","type":"product","link":"https:\/\/gevaliapolska.pl\/home\/produkt\/baton-marabou-japp-60g\/","title":{"rendered":"Marabou Japp 60g"},"content":{"rendered":"<h1>Baton Marabou Japp 60g \u2013 Baton Czekoladowy z Orzechami<\/h1>\n<h2>Chrupi\u0105cy Baton Czekoladowy z Orzechami w Karmelowej Polewie<\/h2>\n<p>Baton Marabou Japp to pyszna czekolada w formie batonika, w kt\u00f3rej znajdziesz chrupi\u0105ce orzechy w karmelowej polewie, otoczone delikatn\u0105 mleczn\u0105 czekolad\u0105. Idealna przek\u0105ska dla mi\u0142o\u015bnik\u00f3w s\u0142odkich przyjemno\u015bci i chrupi\u0105cych orzech\u00f3w.<\/p>\n<h2>Sk\u0142adniki<\/h2>\n<p>Cukier, orzechy laskowe (30%), t\u0142uszcz kakaowy, kakao, mleko pe\u0142ne w proszku, emulgator (lecytyna sojowa), s\u00f3l, aromat. Mo\u017ce zawiera\u0107 inne orzechy.<\/p>\n<h2>Warto\u015bci od\u017cywcze (na 100 g)<\/h2>\n<table border=\"1\" cellspacing=\"0\" cellpadding=\"6\">\n<thead>\n<tr>\n<th>Sk\u0142adnik<\/th>\n<th>Warto\u015b\u0107<\/th>\n<\/tr>\n<\/thead>\n<tbody>\n<tr>\n<td>Warto\u015b\u0107 energetyczna<\/td>\n<td>2250 kJ \/ 540 kcal<\/td>\n<\/tr>\n<tr>\n<td>T\u0142uszcz<\/td>\n<td>30 g<\/td>\n<\/tr>\n<tr>\n<td>\u2013 w tym kwasy t\u0142uszczowe nasycone<\/td>\n<td>4.5 g<\/td>\n<\/tr>\n<tr>\n<td>W\u0119glowodany<\/td>\n<td>58 g<\/td>\n<\/tr>\n<tr>\n<td>\u2013 w tym cukry<\/td>\n<td>55 g<\/td>\n<\/tr>\n<tr>\n<td>Bia\u0142ko<\/td>\n<td>6 g<\/td>\n<\/tr>\n<tr>\n<td>S\u00f3l<\/td>\n<td>0.01 g<\/td>\n<\/tr>\n<\/tbody>\n<\/table>\n<h2>Dodatkowe informacje<\/h2>\n<p>Baton Marabou Japp to wyj\u0105tkowa kombinacja pysznej czekolady i chrupi\u0105cych orzech\u00f3w, kt\u00f3ra \u015bwietnie sprawdzi si\u0119 jako s\u0142odka przek\u0105ska w ci\u0105gu dnia. Wygodna forma batonika sprawia, \u017ce jest to idealna przek\u0105ska w pracy, szkole, czy na wynos. Produkt przechowywa\u0107 w ch\u0142odnym i suchym miejscu.<\/p>\n","protected":false},"excerpt":{"rendered":"<p>Baton Marabou Japp \u2013 chrupi\u0105ce orzechy w karmelowej polewie, otoczone delikatn\u0105 czekolad\u0105. Idealna s\u0142odka przek\u0105ska w por\u0119cznej formie batonika.<\/p>\n","protected":false},"featured_media":1035,"comment_status":"open","ping_status":"closed","template":"","meta":[],"product_brand":[],"product_cat":[76,20,177],"product_tag":[],"class_list":{"0":"post-1030","1":"product","2":"type-product","3":"status-publish","4":"has-post-thumbnail","6":"product_cat-marabou-batony","7":"product_cat-batony","8":"product_cat-marabou-marki","10":"first","11":"instock","12":"shipping-taxable","13":"purchasable","14":"product-type-simple"},"yoast_head":"<!-- This site is optimized with the Yoast SEO plugin v25.1 - https:\/\/yoast.com\/wordpress\/plugins\/seo\/ -->\n<title>Marabou Japp 60g<\/title>\n<meta name=\"description\" content=\"Baton Marabou Japp 60g \u2013 pyszna czekolada z chrupi\u0105cymi orzechami w karmelowej polewie. Idealna przek\u0105ska w por\u0119cznej formie batonika.\" \/>\n<meta name=\"robots\" content=\"index, follow, max-snippet:-1, max-image-preview:large, max-video-preview:-1\" \/>\n<link rel=\"canonical\" href=\"https:\/\/gevaliapolska.pl\/home\/produkt\/baton-marabou-japp-60g\/\" \/>\n<meta property=\"og:locale\" content=\"pl_PL\" \/>\n<meta property=\"og:type\" content=\"article\" \/>\n<meta property=\"og:title\" content=\"Marabou Japp 60g\" \/>\n<meta property=\"og:description\" content=\"Baton Marabou Japp 60g \u2013 pyszna czekolada z chrupi\u0105cymi orzechami w karmelowej polewie. Idealna przek\u0105ska w por\u0119cznej formie batonika.\" \/>\n<meta property=\"og:url\" content=\"https:\/\/gevaliapolska.pl\/home\/produkt\/baton-marabou-japp-60g\/\" \/>\n<meta property=\"og:site_name\" content=\"gevaliapolska\" \/>\n<meta property=\"article:publisher\" content=\"https:\/\/www.facebook.com\/konsultimpex.anthonberg\/\" \/>\n<meta property=\"article:modified_time\" content=\"2025-12-09T09:19:46+00:00\" \/>\n<meta property=\"og:image\" content=\"https:\/\/gevaliapolska.pl\/wp-content\/uploads\/2023\/02\/ec64efda-a1db-41af-a9f2-921a3b86c725.jpeg\" \/>\n\t<meta property=\"og:image:width\" content=\"2400\" \/>\n\t<meta property=\"og:image:height\" content=\"2400\" \/>\n\t<meta property=\"og:image:type\" content=\"image\/jpeg\" \/>\n<meta name=\"twitter:card\" content=\"summary_large_image\" \/>\n<meta name=\"twitter:label1\" content=\"Szacowany czas czytania\" \/>\n\t<meta name=\"twitter:data1\" content=\"2 minuty\" \/>\n<script type=\"application\/ld+json\" class=\"yoast-schema-graph\">{\"@context\":\"https:\/\/schema.org\",\"@graph\":[{\"@type\":\"WebPage\",\"@id\":\"https:\/\/gevaliapolska.pl\/home\/produkt\/baton-marabou-japp-60g\/\",\"url\":\"https:\/\/gevaliapolska.pl\/home\/produkt\/baton-marabou-japp-60g\/\",\"name\":\"Marabou Japp 60g\",\"isPartOf\":{\"@id\":\"https:\/\/gevaliapolska.pl\/home\/#website\"},\"primaryImageOfPage\":{\"@id\":\"https:\/\/gevaliapolska.pl\/home\/produkt\/baton-marabou-japp-60g\/#primaryimage\"},\"image\":{\"@id\":\"https:\/\/gevaliapolska.pl\/home\/produkt\/baton-marabou-japp-60g\/#primaryimage\"},\"thumbnailUrl\":\"https:\/\/gevaliapolska.pl\/wp-content\/uploads\/2023\/02\/ec64efda-a1db-41af-a9f2-921a3b86c725.jpeg\",\"datePublished\":\"2023-02-05T20:03:32+00:00\",\"dateModified\":\"2025-12-09T09:19:46+00:00\",\"description\":\"Baton Marabou Japp 60g \u2013 pyszna czekolada z chrupi\u0105cymi orzechami w karmelowej polewie. Idealna przek\u0105ska w por\u0119cznej formie batonika.\",\"breadcrumb\":{\"@id\":\"https:\/\/gevaliapolska.pl\/home\/produkt\/baton-marabou-japp-60g\/#breadcrumb\"},\"inLanguage\":\"pl-PL\",\"potentialAction\":[{\"@type\":\"ReadAction\",\"target\":[\"https:\/\/gevaliapolska.pl\/home\/produkt\/baton-marabou-japp-60g\/\"]}]},{\"@type\":\"ImageObject\",\"inLanguage\":\"pl-PL\",\"@id\":\"https:\/\/gevaliapolska.pl\/home\/produkt\/baton-marabou-japp-60g\/#primaryimage\",\"url\":\"https:\/\/gevaliapolska.pl\/wp-content\/uploads\/2023\/02\/ec64efda-a1db-41af-a9f2-921a3b86c725.jpeg\",\"contentUrl\":\"https:\/\/gevaliapolska.pl\/wp-content\/uploads\/2023\/02\/ec64efda-a1db-41af-a9f2-921a3b86c725.jpeg\",\"width\":2400,\"height\":2400},{\"@type\":\"BreadcrumbList\",\"@id\":\"https:\/\/gevaliapolska.pl\/home\/produkt\/baton-marabou-japp-60g\/#breadcrumb\",\"itemListElement\":[{\"@type\":\"ListItem\",\"position\":1,\"name\":\"Strona g\u0142\u00f3wna\",\"item\":\"https:\/\/gevaliapolska.pl\/home\/\"},{\"@type\":\"ListItem\",\"position\":2,\"name\":\"Sklep\",\"item\":\"https:\/\/gevaliapolska.pl\/home\/home\/sklep\/\"},{\"@type\":\"ListItem\",\"position\":3,\"name\":\"Marabou Japp 60g\"}]},{\"@type\":\"WebSite\",\"@id\":\"https:\/\/gevaliapolska.pl\/home\/#website\",\"url\":\"https:\/\/gevaliapolska.pl\/home\/\",\"name\":\"gevaliapolska\",\"description\":\"Sklep ze s\u0142odyczami i kaw\u0105 Anthon Berg, Marabou, Toms, Daim, Gevalia, Tchibo\",\"publisher\":{\"@id\":\"https:\/\/gevaliapolska.pl\/home\/#organization\"},\"potentialAction\":[{\"@type\":\"SearchAction\",\"target\":{\"@type\":\"EntryPoint\",\"urlTemplate\":\"https:\/\/gevaliapolska.pl\/home\/?s={search_term_string}\"},\"query-input\":{\"@type\":\"PropertyValueSpecification\",\"valueRequired\":true,\"valueName\":\"search_term_string\"}}],\"inLanguage\":\"pl-PL\"},{\"@type\":\"Organization\",\"@id\":\"https:\/\/gevaliapolska.pl\/home\/#organization\",\"name\":\"Konsult Impex Sp. z o.o.\",\"url\":\"https:\/\/gevaliapolska.pl\/home\/\",\"logo\":{\"@type\":\"ImageObject\",\"inLanguage\":\"pl-PL\",\"@id\":\"https:\/\/gevaliapolska.pl\/home\/#\/schema\/logo\/image\/\",\"url\":\"https:\/\/gevaliapolska.pl\/wp-content\/uploads\/2021\/02\/konsulimpex-3.svg\",\"contentUrl\":\"https:\/\/gevaliapolska.pl\/wp-content\/uploads\/2021\/02\/konsulimpex-3.svg\",\"caption\":\"Konsult Impex Sp. z o.o.\"},\"image\":{\"@id\":\"https:\/\/gevaliapolska.pl\/home\/#\/schema\/logo\/image\/\"},\"sameAs\":[\"https:\/\/www.facebook.com\/konsultimpex.anthonberg\/\"]}]}<\/script>\n<!-- \/ Yoast SEO plugin. -->","yoast_head_json":{"title":"Marabou Japp 60g","description":"Baton Marabou Japp 60g \u2013 pyszna czekolada z chrupi\u0105cymi orzechami w karmelowej polewie. Idealna przek\u0105ska w por\u0119cznej formie batonika.","robots":{"index":"index","follow":"follow","max-snippet":"max-snippet:-1","max-image-preview":"max-image-preview:large","max-video-preview":"max-video-preview:-1"},"canonical":"https:\/\/gevaliapolska.pl\/home\/produkt\/baton-marabou-japp-60g\/","og_locale":"pl_PL","og_type":"article","og_title":"Marabou Japp 60g","og_description":"Baton Marabou Japp 60g \u2013 pyszna czekolada z chrupi\u0105cymi orzechami w karmelowej polewie. Idealna przek\u0105ska w por\u0119cznej formie batonika.","og_url":"https:\/\/gevaliapolska.pl\/home\/produkt\/baton-marabou-japp-60g\/","og_site_name":"gevaliapolska","article_publisher":"https:\/\/www.facebook.com\/konsultimpex.anthonberg\/","article_modified_time":"2025-12-09T09:19:46+00:00","og_image":[{"width":2400,"height":2400,"url":"https:\/\/gevaliapolska.pl\/wp-content\/uploads\/2023\/02\/ec64efda-a1db-41af-a9f2-921a3b86c725.jpeg","type":"image\/jpeg"}],"twitter_card":"summary_large_image","twitter_misc":{"Szacowany czas czytania":"2 minuty"},"schema":{"@context":"https:\/\/schema.org","@graph":[{"@type":"WebPage","@id":"https:\/\/gevaliapolska.pl\/home\/produkt\/baton-marabou-japp-60g\/","url":"https:\/\/gevaliapolska.pl\/home\/produkt\/baton-marabou-japp-60g\/","name":"Marabou Japp 60g","isPartOf":{"@id":"https:\/\/gevaliapolska.pl\/home\/#website"},"primaryImageOfPage":{"@id":"https:\/\/gevaliapolska.pl\/home\/produkt\/baton-marabou-japp-60g\/#primaryimage"},"image":{"@id":"https:\/\/gevaliapolska.pl\/home\/produkt\/baton-marabou-japp-60g\/#primaryimage"},"thumbnailUrl":"https:\/\/gevaliapolska.pl\/wp-content\/uploads\/2023\/02\/ec64efda-a1db-41af-a9f2-921a3b86c725.jpeg","datePublished":"2023-02-05T20:03:32+00:00","dateModified":"2025-12-09T09:19:46+00:00","description":"Baton Marabou Japp 60g \u2013 pyszna czekolada z chrupi\u0105cymi orzechami w karmelowej polewie. Idealna przek\u0105ska w por\u0119cznej formie batonika.","breadcrumb":{"@id":"https:\/\/gevaliapolska.pl\/home\/produkt\/baton-marabou-japp-60g\/#breadcrumb"},"inLanguage":"pl-PL","potentialAction":[{"@type":"ReadAction","target":["https:\/\/gevaliapolska.pl\/home\/produkt\/baton-marabou-japp-60g\/"]}]},{"@type":"ImageObject","inLanguage":"pl-PL","@id":"https:\/\/gevaliapolska.pl\/home\/produkt\/baton-marabou-japp-60g\/#primaryimage","url":"https:\/\/gevaliapolska.pl\/wp-content\/uploads\/2023\/02\/ec64efda-a1db-41af-a9f2-921a3b86c725.jpeg","contentUrl":"https:\/\/gevaliapolska.pl\/wp-content\/uploads\/2023\/02\/ec64efda-a1db-41af-a9f2-921a3b86c725.jpeg","width":2400,"height":2400},{"@type":"BreadcrumbList","@id":"https:\/\/gevaliapolska.pl\/home\/produkt\/baton-marabou-japp-60g\/#breadcrumb","itemListElement":[{"@type":"ListItem","position":1,"name":"Strona g\u0142\u00f3wna","item":"https:\/\/gevaliapolska.pl\/home\/"},{"@type":"ListItem","position":2,"name":"Sklep","item":"https:\/\/gevaliapolska.pl\/home\/home\/sklep\/"},{"@type":"ListItem","position":3,"name":"Marabou Japp 60g"}]},{"@type":"WebSite","@id":"https:\/\/gevaliapolska.pl\/home\/#website","url":"https:\/\/gevaliapolska.pl\/home\/","name":"gevaliapolska","description":"Sklep ze s\u0142odyczami i kaw\u0105 Anthon Berg, Marabou, Toms, Daim, Gevalia, Tchibo","publisher":{"@id":"https:\/\/gevaliapolska.pl\/home\/#organization"},"potentialAction":[{"@type":"SearchAction","target":{"@type":"EntryPoint","urlTemplate":"https:\/\/gevaliapolska.pl\/home\/?s={search_term_string}"},"query-input":{"@type":"PropertyValueSpecification","valueRequired":true,"valueName":"search_term_string"}}],"inLanguage":"pl-PL"},{"@type":"Organization","@id":"https:\/\/gevaliapolska.pl\/home\/#organization","name":"Konsult Impex Sp. z o.o.","url":"https:\/\/gevaliapolska.pl\/home\/","logo":{"@type":"ImageObject","inLanguage":"pl-PL","@id":"https:\/\/gevaliapolska.pl\/home\/#\/schema\/logo\/image\/","url":"https:\/\/gevaliapolska.pl\/wp-content\/uploads\/2021\/02\/konsulimpex-3.svg","contentUrl":"https:\/\/gevaliapolska.pl\/wp-content\/uploads\/2021\/02\/konsulimpex-3.svg","caption":"Konsult Impex Sp. z o.o."},"image":{"@id":"https:\/\/gevaliapolska.pl\/home\/#\/schema\/logo\/image\/"},"sameAs":["https:\/\/www.facebook.com\/konsultimpex.anthonberg\/"]}]}},"jetpack_sharing_enabled":true,"_links":{"self":[{"href":"https:\/\/gevaliapolska.pl\/home\/wp-json\/wp\/v2\/product\/1030","targetHints":{"allow":["GET"]}}],"collection":[{"href":"https:\/\/gevaliapolska.pl\/home\/wp-json\/wp\/v2\/product"}],"about":[{"href":"https:\/\/gevaliapolska.pl\/home\/wp-json\/wp\/v2\/types\/product"}],"replies":[{"embeddable":true,"href":"https:\/\/gevaliapolska.pl\/home\/wp-json\/wp\/v2\/comments?post=1030"}],"wp:featuredmedia":[{"embeddable":true,"href":"https:\/\/gevaliapolska.pl\/home\/wp-json\/wp\/v2\/media\/1035"}],"wp:attachment":[{"href":"https:\/\/gevaliapolska.pl\/home\/wp-json\/wp\/v2\/media?parent=1030"}],"wp:term":[{"taxonomy":"product_brand","embeddable":true,"href":"https:\/\/gevaliapolska.pl\/home\/wp-json\/wp\/v2\/product_brand?post=1030"},{"taxonomy":"product_cat","embeddable":true,"href":"https:\/\/gevaliapolska.pl\/home\/wp-json\/wp\/v2\/product_cat?post=1030"},{"taxonomy":"product_tag","embeddable":true,"href":"https:\/\/gevaliapolska.pl\/home\/wp-json\/wp\/v2\/product_tag?post=1030"}],"curies":[{"name":"wp","href":"https:\/\/api.w.org\/{rel}","templated":true}]}}