{"id":794,"date":"2023-01-27T11:47:36","date_gmt":"2023-01-27T10:47:36","guid":{"rendered":"https:\/\/gevaliapolska.pl\/?page_id=794"},"modified":"2023-01-30T14:34:47","modified_gmt":"2023-01-30T13:34:47","slug":"cennik-dostaw","status":"publish","type":"page","link":"https:\/\/gevaliapolska.pl\/home\/kontakt\/cennik-dostaw\/","title":{"rendered":"Cennik dostaw"},"content":{"rendered":"<h3><img loading=\"lazy\" decoding=\"async\" class=\"alignnone wp-image-545\" src=\"https:\/\/www.scho-ka-kola.pl\/wp-content\/uploads\/2021\/02\/paczkomat.png\" alt=\"\" width=\"261\" height=\"162\" \/><\/h3>\n<ul>\n<li>termin dostawy 1-2 dni robocze<\/li>\n<li>odbi\u00f3r zam\u00f3wienia z paczkomatu 24\/7<\/li>\n<li>mo\u017cliwo\u015b\u0107 \u015bledzenia przesy\u0142ki<\/li>\n<li>powiadomienie SMS oraz e-mail o wysy\u0142ce zam\u00f3wienia<\/li>\n<li>powiadomienie SMS oraz e-mail o mo\u017cliwo\u015bci odbioru zam\u00f3wienia z paczkomatu<\/li>\n<li>\u00a012,99 z\u0142 brutto<\/li>\n<\/ul>\n<p><img loading=\"lazy\" decoding=\"async\" class=\"alignnone wp-image-546\" src=\"https:\/\/www.scho-ka-kola.pl\/wp-content\/uploads\/2021\/02\/kurier_900x270.png\" alt=\"\" width=\"414\" height=\"124\" \/><\/p>\n<p>&nbsp;<\/p>\n<ul>\n<li>termin dostawy 1-2 dni robocze<\/li>\n<li>dostawa pod wskazany adres<\/li>\n<li>powiadomienie SMS oraz e-mail o wysy\u0142ce zam\u00f3wienia<\/li>\n<li>mo\u017cliwo\u015b\u0107 \u015bledzenia przesy\u0142ki<\/li>\n<li>mo\u017cliwo\u015b\u0107 przekierowania przesy\u0142ki do DHL Parcel<\/li>\n<li>mo\u017cliwo\u015b\u0107 p\u0142atno\u015bci got\u00f3wk\u0105 przy odbiorze<\/li>\n<li>obejmuje terytorium Polski<\/li>\n<li>do 31kg &#8211; 20 z\u0142 brutto<\/li>\n<\/ul>\n<p><img loading=\"lazy\" decoding=\"async\" class=\"alignnone wp-image-544\" src=\"https:\/\/www.scho-ka-kola.pl\/wp-content\/uploads\/2021\/02\/DPD-Logo.jpg\" alt=\"\" width=\"185\" height=\"103\" \/><\/p>\n<ul>\n<li>op\u0142aty sta\u0142e bez wzgl\u0119du na ilo\u015b\u0107 kupionych produkt\u00f3w<\/li>\n<li>termin dostawy 1-2 dni robocze<\/li>\n<li>dostawa pod wskazany adres<\/li>\n<li>powiadomienie SMS oraz e-mail o wysy\u0142ce zam\u00f3wienia<\/li>\n<li>mo\u017cliwo\u015b\u0107 \u015bledzenia przesy\u0142ki<\/li>\n<li>mo\u017cliwo\u015b\u0107 przekierowania przesy\u0142ki do Pickup<\/li>\n<li>mo\u017cliwo\u015b\u0107 p\u0142atno\u015bci got\u00f3wk\u0105 przy odbiorze<\/li>\n<li>obejmuje terytorium Polski<\/li>\n<li>do 31.5kg &#8211; 21 z\u0142 brutto<\/li>\n<\/ul>\n<p>&nbsp;<\/p>\n","protected":false},"excerpt":{"rendered":"<p>termin dostawy 1-2 dni robocze odbi\u00f3r zam\u00f3wienia z paczkomatu 24\/7 mo\u017cliwo\u015b\u0107 \u015bledzenia przesy\u0142ki powiadomienie SMS oraz e-mail o wysy\u0142ce zam\u00f3wienia powiadomienie SMS oraz e-mail o mo\u017cliwo\u015bci odbioru zam\u00f3wienia z paczkomatu \u00a012,99 z\u0142 brutto &nbsp; termin dostawy 1-2 dni robocze dostawa pod wskazany adres powiadomienie SMS oraz e-mail o wysy\u0142ce zam\u00f3wienia mo\u017cliwo\u015b\u0107 \u015bledzenia przesy\u0142ki mo\u017cliwo\u015b\u0107 przekierowania [&#8230;]\n","protected":false},"author":1,"featured_media":0,"parent":96,"menu_order":0,"comment_status":"closed","ping_status":"closed","template":"","meta":{"footnotes":""},"class_list":["post-794","page","type-page","status-publish","hentry"],"yoast_head":"<!-- This site is optimized with the Yoast SEO plugin v25.1 - https:\/\/yoast.com\/wordpress\/plugins\/seo\/ -->\n<title>Cennik dostaw - gevaliapolska<\/title>\n<meta name=\"robots\" content=\"index, follow, max-snippet:-1, max-image-preview:large, max-video-preview:-1\" \/>\n<link rel=\"canonical\" href=\"https:\/\/gevaliapolska.pl\/home\/kontakt\/cennik-dostaw\/\" \/>\n<meta property=\"og:locale\" content=\"pl_PL\" \/>\n<meta property=\"og:type\" content=\"article\" \/>\n<meta property=\"og:title\" content=\"Cennik dostaw - gevaliapolska\" \/>\n<meta property=\"og:description\" content=\"termin dostawy 1-2 dni robocze odbi\u00f3r zam\u00f3wienia z paczkomatu 24\/7 mo\u017cliwo\u015b\u0107 \u015bledzenia przesy\u0142ki powiadomienie SMS oraz e-mail o wysy\u0142ce zam\u00f3wienia powiadomienie SMS oraz e-mail o mo\u017cliwo\u015bci odbioru zam\u00f3wienia z paczkomatu \u00a012,99 z\u0142 brutto &nbsp; termin dostawy 1-2 dni robocze dostawa pod wskazany adres powiadomienie SMS oraz e-mail o wysy\u0142ce zam\u00f3wienia mo\u017cliwo\u015b\u0107 \u015bledzenia przesy\u0142ki mo\u017cliwo\u015b\u0107 przekierowania [...]\" \/>\n<meta property=\"og:url\" content=\"https:\/\/gevaliapolska.pl\/home\/kontakt\/cennik-dostaw\/\" \/>\n<meta property=\"og:site_name\" content=\"gevaliapolska\" \/>\n<meta property=\"article:publisher\" content=\"https:\/\/www.facebook.com\/konsultimpex.anthonberg\/\" \/>\n<meta property=\"article:modified_time\" content=\"2023-01-30T13:34:47+00:00\" \/>\n<meta property=\"og:image\" content=\"https:\/\/www.scho-ka-kola.pl\/wp-content\/uploads\/2021\/02\/paczkomat.png\" \/>\n<meta name=\"twitter:card\" content=\"summary_large_image\" \/>\n<meta name=\"twitter:label1\" content=\"Szacowany czas czytania\" \/>\n\t<meta name=\"twitter:data1\" content=\"1 minuta\" \/>\n<script type=\"application\/ld+json\" class=\"yoast-schema-graph\">{\"@context\":\"https:\/\/schema.org\",\"@graph\":[{\"@type\":\"WebPage\",\"@id\":\"https:\/\/gevaliapolska.pl\/home\/kontakt\/cennik-dostaw\/\",\"url\":\"https:\/\/gevaliapolska.pl\/home\/kontakt\/cennik-dostaw\/\",\"name\":\"Cennik dostaw - gevaliapolska\",\"isPartOf\":{\"@id\":\"https:\/\/gevaliapolska.pl\/home\/#website\"},\"primaryImageOfPage\":{\"@id\":\"https:\/\/gevaliapolska.pl\/home\/kontakt\/cennik-dostaw\/#primaryimage\"},\"image\":{\"@id\":\"https:\/\/gevaliapolska.pl\/home\/kontakt\/cennik-dostaw\/#primaryimage\"},\"thumbnailUrl\":\"https:\/\/www.scho-ka-kola.pl\/wp-content\/uploads\/2021\/02\/paczkomat.png\",\"datePublished\":\"2023-01-27T10:47:36+00:00\",\"dateModified\":\"2023-01-30T13:34:47+00:00\",\"breadcrumb\":{\"@id\":\"https:\/\/gevaliapolska.pl\/home\/kontakt\/cennik-dostaw\/#breadcrumb\"},\"inLanguage\":\"pl-PL\",\"potentialAction\":[{\"@type\":\"ReadAction\",\"target\":[\"https:\/\/gevaliapolska.pl\/home\/kontakt\/cennik-dostaw\/\"]}]},{\"@type\":\"ImageObject\",\"inLanguage\":\"pl-PL\",\"@id\":\"https:\/\/gevaliapolska.pl\/home\/kontakt\/cennik-dostaw\/#primaryimage\",\"url\":\"https:\/\/www.scho-ka-kola.pl\/wp-content\/uploads\/2021\/02\/paczkomat.png\",\"contentUrl\":\"https:\/\/www.scho-ka-kola.pl\/wp-content\/uploads\/2021\/02\/paczkomat.png\"},{\"@type\":\"BreadcrumbList\",\"@id\":\"https:\/\/gevaliapolska.pl\/home\/kontakt\/cennik-dostaw\/#breadcrumb\",\"itemListElement\":[{\"@type\":\"ListItem\",\"position\":1,\"name\":\"Strona g\u0142\u00f3wna\",\"item\":\"https:\/\/gevaliapolska.pl\/home\/\"},{\"@type\":\"ListItem\",\"position\":2,\"name\":\"Kontakt\",\"item\":\"https:\/\/gevaliapolska.pl\/home\/kontakt\/\"},{\"@type\":\"ListItem\",\"position\":3,\"name\":\"Cennik dostaw\"}]},{\"@type\":\"WebSite\",\"@id\":\"https:\/\/gevaliapolska.pl\/home\/#website\",\"url\":\"https:\/\/gevaliapolska.pl\/home\/\",\"name\":\"gevaliapolska\",\"description\":\"Sklep ze s\u0142odyczami i kaw\u0105 Anthon Berg, Marabou, Toms, Daim, Gevalia, Tchibo\",\"publisher\":{\"@id\":\"https:\/\/gevaliapolska.pl\/home\/#organization\"},\"potentialAction\":[{\"@type\":\"SearchAction\",\"target\":{\"@type\":\"EntryPoint\",\"urlTemplate\":\"https:\/\/gevaliapolska.pl\/home\/?s={search_term_string}\"},\"query-input\":{\"@type\":\"PropertyValueSpecification\",\"valueRequired\":true,\"valueName\":\"search_term_string\"}}],\"inLanguage\":\"pl-PL\"},{\"@type\":\"Organization\",\"@id\":\"https:\/\/gevaliapolska.pl\/home\/#organization\",\"name\":\"Konsult Impex Sp. z o.o.\",\"url\":\"https:\/\/gevaliapolska.pl\/home\/\",\"logo\":{\"@type\":\"ImageObject\",\"inLanguage\":\"pl-PL\",\"@id\":\"https:\/\/gevaliapolska.pl\/home\/#\/schema\/logo\/image\/\",\"url\":\"https:\/\/gevaliapolska.pl\/wp-content\/uploads\/2021\/02\/konsulimpex-3.svg\",\"contentUrl\":\"https:\/\/gevaliapolska.pl\/wp-content\/uploads\/2021\/02\/konsulimpex-3.svg\",\"caption\":\"Konsult Impex Sp. z o.o.\"},\"image\":{\"@id\":\"https:\/\/gevaliapolska.pl\/home\/#\/schema\/logo\/image\/\"},\"sameAs\":[\"https:\/\/www.facebook.com\/konsultimpex.anthonberg\/\"]}]}<\/script>\n<!-- \/ Yoast SEO plugin. -->","yoast_head_json":{"title":"Cennik dostaw - gevaliapolska","robots":{"index":"index","follow":"follow","max-snippet":"max-snippet:-1","max-image-preview":"max-image-preview:large","max-video-preview":"max-video-preview:-1"},"canonical":"https:\/\/gevaliapolska.pl\/home\/kontakt\/cennik-dostaw\/","og_locale":"pl_PL","og_type":"article","og_title":"Cennik dostaw - gevaliapolska","og_description":"termin dostawy 1-2 dni robocze odbi\u00f3r zam\u00f3wienia z paczkomatu 24\/7 mo\u017cliwo\u015b\u0107 \u015bledzenia przesy\u0142ki powiadomienie SMS oraz e-mail o wysy\u0142ce zam\u00f3wienia powiadomienie SMS oraz e-mail o mo\u017cliwo\u015bci odbioru zam\u00f3wienia z paczkomatu \u00a012,99 z\u0142 brutto &nbsp; termin dostawy 1-2 dni robocze dostawa pod wskazany adres powiadomienie SMS oraz e-mail o wysy\u0142ce zam\u00f3wienia mo\u017cliwo\u015b\u0107 \u015bledzenia przesy\u0142ki mo\u017cliwo\u015b\u0107 przekierowania [...]","og_url":"https:\/\/gevaliapolska.pl\/home\/kontakt\/cennik-dostaw\/","og_site_name":"gevaliapolska","article_publisher":"https:\/\/www.facebook.com\/konsultimpex.anthonberg\/","article_modified_time":"2023-01-30T13:34:47+00:00","og_image":[{"url":"https:\/\/www.scho-ka-kola.pl\/wp-content\/uploads\/2021\/02\/paczkomat.png","type":"","width":"","height":""}],"twitter_card":"summary_large_image","twitter_misc":{"Szacowany czas czytania":"1 minuta"},"schema":{"@context":"https:\/\/schema.org","@graph":[{"@type":"WebPage","@id":"https:\/\/gevaliapolska.pl\/home\/kontakt\/cennik-dostaw\/","url":"https:\/\/gevaliapolska.pl\/home\/kontakt\/cennik-dostaw\/","name":"Cennik dostaw - gevaliapolska","isPartOf":{"@id":"https:\/\/gevaliapolska.pl\/home\/#website"},"primaryImageOfPage":{"@id":"https:\/\/gevaliapolska.pl\/home\/kontakt\/cennik-dostaw\/#primaryimage"},"image":{"@id":"https:\/\/gevaliapolska.pl\/home\/kontakt\/cennik-dostaw\/#primaryimage"},"thumbnailUrl":"https:\/\/www.scho-ka-kola.pl\/wp-content\/uploads\/2021\/02\/paczkomat.png","datePublished":"2023-01-27T10:47:36+00:00","dateModified":"2023-01-30T13:34:47+00:00","breadcrumb":{"@id":"https:\/\/gevaliapolska.pl\/home\/kontakt\/cennik-dostaw\/#breadcrumb"},"inLanguage":"pl-PL","potentialAction":[{"@type":"ReadAction","target":["https:\/\/gevaliapolska.pl\/home\/kontakt\/cennik-dostaw\/"]}]},{"@type":"ImageObject","inLanguage":"pl-PL","@id":"https:\/\/gevaliapolska.pl\/home\/kontakt\/cennik-dostaw\/#primaryimage","url":"https:\/\/www.scho-ka-kola.pl\/wp-content\/uploads\/2021\/02\/paczkomat.png","contentUrl":"https:\/\/www.scho-ka-kola.pl\/wp-content\/uploads\/2021\/02\/paczkomat.png"},{"@type":"BreadcrumbList","@id":"https:\/\/gevaliapolska.pl\/home\/kontakt\/cennik-dostaw\/#breadcrumb","itemListElement":[{"@type":"ListItem","position":1,"name":"Strona g\u0142\u00f3wna","item":"https:\/\/gevaliapolska.pl\/home\/"},{"@type":"ListItem","position":2,"name":"Kontakt","item":"https:\/\/gevaliapolska.pl\/home\/kontakt\/"},{"@type":"ListItem","position":3,"name":"Cennik dostaw"}]},{"@type":"WebSite","@id":"https:\/\/gevaliapolska.pl\/home\/#website","url":"https:\/\/gevaliapolska.pl\/home\/","name":"gevaliapolska","description":"Sklep ze s\u0142odyczami i kaw\u0105 Anthon Berg, Marabou, Toms, Daim, Gevalia, Tchibo","publisher":{"@id":"https:\/\/gevaliapolska.pl\/home\/#organization"},"potentialAction":[{"@type":"SearchAction","target":{"@type":"EntryPoint","urlTemplate":"https:\/\/gevaliapolska.pl\/home\/?s={search_term_string}"},"query-input":{"@type":"PropertyValueSpecification","valueRequired":true,"valueName":"search_term_string"}}],"inLanguage":"pl-PL"},{"@type":"Organization","@id":"https:\/\/gevaliapolska.pl\/home\/#organization","name":"Konsult Impex Sp. z o.o.","url":"https:\/\/gevaliapolska.pl\/home\/","logo":{"@type":"ImageObject","inLanguage":"pl-PL","@id":"https:\/\/gevaliapolska.pl\/home\/#\/schema\/logo\/image\/","url":"https:\/\/gevaliapolska.pl\/wp-content\/uploads\/2021\/02\/konsulimpex-3.svg","contentUrl":"https:\/\/gevaliapolska.pl\/wp-content\/uploads\/2021\/02\/konsulimpex-3.svg","caption":"Konsult Impex Sp. z o.o."},"image":{"@id":"https:\/\/gevaliapolska.pl\/home\/#\/schema\/logo\/image\/"},"sameAs":["https:\/\/www.facebook.com\/konsultimpex.anthonberg\/"]}]}},"jetpack_sharing_enabled":true,"_links":{"self":[{"href":"https:\/\/gevaliapolska.pl\/home\/wp-json\/wp\/v2\/pages\/794","targetHints":{"allow":["GET"]}}],"collection":[{"href":"https:\/\/gevaliapolska.pl\/home\/wp-json\/wp\/v2\/pages"}],"about":[{"href":"https:\/\/gevaliapolska.pl\/home\/wp-json\/wp\/v2\/types\/page"}],"author":[{"embeddable":true,"href":"https:\/\/gevaliapolska.pl\/home\/wp-json\/wp\/v2\/users\/1"}],"replies":[{"embeddable":true,"href":"https:\/\/gevaliapolska.pl\/home\/wp-json\/wp\/v2\/comments?post=794"}],"version-history":[{"count":2,"href":"https:\/\/gevaliapolska.pl\/home\/wp-json\/wp\/v2\/pages\/794\/revisions"}],"predecessor-version":[{"id":833,"href":"https:\/\/gevaliapolska.pl\/home\/wp-json\/wp\/v2\/pages\/794\/revisions\/833"}],"up":[{"embeddable":true,"href":"https:\/\/gevaliapolska.pl\/home\/wp-json\/wp\/v2\/pages\/96"}],"wp:attachment":[{"href":"https:\/\/gevaliapolska.pl\/home\/wp-json\/wp\/v2\/media?parent=794"}],"curies":[{"name":"wp","href":"https:\/\/api.w.org\/{rel}","templated":true}]}}